{"id":8578,"date":"2020-02-21T09:49:56","date_gmt":"2020-02-21T12:49:56","guid":{"rendered":"https:\/\/www.portaldeinocuidad.com\/web\/?page_id=8578"},"modified":"2022-06-08T00:01:48","modified_gmt":"2022-06-08T03:01:48","slug":"nicolas-monastiridis","status":"publish","type":"page","link":"https:\/\/www.portaldeinocuidad.com\/web\/nicolas-monastiridis\/","title":{"rendered":"Nicol\u00e1s Monastiridis"},"content":{"rendered":"\n<div class=\"wp-block-image is-style-rounded\"><figure class=\"alignleft size-full is-resized\"><img loading=\"lazy\" decoding=\"async\" src=\"https:\/\/www.portaldeinocuidad.com\/web\/wp-content\/uploads\/2022\/03\/nicolas-monastiridis-200x200-1.jpg\" alt=\"\" class=\"wp-image-18418\" width=\"150\" height=\"150\" srcset=\"https:\/\/www.portaldeinocuidad.com\/web\/wp-content\/uploads\/2022\/03\/nicolas-monastiridis-200x200-1.jpg 200w, https:\/\/www.portaldeinocuidad.com\/web\/wp-content\/uploads\/2022\/03\/nicolas-monastiridis-200x200-1-150x150.jpg 150w, https:\/\/www.portaldeinocuidad.com\/web\/wp-content\/uploads\/2022\/03\/nicolas-monastiridis-200x200-1-100x100.jpg 100w\" sizes=\"auto, (max-width: 150px) 100vw, 150px\" \/><\/figure><\/div>\n\n\n\n<p>Especialista en Marketing Digital. Periodista.<br>Cuenta con 12 a\u00f1os de experiencia potenciando digitalmente empresas de toda Am\u00e9rica Latina. <br>Es CEO y Founder de Unideas (<a href=\"https:\/\/www.unideasweb.com\/\" target=\"_blank\" rel=\"noreferrer noopener\">www.unideasweb.com<\/a>). <br>Docente y Asesor de diferentes estrategias digitales.<br>Apasionado de las palabras y en c\u00f3mo ellas se transmiten. <br>Tiene un largo recorrido dentro de la educaci\u00f3n y el perfeccionamiento profesional, ayudando a personas y empresas de toda la regi\u00f3n a superarse constantemente.<\/p>\n","protected":false},"excerpt":{"rendered":"<p>Especialista en Marketing Digital. Periodista.Cuenta con 12 a\u00f1os de experiencia potenciando digitalmente empresas de toda Am\u00e9rica Latina. Es CEO y Founder de Unideas (www.unideasweb.com). Docente y Asesor de diferentes estrategias digitales.Apasionado de las palabras y en c\u00f3mo ellas se transmiten. Tiene un largo recorrido dentro de la educaci\u00f3n y el perfeccionamiento profesional, ayudando a personas [&hellip;]<\/p>\n","protected":false},"author":1,"featured_media":19665,"parent":0,"menu_order":0,"comment_status":"closed","ping_status":"closed","template":"","meta":{"_genesis_hide_title":false,"_genesis_hide_breadcrumbs":false,"_genesis_hide_singular_image":false,"_genesis_hide_footer_widgets":false,"_genesis_custom_body_class":"","_genesis_custom_post_class":"","_genesis_layout":"full-width-content","footnotes":""},"class_list":{"0":"post-8578","1":"page","2":"type-page","3":"status-publish","4":"has-post-thumbnail","6":"entry"},"featured_image_src":"https:\/\/www.portaldeinocuidad.com\/web\/wp-content\/uploads\/2022\/06\/nosotros-600x400.jpg","featured_image_src_square":"https:\/\/www.portaldeinocuidad.com\/web\/wp-content\/uploads\/2022\/06\/nosotros-600x600.jpg","_links":{"self":[{"href":"https:\/\/www.portaldeinocuidad.com\/web\/wp-json\/wp\/v2\/pages\/8578","targetHints":{"allow":["GET"]}}],"collection":[{"href":"https:\/\/www.portaldeinocuidad.com\/web\/wp-json\/wp\/v2\/pages"}],"about":[{"href":"https:\/\/www.portaldeinocuidad.com\/web\/wp-json\/wp\/v2\/types\/page"}],"author":[{"embeddable":true,"href":"https:\/\/www.portaldeinocuidad.com\/web\/wp-json\/wp\/v2\/users\/1"}],"replies":[{"embeddable":true,"href":"https:\/\/www.portaldeinocuidad.com\/web\/wp-json\/wp\/v2\/comments?post=8578"}],"version-history":[{"count":8,"href":"https:\/\/www.portaldeinocuidad.com\/web\/wp-json\/wp\/v2\/pages\/8578\/revisions"}],"predecessor-version":[{"id":18529,"href":"https:\/\/www.portaldeinocuidad.com\/web\/wp-json\/wp\/v2\/pages\/8578\/revisions\/18529"}],"wp:featuredmedia":[{"embeddable":true,"href":"https:\/\/www.portaldeinocuidad.com\/web\/wp-json\/wp\/v2\/media\/19665"}],"wp:attachment":[{"href":"https:\/\/www.portaldeinocuidad.com\/web\/wp-json\/wp\/v2\/media?parent=8578"}],"curies":[{"name":"wp","href":"https:\/\/api.w.org\/{rel}","templated":true}]}}