{"id":7095,"date":"2019-12-18T13:19:18","date_gmt":"2019-12-18T16:19:18","guid":{"rendered":"https:\/\/www.portaldeinocuidad.com\/web\/?page_id=7095"},"modified":"2025-08-26T17:02:07","modified_gmt":"2025-08-26T20:02:07","slug":"mejora-de-procesos","status":"publish","type":"page","link":"https:\/\/www.portaldeinocuidad.com\/web\/mejora-de-procesos\/","title":{"rendered":"Mejora de Procesos"},"content":{"rendered":"\n<p>Ayudamos a mejorar, <strong>y mejoramos, todos los procesos organizacionales<\/strong>, basados en Kaizen y Cambio Cultural.<\/p>\n\n\n\n<p>Brindamos una soluci\u00f3n para los problemas organizacionales y luego de nuestra intervenci\u00f3n, dejamos en nuestros Clientes, Equipos y Procesos, un Sistema de Gesti\u00f3n para la Calidad , funcionando para la Mejora Continua. (SGOMC)<\/p>\n\n\n\n<p>Logramos Organizaciones orientadas a la mejora de los procesos, <strong>Organizaciones que logran resultados<\/strong>:<\/p>\n\n\n\n<ul class=\"wp-block-list\">\n<li> Baja de costos,<\/li>\n\n\n\n<li>Mejora de calidad, <\/li>\n\n\n\n<li>Mejora de seguridad,<\/li>\n\n\n\n<li> Incremento de productividad.<\/li>\n\n\n\n<li>Mejoras en la Gesti\u00f3n Comercial y Ventas.<\/li>\n<\/ul>\n\n\n\n<p>Trabajamos con nuestros Clientes, en sus procesos internos y externos, mejorando los v\u00ednculos y la cadena de abastecimiento.<\/p>\n\n\n\n<div style=\"height:30px\" aria-hidden=\"true\" class=\"wp-block-spacer\"><\/div>\n\n\n\n<p class=\"has-text-align-center\" style=\"font-size:24px\"><strong> Alianza Portal de Inocuidad&nbsp;+ Sabuqui Kaizen <\/strong><\/p>\n\n\n\n<p>Sabuqui-Kaizen cuenta con m\u00e1s de 30 a\u00f1os, logrando mejoras continuas, y mantenidas en el tiempo, en Organizaciones grandes, medianas y peque\u00f1as, en los sectores alimentario, log\u00edstico, de servicios y educativo, entre otros. Sus profesionales son altamente especializados y est\u00e1n certificados como Asesores en Tecnolog\u00edas de Gesti\u00f3n (INTI\/OAA).<\/p>\n\n\n\n<p class=\"has-medium-font-size\"><strong>Metodolog\u00eda de Trabajo<\/strong><\/p>\n\n\n\n<p>Iniciamos con un diagn\u00f3stico de la organizaci\u00f3n y sus procesos que sigue el enfoque de los <strong>Modelos de Excelencia<\/strong>, basados en el <strong>Premio Nacional a la Calidad<\/strong>, utilizando herramientas como <strong>5S, TPM, TPS y Lean<\/strong>, entre otras. Analizamos aspectos clave: <strong>procesos internos<\/strong>, <strong>objetivos, planificaci\u00f3n, recursos, estructura y m\u00e9todos.<\/strong><\/p>\n\n\n\n<p>Se entrega un informe claro, identificando fortalezas y oportunidades de mejora. A partir de este diagn\u00f3stico, establecemos un Plan de Acci\u00f3n con prioridades a corto plazo para obtener resultados inmediatos y estrategias a mediano plazo para garantizar la sostenibilidad de las mejoras.<\/p>\n\n\n\n<p>Proponemos distintos m\u00e9todos para el logro de resultados (Sistema de Gesti\u00f3n Integral, Objetivos y Brechas priorizadas con sus Tableros de Comando, 5s, TPS, Gesti\u00f3n Integral de Calidad, Autoevaluaciones con Modelos de Excelencia, etc.). Siempre el primer escal\u00f3n es la gente. Trabajar con las personas, capacitar, escuchar y hacer participar.&nbsp;<\/p>\n\n\n\n<p>En la escalera de la Mejora Continua, partimos de \u00abm\u00ednimos\u00bb como 5s, Inocuidad , Manejo de datos en planillas o bases de datos iniciales, y avanzamos hasta Modelos de Excelencia.&nbsp; Seg\u00fan el diagn\u00f3stico, las necesidades de la organizaci\u00f3n y su grado de madurez, iniciamos un Camino de Cambio hacia la Excelencia.<\/p>\n\n\n\n<p>Este <strong>Camino de Cambio,<\/strong> tiene como \u201cHoja de Ruta\u201d: Formaci\u00f3n de Equipos de Trabajo, Sistema de Liderazgo, Sistema de Fijaci\u00f3n de Objetivos y Brechas, Metodolog\u00eda de Administraci\u00f3n de Procesos (DIA Mejora), Tableros de Control, Propuestas de Mejora, Formaci\u00f3n de Facilitadores Internos.<\/p>\n\n\n\n<p class=\"has-medium-font-size\"><strong>En conjunto evaluamos su:<\/strong><\/p>\n\n\n\n<ul class=\"wp-block-list\">\n<li>Mapa de Procesos,<\/li>\n\n\n\n<li>Capacidad Productiva, &nbsp;<\/li>\n\n\n\n<li>Cadena de Abastecimiento,<\/li>\n\n\n\n<li>Estado de Recursos Humanos,<\/li>\n\n\n\n<li>Estado de Costos. Estrategias Comerciales,<\/li>\n\n\n\n<li>Estado de Inventarios, Resultados Econ\u00f3micos Financieros, etc..<\/li>\n<\/ul>\n\n\n\n<div class=\"wp-block-columns alignfull is-layout-flex wp-container-core-columns-is-layout-9d6595d7 wp-block-columns-is-layout-flex\">\n<div class=\"wp-block-column is-layout-flow wp-block-column-is-layout-flow\"><\/div>\n\n\n\n<div class=\"wp-block-column is-layout-flow wp-block-column-is-layout-flow\">\n<p class=\"has-text-align-center has-luminous-vivid-amber-background-color has-background\"><a href=\"https:\/\/docs.google.com\/forms\/d\/e\/1FAIpQLSflac_8vx7I9R6GGM-6zgQ-n5L-E5Fd_vXcuoib32xRa2Zv7w\/viewform?usp=sharing&amp;ouid=106238345330596153994\" target=\"_blank\" rel=\"noreferrer noopener\"><strong>REALICE AUTOEVALUACI\u00d3N SIN CARGO<\/strong><\/a><\/p>\n<\/div>\n\n\n\n<div class=\"wp-block-column is-layout-flow wp-block-column-is-layout-flow\"><\/div>\n<\/div>\n\n\n\n<p class=\"has-medium-font-size\"><strong>Los beneficios esperados son:<\/strong><\/p>\n\n\n\n<ul class=\"wp-block-list\">\n<li>econ\u00f3micos (ahorro de costos, disminuci\u00f3n de p\u00e9rdidas, fidelidad de Clientes, etc.),<\/li>\n\n\n\n<li>culturales (personas m\u00e1s comprometidas, midiendo y analizando sus tareas y proponiendo mejoras),<\/li>\n\n\n\n<li>medibles y<\/li>\n\n\n\n<li>cuantificables.&nbsp;<\/li>\n<\/ul>\n\n\n\n<p>Con nuestro acompa\u00f1amiento, estos logros se mantienen&nbsp;en el corto, mediano y largo plazo.<\/p>\n\n\n\n<div style=\"height:30px\" aria-hidden=\"true\" class=\"wp-block-spacer\"><\/div>\n\n\n\n<p class=\"has-text-align-center\" style=\"font-size:21px\"><strong>Algunos testimonios de Clientes satisfechos:<\/strong><\/p>\n\n\n\n<p><strong>Dulcor S.A.<\/strong><br>Diagn\u00f3stico, Capacitaci\u00f3n e Implementaci\u00f3n Metodolog\u00eda 5s.<br>Gesti\u00f3n con la Direcci\u00f3n, Trabajo en Equipo: Reuniones Efectivas.<\/p>\n\n\n\n<p><strong>Bioaromas Argentina S.A.<br><\/strong>Implementaci\u00f3n Sistema de Gesti\u00f3n de Calidad por Objetivos para la Mejora Continua.<br>Trabajo en Equipo: Reuniones Efectivas.<br>Facilitaci\u00f3n de Procesos.<br>Implementaci\u00f3n Kaizen.<\/p>\n\n\n\n<p><strong>Femsa Argentina S.A.<br><\/strong>Planta Monte Grande: Implementaci\u00f3n Metodolog\u00eda 5s.<br>Talleres de No Conformidades.<br>Calidad: Metodolog\u00eda de An\u00e1lisis de Quejas.<\/p>\n\n\n\n<p><strong>Molino Marimbo.<br><\/strong>Implementaci\u00f3n Metodolog\u00edas de Gesti\u00f3n, Nivel I PAC Kaizen.<\/p>\n\n\n\n<p><strong>Molino Ca\u00f1uelas S.A.<br><\/strong>Preparaci\u00f3n de material de capacitaci\u00f3n en Sistema de Gesti\u00f3n de Calidad. Entrega de Casos de aplicaci\u00f3n.<\/p>\n","protected":false},"excerpt":{"rendered":"<p>Ayudamos a mejorar, y mejoramos, todos los procesos organizacionales, basados en Kaizen y Cambio Cultural. Brindamos una soluci\u00f3n para los problemas organizacionales y luego de nuestra intervenci\u00f3n, dejamos en nuestros Clientes, Equipos y Procesos, un Sistema de Gesti\u00f3n para la Calidad , funcionando para la Mejora Continua. (SGOMC) Logramos Organizaciones orientadas a la mejora de [&hellip;]<\/p>\n","protected":false},"author":1,"featured_media":7106,"parent":0,"menu_order":0,"comment_status":"closed","ping_status":"closed","template":"","meta":{"_genesis_hide_title":false,"_genesis_hide_breadcrumbs":false,"_genesis_hide_singular_image":false,"_genesis_hide_footer_widgets":false,"_genesis_custom_body_class":"","_genesis_custom_post_class":"","_genesis_layout":"full-width-content","footnotes":""},"class_list":{"0":"post-7095","1":"page","2":"type-page","3":"status-publish","4":"has-post-thumbnail","6":"entry"},"featured_image_src":"https:\/\/www.portaldeinocuidad.com\/web\/wp-content\/uploads\/2019\/12\/mejora-continua.jpg","featured_image_src_square":"https:\/\/www.portaldeinocuidad.com\/web\/wp-content\/uploads\/2019\/12\/mejora-continua.jpg","_links":{"self":[{"href":"https:\/\/www.portaldeinocuidad.com\/web\/wp-json\/wp\/v2\/pages\/7095","targetHints":{"allow":["GET"]}}],"collection":[{"href":"https:\/\/www.portaldeinocuidad.com\/web\/wp-json\/wp\/v2\/pages"}],"about":[{"href":"https:\/\/www.portaldeinocuidad.com\/web\/wp-json\/wp\/v2\/types\/page"}],"author":[{"embeddable":true,"href":"https:\/\/www.portaldeinocuidad.com\/web\/wp-json\/wp\/v2\/users\/1"}],"replies":[{"embeddable":true,"href":"https:\/\/www.portaldeinocuidad.com\/web\/wp-json\/wp\/v2\/comments?post=7095"}],"version-history":[{"count":69,"href":"https:\/\/www.portaldeinocuidad.com\/web\/wp-json\/wp\/v2\/pages\/7095\/revisions"}],"predecessor-version":[{"id":29993,"href":"https:\/\/www.portaldeinocuidad.com\/web\/wp-json\/wp\/v2\/pages\/7095\/revisions\/29993"}],"wp:featuredmedia":[{"embeddable":true,"href":"https:\/\/www.portaldeinocuidad.com\/web\/wp-json\/wp\/v2\/media\/7106"}],"wp:attachment":[{"href":"https:\/\/www.portaldeinocuidad.com\/web\/wp-json\/wp\/v2\/media?parent=7095"}],"curies":[{"name":"wp","href":"https:\/\/api.w.org\/{rel}","templated":true}]}}