{"id":5693,"date":"2019-09-24T14:16:37","date_gmt":"2019-09-24T17:16:37","guid":{"rendered":"https:\/\/www.portaldeinocuidad.com\/web\/?page_id=5693"},"modified":"2025-05-16T12:39:19","modified_gmt":"2025-05-16T15:39:19","slug":"libro-gestion-integral-de-plagas","status":"publish","type":"page","link":"https:\/\/www.portaldeinocuidad.com\/web\/libro-gestion-integral-de-plagas\/","title":{"rendered":"Ebook \u00abGesti\u00f3n Integral de Plagas\u00bb"},"content":{"rendered":"\n<div class=\"wp-block-columns has-2-columns is-layout-flex wp-container-core-columns-is-layout-9d6595d7 wp-block-columns-is-layout-flex\">\n<div class=\"wp-block-column is-layout-flow wp-block-column-is-layout-flow\"><div class=\"wp-block-image\">\n<figure class=\"alignleft\"><img loading=\"lazy\" decoding=\"async\" width=\"795\" height=\"800\" src=\"https:\/\/www.portaldeinocuidad.com\/web\/wp-content\/uploads\/2019\/09\/libro-gestion-integral-de-plagas-por-ricardo-ferrario.jpg\" alt=\"&quot;Gesti\u00f3n Integral de Plagas, El Futuro&quot;, por Ricardo Ferrario.\" class=\"wp-image-5705\" srcset=\"https:\/\/www.portaldeinocuidad.com\/web\/wp-content\/uploads\/2019\/09\/libro-gestion-integral-de-plagas-por-ricardo-ferrario.jpg 795w, https:\/\/www.portaldeinocuidad.com\/web\/wp-content\/uploads\/2019\/09\/libro-gestion-integral-de-plagas-por-ricardo-ferrario-150x150.jpg 150w, https:\/\/www.portaldeinocuidad.com\/web\/wp-content\/uploads\/2019\/09\/libro-gestion-integral-de-plagas-por-ricardo-ferrario-298x300.jpg 298w, https:\/\/www.portaldeinocuidad.com\/web\/wp-content\/uploads\/2019\/09\/libro-gestion-integral-de-plagas-por-ricardo-ferrario-768x773.jpg 768w, https:\/\/www.portaldeinocuidad.com\/web\/wp-content\/uploads\/2019\/09\/libro-gestion-integral-de-plagas-por-ricardo-ferrario-100x100.jpg 100w, https:\/\/www.portaldeinocuidad.com\/web\/wp-content\/uploads\/2019\/09\/libro-gestion-integral-de-plagas-por-ricardo-ferrario-640x644.jpg 640w\" sizes=\"auto, (max-width: 795px) 100vw, 795px\" \/><\/figure>\n<\/div><\/div>\n\n\n\n<div class=\"wp-block-column is-layout-flow wp-block-column-is-layout-flow\">\n<div style=\"height:25px\" aria-hidden=\"true\" class=\"wp-block-spacer\"><\/div>\n\n\n\n<h2 class=\"wp-block-heading\" style=\"font-size:22px\">GESTI\u00d3N INTEGRAL DE PLAGAS<br><em>El Futuro en Tus Manos<\/em><\/h2>\n\n\n\n<p class=\"has-medium-font-size\"><strong>Por Ricardo Ferrario<\/strong><\/p>\n\n\n\n<p class=\"has-medium-font-size\">Es el primer libro a nivel mundial en reunir la informaci\u00f3n m\u00e1s importante del control de plagas abocada a todos los eslabones de la cadena agroalimentaria (Food Chain).  <\/p>\n\n\n\n<p class=\"has-medium-font-size\">Una obra interactiva dirigida especialmente a responsables de calidad de plantas de alimentos. <\/p>\n<\/div>\n<\/div>\n\n\n\n<div style=\"height:35px\" aria-hidden=\"true\" class=\"wp-block-spacer\"><\/div>\n\n\n\n<h3 class=\"wp-block-heading has-text-align-left has-medium-font-size\">PALABRAS DEL AUTOR<\/h3>\n\n\n<div class=\"wp-block-image\">\n<figure class=\"alignright\"><img loading=\"lazy\" decoding=\"async\" width=\"300\" height=\"300\" src=\"https:\/\/www.portaldeinocuidad.com\/web\/wp-content\/uploads\/2019\/09\/ricardo-ferrario-trabajando-e1569339449284.jpg\" alt=\"Ricardo trabajando en un ensayo de laboratorio y determinaci\u00f3n de sithophilus en fideos. \" class=\"wp-image-5737\"\/><figcaption class=\"wp-element-caption\"> Ricardo trabajando en un ensayo de laboratorio y determinaci\u00f3n de sithophilus en fideos.  <\/figcaption><\/figure>\n<\/div>\n\n\n<p class=\"has-background\" style=\"background-color:#f2f2f2\"><em>\u00abLa presente obra describe gran parte de mi experiencia y los conocimientos adquiridos a lo largo de m\u00e1s de treinta y cinco a\u00f1os en temas relacionados  con el ya antiguo concepto de manejo integrado de plagas, hoy denominado gesti\u00f3n integral de plagas.  <\/em><br><br><em>La gesti\u00f3n integral de plagas es el nuevo concepto de trabajo que conjuga el an\u00e1lisis de la situaci\u00f3n, a modo de lograr el mejor resultado en el control o manejo de plagas, con el menor impacto ambiental posible. <\/em> <br><br><em>Tambi\u00e9n me es muy grato presentar los primeros elementos de monitoreo en forma sistematizada mediante tecnolog\u00eda IoT, desarrollados totalmente por ingenieros especialistas de nuestra empresa, los cuales est\u00e1n enlazados en forma autom\u00e1tica con una plataforma de gesti\u00f3n online. <\/em> <br><br><em>Entiendo que este libro es una clara expresi\u00f3n de las nuevas tendencias en la actividad, \u00fatil para todo aquel que est\u00e9 ligado al mundo de la gesti\u00f3n integral de plagas y a quien deseo que pueda servirle de ayuda para tener el futuro en tus manos\u00bb. <\/em><br><br> <strong>Ricardo Ferrario.<\/strong> <\/p>\n\n\n\n<div style=\"height:30px\" aria-hidden=\"true\" class=\"wp-block-spacer\"><\/div>\n\n\n\n<div class=\"wp-block-columns is-layout-flex wp-container-core-columns-is-layout-9d6595d7 wp-block-columns-is-layout-flex\">\n<div class=\"wp-block-column is-layout-flow wp-block-column-is-layout-flow\" style=\"flex-basis:66.66%\">\n<iframe loading=\"lazy\" width=\"560\" height=\"315\" src=\"https:\/\/www.youtube.com\/embed\/4ZfhSd7SUnI\" frameborder=\"0\" allow=\"accelerometer; autoplay; encrypted-media; gyroscope; picture-in-picture\" allowfullscreen=\"\"><\/iframe>\n<\/div>\n\n\n\n<div class=\"wp-block-column is-layout-flow wp-block-column-is-layout-flow\" style=\"flex-basis:33.33%\">\n<h6 class=\"wp-block-heading\">Entrevista<\/h6>\n\n\n\n<p class=\"has-medium-font-size\">Guillermo Andino entrevista a Ricardo Ferrario por la proliferaci\u00f3n de roedores que hay en <br>Buenos Aires.<br>Am\u00e9ricaTV.<br>(abril\/2020)<\/p>\n<\/div>\n<\/div>\n\n\n\n<div style=\"height:30px\" aria-hidden=\"true\" class=\"wp-block-spacer\"><\/div>\n\n\n\n<h6 class=\"wp-block-heading\">\u00cdNDICE RESUMIDO<\/h6>\n\n\n\n<ul class=\"wp-block-list\">\n<li>Agradecimientos.<\/li>\n\n\n\n<li> Pr\u00f3logo.<\/li>\n\n\n\n<li> Introducci\u00f3n.<\/li>\n\n\n\n<li> Cap\u00edtulo 1. Generalidades del manejo integrado de plagas.<\/li>\n\n\n\n<li> Cap\u00edtulo 2. Base del plan de manejo integrado de plagas.<\/li>\n\n\n\n<li> Cap\u00edtulo 3. Requisitos o interacci\u00f3n que deben cumplir las empresas de control de plagas con las industrias.<\/li>\n\n\n\n<li> Cap\u00edtulo 4. Dise\u00f1o e implementaci\u00f3n de programas MIP.<\/li>\n\n\n\n<li> Cap\u00edtulo 5. Plan espec\u00edfico para el manejo de roedores.<\/li>\n\n\n\n<li> Cap\u00edtulo 6. Plan espec\u00edfico para el manejo de insectos voladores.<\/li>\n\n\n\n<li> Cap\u00edtulo 7. Plan espec\u00edfico para el manejo de insectos rastreros.<\/li>\n\n\n\n<li> Cap\u00edtulo 8. Plan espec\u00edfico para el manejo de aves.<\/li>\n\n\n\n<li> Cap\u00edtulo 9. Plan espec\u00edfico para el manejo de plagas de productos almacenados.<\/li>\n\n\n\n<li> Cap\u00edtulo 10. Plan espec\u00edfico para el manejo de animales dom\u00e9sticos.<\/li>\n\n\n\n<li> Cap\u00edtulo 11. Plan espec\u00edfico para el control de gesti\u00f3n.<\/li>\n\n\n\n<li> Conclusi\u00f3n final.<\/li>\n<\/ul>\n\n\n\n<h4 class=\"wp-block-heading\">BIOGRAF\u00cdA<\/h4>\n\n\n<div class=\"wp-block-image\">\n<figure class=\"alignleft\"><img loading=\"lazy\" decoding=\"async\" width=\"300\" height=\"222\" src=\"https:\/\/www.portaldeinocuidad.com\/web\/wp-content\/uploads\/2019\/09\/ricardo-ferrario-bio.jpg\" alt=\"Ricardo Ferrario, el autor de &quot;Gesti\u00f3n Integral de Plagas&quot;.\" class=\"wp-image-5761\"\/><\/figure>\n<\/div>\n\n\n<p>T\u00e9cnico Qu\u00edmico.<br>Especialista en MIP en la Industria Alimentaria.<br>Socio Gerente de Clean City desde el a\u00f1o 1997.<br>Trabaj\u00f3 en el manual de MIP desarrollado por la Secretar\u00eda de Agricultura, Ganader\u00eda, Pesca y Alimentos dentro del Programa Calidad de los Alimentos Argentinos.<br>Docente en la carrera de Post grado de la Ceica de la UCA.<br>Docente en la carrera de Post grado de la EMIP de la Universidad de Mor\u00f3n.<br>Ha dictado numerosos cursos de capacitaci\u00f3n en el tema MIP para laboratorios como Bayer, Chemotecnica y Anasac en Argentina, Chile y Uruguay.<br>Es titular del Portal Infoplagas.com, primer portal de habla hispana referido al tema MIP en Argentina.<br>Ha desarrollado el primer sistema de control de gesti\u00f3n On Line para servicios de MIP en Argentina.<br>Recibi\u00f3 capacitaci\u00f3n de los programas y auditor\u00edas de MIP en Argentina y Estados Unidos por parte de la NPMA y AIB Internacional. <br>Docente del <a rel=\"noreferrer noopener\" aria-label=\"Curso Online &quot;Las Plagas y su Manejo Integrado (MIP) \u2013 Control de plagas&quot; (abre en una nueva pesta\u00f1a)\" href=\"https:\/\/www.portaldeinocuidad.com\/web\/plagas\/\" target=\"_blank\" class=\"aioseop-link\"><strong>Curso Online \u00abLas Plagas y su Manejo Integrado (MIP) \u2013 Control de plagas\u00bb<\/strong><\/a><strong>.<\/strong><\/p>\n\n\n\n<div style=\"height:25px\" aria-hidden=\"true\" class=\"wp-block-spacer\"><\/div>\n\n\n\n<p class=\"has-text-align-center has-luminous-vivid-amber-background-color has-background has-medium-font-size\">\u00a1Adquiera esta obra para conocer las nuevas tendencias en la gesti\u00f3n integral de plagas!<\/p>\n\n\n\n<div style=\"height:25px\" aria-hidden=\"true\" class=\"wp-block-spacer\"><\/div>\n\n\n\n<p class=\"has-text-align-center has-background has-medium-font-size\" style=\"background-color:#e4f2fa\"><strong><strong>Con la compra del pack completo (los dos libros), se accede sin costo adicional a\u00a0<strong>una entrevista de 1 hora de orientaci\u00f3n personalizada<\/strong>\u00a0con los autores:<\/strong>\u00a0<\/strong><br><strong><a href=\"https:\/\/www.portaldeinocuidad.com\/web\/libro-gestion-integral-de-plagas\/\" target=\"_blank\" rel=\"noreferrer noopener\">\u00abGesti\u00f3n Integral de Plagas\u00bb<\/a>\u00a0y\u00a0<a href=\"https:\/\/www.portaldeinocuidad.com\/web\/libro-guardianes-del-grano\/\" target=\"_blank\" rel=\"noreferrer noopener\">\u00abGuardianes del Grano\u00bb<\/a><\/strong><\/p>\n\n\n\n<p class=\"has-medium-font-size\"><strong>INVERSI\u00d3N<\/strong><\/p>\n\n\n\n<ul class=\"wp-block-list\">\n<li>u$s 50.-<\/li>\n<\/ul>\n\n\n\n<p class=\"has-medium-font-size\"><strong>MEDIOS DE PAGO<\/strong><\/p>\n\n\n\n<p><strong>Pago en d\u00f3lares<\/strong><br><strong>Tarjeta de cr\u00e9dito via PayPal<\/strong>. <br>u$s 50. <strong><a href=\"https:\/\/www.paypal.com\/cgi-bin\/webscr?cmd=_s-xclick&amp;hosted_button_id=A9XPF9F5L97LQ\" target=\"_blank\" rel=\"noreferrer noopener\">Para abonar click aqu\u00ed<\/a><\/strong><\/p>\n\n\n\n<h4 class=\"wp-block-heading\">Pasos para comprar el libro:<\/h4>\n\n\n\n<ol class=\"wp-block-list\">\n<li>Completar el siguiente formulario.<\/li>\n\n\n\n<li>Abonar el libro.<\/li>\n\n\n\n<li>Enviar su comprobante de pago a contacto@portaldeinocuidad.com.<\/li>\n<\/ol>\n\n\n\n<p><strong>Por favor, complete el siguiente formulario para comprar:<\/strong><\/p>\n\n\n\n<div style=\"height:30px\" aria-hidden=\"true\" class=\"wp-block-spacer\"><\/div>\n\n\n\n<!-- Note : - You can modify the font style and form style to suit your website. - Code lines with comments Do not remove this code are required for the form to work properly, make sure that you do not remove these lines of code. - The Mandatory check script can modified as to suit your business needs. - It is important that you test the modified form before going live.--> <div id='crmWebToEntityForm' class='zcwf_lblLeft crmWebToEntityForm' style='background-color: white;color: black;max-width: 900px;'> <meta name='viewport' content='width=device-width, initial-scale=1.0'> <META HTTP-EQUIV ='content-type' CONTENT='text\/html;charset=UTF-8'> <script src='https:\/\/www.google.com\/recaptcha\/api.js' async defer><\/script> <form id='webform5317186000000941147' action='https:\/\/crm.zoho.com\/crm\/WebToLeadForm' name=WebToLeads5317186000000941147 method='POST' onSubmit='javascript:document.charset=\"UTF-8\"; return checkMandatory5317186000000941147()' accept-charset='UTF-8'> <input type='text' style='display:none;' name='xnQsjsdp' value='f792ae3185dcec6c98ce438cc90555ed3b234c5428da5608230de56d039cdf9b'><\/input> <input type='hidden' name='zc_gad' id='zc_gad' value=''><\/input> <input type='text' style='display:none;' name='xmIwtLD' value='c3ec2536f322cfab0cfb5c3720b44812b1e965889282f209091cd529f13cb13a8157a039580c0cade6966569c8d53fbd'><\/input> <input type='text' style='display:none;' name='actionType' value='TGVhZHM='><\/input> <input type='text' style='display:none;' name='returnURL' value='https&#x3a;&#x2f;&#x2f;www.portaldeinocuidad.com' > <\/input> <!-- Do not remove this code. --> <input type='text' style='display:none;' id='ldeskuid' name='ldeskuid'><\/input> <input type='text' style='display:none;' id='LDTuvid' name='LDTuvid'><\/input> <!-- Do not remove this code. --> <style> html,body{ margin: 0px; } .formsubmit.zcwf_button{ color: white !important; background: transparent linear-gradient(0deg, #0279FF 0%, #00A3F3 100%); } #crmWebToEntityForm.zcwf_lblLeft { width:100%; padding: 25px; margin: 0 auto; box-sizing: border-box; } #crmWebToEntityForm.zcwf_lblLeft * { box-sizing: border-box; } #crmWebToEntityForm{text-align: left;} #crmWebToEntityForm * { direction: ltr; } .zcwf_lblLeft .zcwf_title { word-wrap: break-word; padding: 0px 6px 10px; font-weight:bold }.zcwf_lblLeft.cpT_primaryBtn:hover{ background: linear-gradient(#02acff 0,#006be4 100%) no-repeat padding-box !important; box-shadow: 0 -2px 0 0 #0159b9 inset !important; border: 0 !important; color: #fff !important; outline: 0 !important; }.zcwf_lblLeft .zcwf_col_fld input[type=text], input[type=password], .zcwf_lblLeft .zcwf_col_fld textarea { width: 60%; border: 1px solid #c0c6cc !important; resize: vertical; border-radius: 2px; float: left; } .zcwf_lblLeft .zcwf_col_lab { width: 30%; word-break: break-word; padding: 0px 6px 0px; margin-right: 10px; margin-top: 5px; float: left; min-height: 1px; } .zcwf_lblLeft .zcwf_col_fld { float: left; width: 68%; padding: 0px 6px 0px; position: relative; margin-top: 5px; } .zcwf_lblLeft .zcwf_privacy{padding: 6px;} .zcwf_lblLeft .wfrm_fld_dpNn{display: none;} .dIB{display: inline-block;} .zcwf_lblLeft .zcwf_col_fld_slt { width: 60%; border: 1px solid #ccc; background: #fff; border-radius: 4px; font-size: 14px; float: left; resize: vertical; padding: 2px 5px; } .zcwf_lblLeft .zcwf_row:after, .zcwf_lblLeft .zcwf_col_fld:after { content: ''; display: table; clear: both; } .zcwf_lblLeft .zcwf_col_help { float: left; margin-left: 7px; font-size: 14px; max-width: 35%; word-break: break-word; } .zcwf_lblLeft .zcwf_help_icon { cursor: pointer; width: 16px; height: 16px; display: inline-block; background: #fff; border: 1px solid #c0c6cc; color: #c1c1c1; text-align: center; font-size: 11px; line-height: 16px; font-weight: bold; border-radius: 50%; } .zcwf_lblLeft .zcwf_row {margin: 15px 0px;} .zcwf_lblLeft .formsubmit { margin-right: 5px; cursor: pointer; color: #313949; font-size: 14px; } .zcwf_lblLeft .zcwf_privacy_txt { width: 90%; color: rgb(0, 0, 0); font-size: 14px; font-family: Verdana; display: inline-block; vertical-align: top; color: #313949; padding-top: 2px; margin-left: 6px; } .zcwf_lblLeft .zcwf_button { font-size: 14px; color: #313949; border: 1px solid #c0c6cc; padding: 3px 9px; border-radius: 4px; cursor: pointer; max-width: 120px; overflow: hidden; text-overflow: ellipsis; white-space: nowrap; } .zcwf_lblLeft .zcwf_tooltip_over{ position: relative; } .zcwf_lblLeft .zcwf_tooltip_ctn{ position: absolute; background: #dedede; padding: 3px 6px; top: 3px; border-radius: 4px;word-break: break-word; min-width: 100px; max-width: 150px; color: #313949; z-index: 100; } .zcwf_lblLeft .zcwf_ckbox{ float: left; } .zcwf_lblLeft .zcwf_file{ width: 55%; box-sizing: border-box; float: left; } .cBoth:after{ content:''; display: block; clear: both; } @media all and (max-width: 900px) { .zcwf_lblLeft .zcwf_col_lab, .zcwf_lblLeft .zcwf_col_fld { width: auto; float: none !important; } .zcwf_lblLeft .zcwf_col_help {width: 40%;} } <\/style> <div class='zcwf_title' style='max-width: 900px;color: black; font-family:Verdana;'>Libro Gesti&oacute;n integral de plagas<\/div><div class='zcwf_row'><div class='zcwf_col_lab' style='font-size:14px; font-family: Verdana;'><label for='First_Name'>Nombre<span style='color:red;'>*<\/span><\/label><\/div><div class='zcwf_col_fld'><input type='text' id='First_Name' aria-required='true' aria-label='First Name' name='First Name' aria-valuemax='40' maxlength='40'><\/input><div class='zcwf_col_help'><\/div><\/div><\/div><div class='zcwf_row'><div class='zcwf_col_lab' style='font-size:14px; font-family: Verdana;'><label for='Last_Name'>Apellidos<span style='color:red;'>*<\/span><\/label><\/div><div class='zcwf_col_fld'><input type='text' id='Last_Name' aria-required='true' aria-label='Last Name' name='Last Name' aria-valuemax='80' maxlength='80'><\/input><div class='zcwf_col_help'><\/div><\/div><\/div><div class='zcwf_row'><div class='zcwf_col_lab' style='font-size:14px; font-family: Verdana;'><label for='Email'>Correo electr\u00f3nico<span style='color:red;'>*<\/span><\/label><\/div><div class='zcwf_col_fld'><input type='text' ftype='email' autocomplete='false' id='Email' aria-required='true' aria-label='Email' name='Email' aria-valuemax='100' crmlabel='' maxlength='100'><\/input><div class='zcwf_col_help'><\/div><\/div><\/div><div class='zcwf_row'><div class='zcwf_col_lab' style='font-size:14px; font-family: Verdana;'><label for='Company'>Empresa<span style='color:red;'>*<\/span><\/label><\/div><div class='zcwf_col_fld'><input type='text' id='Company' aria-required='true' aria-label='Company' name='Company' aria-valuemax='200' maxlength='200'><\/input><div class='zcwf_col_help'><\/div><\/div><\/div><div class='zcwf_row'><div class='zcwf_col_lab' style='font-size:14px; font-family: Verdana;'><label for='Mobile'>M&oacute;vil &#x28;por favor, incluir prefijos&#x29;<\/label><\/div><div class='zcwf_col_fld'><input type='text' id='Mobile' aria-required='false' aria-label='Mobile' name='Mobile' aria-valuemax='30' maxlength='30'><\/input><div class='zcwf_col_help'><\/div><\/div><\/div><div class='zcwf_row'><div class='zcwf_col_lab' style='font-size:14px; font-family: Verdana;'><label for='Phone'>Tel&eacute;fono &#x28;por favor, incluir prefijos&#x29;<\/label><\/div><div class='zcwf_col_fld'><input type='text' id='Phone' aria-required='false' aria-label='Phone' name='Phone' aria-valuemax='30' maxlength='30'><\/input><div class='zcwf_col_help'><\/div><\/div><\/div><div class='zcwf_row'><div class='zcwf_col_lab' style='font-size:14px; font-family: Verdana;'><label for='Description'>Mensaje<\/label><\/div><div class='zcwf_col_fld'><textarea style='font-family: Arial, sans-serif;' aria-multiline='true' id='Description' aria-required='false' aria-label='Description' name='Description'><\/textarea><div class='zcwf_col_help'><\/div><\/div><\/div><div class='zcwf_row'> <div class='zcwf_col_lab'><\/div><div class='zcwf_col_fld'><div class='g-recaptcha' data-sitekey='6LcsKz0gAAAAAFxhsuqhYElkTmvgJiGf6mHTbF8w' data-theme='light' data-callback='rccallback5317186000000941147' captcha-verified='false' id='recap5317186000000941147'><\/div><div id='recapErr5317186000000941147' style='font-size:12px;color:red;visibility:hidden;'>Error en validaci\u00f3n de Captcha. Si no es un robot, int\u00e9ntelo de nuevo.<\/div><\/div><\/div><div class='zcwf_row'><div class='zcwf_col_lab'><\/div><div class='zcwf_col_fld'><input type='submit' id='formsubmit' role='button' class='formsubmit zcwf_button' value='Enviar' aria-label='Enviar' title='Enviar'><input type='reset' class='zcwf_button' role='button' name='reset' value='Restablecer' aria-label='Restablecer' title='Restablecer'><\/div><\/div> <script> \/* Do not remove this code. *\/ function rccallback5317186000000941147() { if(document.getElementById('recap5317186000000941147')!=undefined){ document.getElementById('recap5317186000000941147').setAttribute('captcha-verified',true); } if(document.getElementById('recapErr5317186000000941147')!=undefined && document.getElementById('recapErr5317186000000941147').style.visibility == 'visible' ){ document.getElementById('recapErr5317186000000941147').style.visibility='hidden'; } } function reCaptchaAlert5317186000000941147() { var recap = document.getElementById('recap5317186000000941147'); if( recap !=undefined && recap.getAttribute('captcha-verified') == 'false') { document.getElementById('recapErr5317186000000941147').style.visibility='visible'; return false; } return true; } function validateEmail5317186000000941147() { var form = document.forms['WebToLeads5317186000000941147']; var emailFld = form.querySelectorAll('[ftype=email]'); var i; for (i = 0; i < emailFld.length; i++) { var emailVal = emailFld[i].value; if((emailVal.replace(\/^\\s+|\\s+$\/g, '')).length!=0 ) { var atpos=emailVal.indexOf('@'); var dotpos=emailVal.lastIndexOf('.'); if (atpos<1 || dotpos<atpos+2 || dotpos+2>=emailVal.length) { alert('Introduzca una direcci\u00f3n de correo electr\u00f3nico v\u00e1lida. '); emailFld[i].focus(); return false; } } } return true; } function checkMandatory5317186000000941147() { var mndFileds = new Array('Company','First Name','Last Name','Email'); var fldLangVal = new Array('Empresa','Nombre','Apellidos','Correo\\x20electr\\xF3nico'); for(i=0;i<mndFileds.length;i++) { var fieldObj=document.forms['WebToLeads5317186000000941147'][mndFileds[i]]; if(fieldObj) { if (((fieldObj.value).replace(\/^\\s+|\\s+$\/g, '')).length==0) { if(fieldObj.type =='file') { alert('Seleccione un archivo para cargar.'); fieldObj.focus(); return false; } alert(fldLangVal[i] +' no puede estar vac\u00edo.'); fieldObj.focus(); return false; } else if(fieldObj.nodeName=='SELECT') { if(fieldObj.options[fieldObj.selectedIndex].value=='-None-') { alert(fldLangVal[i] +' no puede ser nulo.'); fieldObj.focus(); return false; } } else if(fieldObj.type =='checkbox'){ if(fieldObj.checked == false){ alert('Please accept '+fldLangVal[i]); fieldObj.focus(); return false; } } try { if(fieldObj.name == 'Last Name') { name = fieldObj.value; } } catch (e) {} } } trackVisitor5317186000000941147(); if(!validateEmail5317186000000941147()){return false;} if(!reCaptchaAlert5317186000000941147()){return false;} var urlparams = new URLSearchParams( window.location.search); if(urlparams.has('service') &#038;&#038; (urlparams.get('service')==='smarturl')){ var webform = document.getElementById('webform5317186000000941147'); var service = urlparams.get('service'); var smarturlfield = document.createElement('input'); smarturlfield.setAttribute('type','hidden'); smarturlfield.setAttribute('value',service); smarturlfield.setAttribute('name','service'); webform.appendChild(smarturlfield); } document.querySelector('.crmWebToEntityForm .formsubmit').setAttribute('disabled', true); } function tooltipShow5317186000000941147(el){ var tooltip = el.nextElementSibling; var tooltipDisplay = tooltip.style.display; if(tooltipDisplay == 'none'){ var allTooltip = document.getElementsByClassName('zcwf_tooltip_over'); for(i=0; i<allTooltip.length; i++){ allTooltip[i].style.display='none'; } tooltip.style.display = 'block'; }else{ tooltip.style.display='none'; } } <\/script><script type='text\/javascript' id='VisitorTracking'>var $zoho= $zoho || {};$zoho.salesiq = $zoho.salesiq || {widgetcode:'siqa9d8f7eddf60602ac126a53b1f83d39df41b3b5fbeb24eff8e699b40cb30447f', values:{},ready:function(){}};var d=document;s=d.createElement('script');s.type='text\/javascript';s.id='zsiqscript';s.defer=true;s.src='https:\/\/salesiq.zoho.com\/widget';t=d.getElementsByTagName('script')[0];t.parentNode.insertBefore(s,t);function trackVisitor5317186000000941147(){try{if($zoho){var LDTuvidObj = document.forms['WebToLeads5317186000000941147']['LDTuvid'];if(LDTuvidObj){LDTuvidObj.value = $zoho.salesiq.visitor.uniqueid();}var firstnameObj = document.forms['WebToLeads5317186000000941147']['First Name'];if(firstnameObj){name = firstnameObj.value +' '+name;}$zoho.salesiq.visitor.name(name);var emailObj = document.forms['WebToLeads5317186000000941147']['Email'];if(emailObj){email = emailObj.value;$zoho.salesiq.visitor.email(email);}}} catch(e){}}<\/script> <!-- Do not remove this --- Analytics Tracking code starts --><script id='wf_anal' src='https:\/\/crm.zohopublic.com\/crm\/WebFormAnalyticsServeServlet?rid=d7e3c006b3e79d767e25b25e40d90a92271857d1be13c8d5a2968634f54ee02a5509101543fd44816f98fe35ed21db67gidf92782c23d8696601b9ef86d7e1488a666d98f9caaee342c4b2366e978ed10acgidcc34cd785fc1ff8d1b9fdf8a7f0c771712617bb6556a8f3ca0df89ae639dbeb0gid057ff8b1f1173fc8ba0f68cb5ada6209f7ebabafd9bfca933f368d3aef816f37&#038;tw=d1ca1485354a2dc70da33d7467c83dfd4b4bcd69ed7dbc697f02248286f05361'><\/script><!-- Do not remove this --- Analytics Tracking code ends. --><\/form> <\/div>\n","protected":false},"excerpt":{"rendered":"<p>GESTI\u00d3N INTEGRAL DE PLAGASEl Futuro en Tus Manos Por Ricardo Ferrario Es el primer libro a nivel mundial en reunir la informaci\u00f3n m\u00e1s importante del control de plagas abocada a todos los eslabones de la cadena agroalimentaria (Food Chain). Una obra interactiva dirigida especialmente a responsables de calidad de plantas de alimentos. PALABRAS DEL AUTOR [&hellip;]<\/p>\n","protected":false},"author":1,"featured_media":5716,"parent":0,"menu_order":0,"comment_status":"closed","ping_status":"closed","template":"","meta":{"_genesis_hide_title":false,"_genesis_hide_breadcrumbs":false,"_genesis_hide_singular_image":false,"_genesis_hide_footer_widgets":false,"_genesis_custom_body_class":"","_genesis_custom_post_class":"","_genesis_layout":"full-width-content","footnotes":""},"class_list":{"0":"post-5693","1":"page","2":"type-page","3":"status-publish","4":"has-post-thumbnail","6":"entry"},"featured_image_src":"https:\/\/www.portaldeinocuidad.com\/web\/wp-content\/uploads\/2019\/09\/libro-gestion-integral-de-plagas-ricardo-ferrario.jpg","featured_image_src_square":"https:\/\/www.portaldeinocuidad.com\/web\/wp-content\/uploads\/2019\/09\/libro-gestion-integral-de-plagas-ricardo-ferrario.jpg","_links":{"self":[{"href":"https:\/\/www.portaldeinocuidad.com\/web\/wp-json\/wp\/v2\/pages\/5693","targetHints":{"allow":["GET"]}}],"collection":[{"href":"https:\/\/www.portaldeinocuidad.com\/web\/wp-json\/wp\/v2\/pages"}],"about":[{"href":"https:\/\/www.portaldeinocuidad.com\/web\/wp-json\/wp\/v2\/types\/page"}],"author":[{"embeddable":true,"href":"https:\/\/www.portaldeinocuidad.com\/web\/wp-json\/wp\/v2\/users\/1"}],"replies":[{"embeddable":true,"href":"https:\/\/www.portaldeinocuidad.com\/web\/wp-json\/wp\/v2\/comments?post=5693"}],"version-history":[{"count":151,"href":"https:\/\/www.portaldeinocuidad.com\/web\/wp-json\/wp\/v2\/pages\/5693\/revisions"}],"predecessor-version":[{"id":29325,"href":"https:\/\/www.portaldeinocuidad.com\/web\/wp-json\/wp\/v2\/pages\/5693\/revisions\/29325"}],"wp:featuredmedia":[{"embeddable":true,"href":"https:\/\/www.portaldeinocuidad.com\/web\/wp-json\/wp\/v2\/media\/5716"}],"wp:attachment":[{"href":"https:\/\/www.portaldeinocuidad.com\/web\/wp-json\/wp\/v2\/media?parent=5693"}],"curies":[{"name":"wp","href":"https:\/\/api.w.org\/{rel}","templated":true}]}}