{"id":5532,"date":"2019-09-18T09:53:44","date_gmt":"2019-09-18T12:53:44","guid":{"rendered":"https:\/\/www.portaldeinocuidad.com\/web\/?page_id=5532"},"modified":"2019-11-01T14:05:49","modified_gmt":"2019-11-01T17:05:49","slug":"congreso-alimentario","status":"publish","type":"page","link":"https:\/\/www.portaldeinocuidad.com\/web\/congreso-alimentario\/","title":{"rendered":"1\u00b0 Congreso Alimentario -Ecuador [livestreaming]"},"content":{"rendered":"\n<p style=\"background-color:#e06262;text-align:center\" class=\"has-text-color has-background has-medium-font-size has-very-light-gray-color\"><strong>ESTE EVENTO HA FINALIZADO<\/strong><br>[Consultas: congreso@alitecno.com.ec]<\/p>\n\n\n\n<h2 class=\"wp-block-heading\" style=\"text-align:center\">1\u00b0 Congreso Alimentario<\/h2>\n\n\n\n<h4 class=\"wp-block-heading\" style=\"text-align:center\">Quito &#8211; Ecuador<\/h4>\n\n\n\n<h6 class=\"wp-block-heading\" style=\"text-align:center\">LIVESTREAMING<\/h6>\n\n\n\n<h6 class=\"wp-block-heading\" style=\"text-align:center\">1 , 2  y 3 de octubre 2019<\/h6>\n\n\n\n<div style=\"height:20px\" aria-hidden=\"true\" class=\"wp-block-spacer\"><\/div>\n\n\n\n<p style=\"text-align:center\"><strong>Organiza: Alitecno. <\/strong><\/p>\n\n\n\n<p style=\"text-align:center\"><strong>Con el aval de: Portal de Inocuidad.<\/strong><\/p>\n\n\n\n<p style=\"text-align:center\"><strong>S\u00e9 parte del 1\u00b0 congreso alimentario sin importar donde te encuentres. <br>Te ofrecemos nuestro servicio de <span style=\"text-decoration: underline;\">livestreaming<\/span>. <\/strong><br>\u00a1<strong>Disfruta de los tres d\u00edas de conferencias<\/strong>!<\/p>\n\n\n\n<figure class=\"wp-block-image alignwide\"><img loading=\"lazy\" decoding=\"async\" width=\"900\" height=\"480\" src=\"https:\/\/www.portaldeinocuidad.com\/web\/wp-content\/uploads\/2019\/09\/congreso-alimentario-ecuador-livestreaming.jpg\" alt=\"1\u00b0 Congreso Alimentario -Ecuador [livestreaming]\" class=\"wp-image-5557\" srcset=\"https:\/\/www.portaldeinocuidad.com\/web\/wp-content\/uploads\/2019\/09\/congreso-alimentario-ecuador-livestreaming.jpg 900w, https:\/\/www.portaldeinocuidad.com\/web\/wp-content\/uploads\/2019\/09\/congreso-alimentario-ecuador-livestreaming-300x160.jpg 300w, https:\/\/www.portaldeinocuidad.com\/web\/wp-content\/uploads\/2019\/09\/congreso-alimentario-ecuador-livestreaming-768x410.jpg 768w, https:\/\/www.portaldeinocuidad.com\/web\/wp-content\/uploads\/2019\/09\/congreso-alimentario-ecuador-livestreaming-640x341.jpg 640w\" sizes=\"auto, (max-width: 900px) 100vw, 900px\" \/><\/figure>\n\n\n\n<h2 class=\"wp-block-heading\">PROGRAMA<\/h2>\n\n\n\n<h6 class=\"wp-block-heading\">1 OCT. Meat Day<\/h6>\n\n\n\n<p>Uno de los rubros principales en el mercado agroalimentario del pa\u00eds es el rubro c\u00e1rnico, para lo cual es de vital importancia el poder asegurar su cadena de valor,&nbsp;por esta raz\u00f3n el garantizar el uso adecuado y \u00f3ptimo de todos los insumos necesarios es una prioridad con la que ALITECNO se encuentra 100% comprometido generando los espacios necesarios en los cuales sus clientes y proveedores construyan esta cadena de valor.<\/p>\n\n\n\n<h6 class=\"wp-block-heading\">2 OCT. D\u00eda de la Inocuidad<\/h6>\n\n\n\n<p>De la granja a la mesa es la frase con la que ALITECNO entiende al conjunto de condiciones y medidas necesarias para generar cadenas de valor para que durante la producci\u00f3n, almacenamiento, distribuci\u00f3n y preparaci\u00f3n de alimentos se pueda asegurar que una vez ingeridos, no representen un riesgo para la salud. Con este compromiso en mente ALITECNO genera espacios para fomentar que todas las partes interesadas&nbsp;en las actividades coordinadas de producci\u00f3n y adici\u00f3n de valor necesarias para elaborar productos alimentarios puedan generar procesos de mejora continua y gesti\u00f3n de calidad necesaria.<\/p>\n\n\n\n<h6 class=\"wp-block-heading\">3 OCT. Innovation Day<\/h6>\n\n\n\n<p>Para ALITECNO la innovaci\u00f3n es un eje transversal en el desarrollo de cadenas de valor en la industria alimentaria cuyo principal objetivo es el cuidar las caracter\u00edsticas de inocuidad, nutricionales, organol\u00e9pticas y comerciales de los productos, por tal motivo ALITECNO pone a disposici\u00f3n de&nbsp;sus stakeholders&nbsp;un espacio en el cual puedan informarse y asesorarse de la mejor opci\u00f3n de suministros y procesos para el desarrollo adecuado de la industria alimentaria.<\/p>\n\n\n\n<h5 class=\"wp-block-heading\" style=\"text-align:left\">EXPOSITORES<\/h5>\n\n\n\n<div style=\"height:30px\" aria-hidden=\"true\" class=\"wp-block-spacer\"><\/div>\n\n\n\n<div class=\"wp-block-columns has-2-columns is-layout-flex wp-container-core-columns-is-layout-9d6595d7 wp-block-columns-is-layout-flex\">\n<div class=\"wp-block-column is-layout-flow wp-block-column-is-layout-flow\">\n<p class=\"has-background has-very-light-gray-background-color\"><strong>ESTEFAN\u00cdA ARIZAGA<br>ALITECNO<\/strong><\/p>\n\n\n\n<p>M\u00e9dico Veterinario Zootecnista- Universidad Central del Ecuador<br>Magister Scientiae en Agronegocios- Universidad Nacional Agraria de La Molina- Per\u00fa.<br>Postgrado en Sistemas de Gesti\u00f3n de Calidad e Inocuidad. Alimentaria- Universidad Nacional Agraria de La Molina- Per\u00fa<br>Doctorado En Formulaci\u00f3n y Evaluaci\u00f3n de Proyectos-Universidad Iberoamericana de M\u00e9xico (c ).<br>Director de Calidad de ALITECNO SA.<br>Docente Universitaria: Escuela Polit\u00e9cnica Nacional, Universidad de Las Am\u00e9ricas, entre otras<br>Expositor Invitado IICA.<br>Directora de <strong><a rel=\"noreferrer noopener\" href=\"https:\/\/www.portaldeinocuidad.com\/web\/estefania-arizaga-collantes\/\" target=\"_blank\">Portal de Inocuidad para Ecuador<\/a><\/strong>.<br>Ponente de seminarios y congresos nacionales e internacionales<br>Investigador en temas de Salud P\u00fablica (microbiolog\u00eda, higiene de alimentos, dise\u00f1o sanitario, auditor\u00eda sanitaria).<br>Consultor y Asesor en Cadena de valor agropecuaria, agroindustrial y alimentaci\u00f3n colectiva. <\/p>\n<\/div>\n\n\n\n<div class=\"wp-block-column is-layout-flow wp-block-column-is-layout-flow\">\n<p class=\"has-background has-very-light-gray-background-color\"><strong>NICOL\u00c1S LAVIERI<br>DEVRO<\/strong><\/p>\n\n\n\n<p>Doctor of Philosophy (Ph.D.) Animal Sciences, Lowa State University.<br>Master of Sciense (MS) Animal Sciences., University of Florida.<br>Bachelor of Sciense (BS) Animal Sciences, University of Florida.<br>Technical Field Lead for LATAM<br>Devro, Inc. Septiembre de 2013&nbsp;\u2013 Actualidad<br>Participaci\u00f3n activa en el programa de extensi\u00f3n de Lowa State University, en el Programa de la Ciencia de la Carne de la Universidad de Wisconsin-Madison y en el Programa de la Ciencia de la Carne de la Universidad del Estado de Pennsylvania.<br>El trabajo del Dr. Lavieri en Lowa State University y la Universidad de Florida ha dado lugar a varias publicaciones en revistas cient\u00edficas con \u00edndices de impacto significativo.<\/p>\n\n\n\n<div style=\"height:100px\" aria-hidden=\"true\" class=\"wp-block-spacer\"><\/div>\n<\/div>\n<\/div>\n\n\n\n<div class=\"wp-block-columns has-2-columns is-layout-flex wp-container-core-columns-is-layout-9d6595d7 wp-block-columns-is-layout-flex\">\n<div class=\"wp-block-column is-layout-flow wp-block-column-is-layout-flow\">\n<p class=\"has-background has-very-light-gray-background-color\"><strong>LEONARDO VEGA<br>NIACET<\/strong><\/p>\n\n\n\n<p>M\u00e9dico Veterinario Zootecnista &#8211; Universidad Nacional Aut\u00f3noma de Mexico.<br>Maestr\u00eda en Ciencias de la Carne &#8211; Universidad de Bristol en Inglaterra.<br>Doctorado en Ciencias de los Alimentos &#8211; Universidad de Bristol en Inglaterra.<br>Doctorado en Ciencias de los Alimentos &#8211; Universidad de Bristol en Inglaterra.<br>Business Lead LATAM&nbsp; &#8211; Niacet, Latinamerica.<br>Gerente de Ventas T\u00e9cnicas -Van Hees, Reino Unido.<br>VP de Ventas y Marketing&nbsp; &#8211; Van Hees NorteAmerica, Estados Unidos y Canada.<br>Fundador y Director de PURAC Mexico &#8211; Corbion, Mexico. <\/p>\n<\/div>\n\n\n\n<div class=\"wp-block-column is-layout-flow wp-block-column-is-layout-flow\">\n<p class=\"has-background has-very-light-gray-background-color\"><strong>ANTONIO SALLES<br>DUPONT<\/strong><\/p>\n\n\n\n<p>T\u00e9cnico L\u00e1cteo &#8211; Instituto de Laticinios Candido Tostes-Juiz de Fora &#8211; Brasil.<br>Especializaci\u00f3n en L\u00e1cteos \u2013 Istituto Sperimentale Lattiero Caseario de Lodi \u2013 Italia.<br>M\u00e1ster(MSc) Tecnolog\u00eda de Alimentos Universidade de Campinas -UNICAMP-Brasil.<br>T\u00e9cnico de Dupont&nbsp; Brasil Divisi\u00f3n Nutrition &amp; Biosciences.<br>Profesor en disciplinas relacionadas a microbiolog\u00eda de la leche, cultivos l\u00e1cteos y productos fermentados como yogures \u2013 Instituto de L\u00e1cteos Candido Tostes.<\/p>\n<\/div>\n<\/div>\n\n\n\n<div class=\"wp-block-columns has-2-columns is-layout-flex wp-container-core-columns-is-layout-9d6595d7 wp-block-columns-is-layout-flex\">\n<div class=\"wp-block-column is-layout-flow wp-block-column-is-layout-flow\">\n<p class=\"has-background has-very-light-gray-background-color\">J<strong>UAN ESTEBAN CASTA\u00d1EDA S\u00c1NCHEZ<br>INTAL<\/strong><\/p>\n\n\n\n<p>Ingeniero de alimentos Universidad de Antioquia, Medell\u00edn (Colombia).<br>Analista de laboratorio de vida \u00fatil de alimentos Fundaci\u00f3n de Ciencia y Tecnolog\u00eda de Alimentos INTAL.&nbsp;<br>Responsable de restauraci\u00f3n \u2013 Servicio de Alimentaci\u00f3n Hotel MERCURE Paris la Grande Arche, Nanterre (Francia).<br>Analista de entorno y producto Incyclo SAS, Medell\u00edn (Colombia).&nbsp;<br>Asistente de calidad \u2013 Servicio de alimentaci\u00f3n Instituci\u00f3n educativa La Paz, Envigado (Colombia).<br>Analista de laboratorio TECNIMICRO, Medell\u00edn (Colombia).<\/p>\n<\/div>\n\n\n\n<div class=\"wp-block-column is-layout-flow wp-block-column-is-layout-flow\">\n<p class=\"has-background has-very-light-gray-background-color\"><strong>ERNESTO TOALOMBO<br>CONSULTORA PROYECTALIMETOS<\/strong><\/p>\n\n\n\n<p>Ingeniero en Alimentos de la Universidad T\u00e9cnica de Ambato &#8211; Ecuador.<br>Magister en Gesti\u00f3n de la Producci\u00f3n Agroindustrial Universidad T\u00e9cnica de Ambato &#8211; Ecuador.<br>Gerente Consultora PROYECTALIMENTOS C\u00cdA. LTDA. Consultor para Ecuador, Centro y Sudam\u00e9rica del Sector L\u00e1cteo: producci\u00f3n y evaluaci\u00f3n sensorial de Quesos.<br>Miembro de la Red de Expertos Codex dentro del Comit\u00e9 Nacional de Calidad Alimentaria de Ecuador.<\/p>\n\n\n\n<p>Organizador e Instructor del Taller Sensorial del 10mo Foro Lechero Internacional del Centro de la Industria L\u00e1ctea del Ecuador 2019.\/ Jurado Internacional en el World Cheese Awards. Bergamo &#8211; Italia 2019. \/ Jurado Internacional en el Concurso de Quesos Tandil. Argentina 2019. \/ Jurado Internacional en el 4to. Concurso Estatal de Quesos. Brasil 2017. \/ Jurado Internacional del XVII Concurso de Queso del Uruguay 2012, 2013, 2014, 2015, 2016. \/ Comisario Catador de Quesos en FESTIVAL DEL QUESO SALINERITO \u2013 Ecuador 2012.<br>Comisario Catador en 1\u00b0 ExpoCarchi, desarrollo de perfiles de quesos tradicionales &#8211; Ecuador.<\/p>\n<\/div>\n<\/div>\n\n\n\n<div class=\"wp-block-columns has-2-columns is-layout-flex wp-container-core-columns-is-layout-9d6595d7 wp-block-columns-is-layout-flex\">\n<div class=\"wp-block-column is-layout-flow wp-block-column-is-layout-flow\">\n<p class=\"has-background has-very-light-gray-background-color\"><strong>LIZA BAHAMONDE<br>QUALITY MANAGEMENT ECUADOR<\/strong><\/p>\n\n\n\n<p>Comunicadora Corporativa.<br>Mag\u00edster en Relaciones Internacionales.<br>Diplomado en Responsabilidad Social Empresarial Universidad de Salamanca.<br>Ha realizado actividades de consultor\u00eda en \u00e1reas de Responsabilidad Social Empresarial desde hace 10 a\u00f1os. Catedr\u00e1tica de la materia de Responsabilidad Social Empresarial en las universidades de UDLA Universidad de las Am\u00e9ricas y en la Universidad Internacional del Ecuador. En los \u00faltimos a\u00f1os ha trabajado desarrollando diferentes proyectos de vinculaci\u00f3n con la comunidad entre sectores vulnerables y la academia. Sectores intervenidos: Barrio Reina del Cisne IV Etapa, extremo norte de Quito y Centro Diurno Conocoto. Ha publicado sobre la tem\u00e1tica de Responsabilidad social empresarial, en diferentes foros acad\u00e9micos, sociales y empresariales.&nbsp;<\/p>\n<\/div>\n\n\n\n<div class=\"wp-block-column is-layout-flow wp-block-column-is-layout-flow\">\n<p class=\"has-background has-very-light-gray-background-color\"><strong>WILLIAM TABARES R.<br>CITALSA<\/strong><\/p>\n\n\n\n<p>M\u00e9dico Veterinario.<br>Asesor comercial de CiTalsa, Director de exportaciones.<br>30 a\u00f1os en la industria de alimentos, sector carnes, embutidos y mataderos.<\/p>\n<\/div>\n<\/div>\n\n\n\n<div class=\"wp-block-columns has-2-columns is-layout-flex wp-container-core-columns-is-layout-9d6595d7 wp-block-columns-is-layout-flex\">\n<div class=\"wp-block-column is-layout-flow wp-block-column-is-layout-flow\">\n<p class=\"has-background has-very-light-gray-background-color\"><strong>MARCO GUIJARRO<br>LABORATORIO LASA<\/strong><\/p>\n\n\n\n<p>Dr. Bioqu\u00edmico Farmac\u00e9utico Universidad Central del Ecuador.<br>Especialista en Gesti\u00f3n de la Calidad &#8211; ESPE.<br>Gerente General Laboratorio Guijarro LASA S.A.&nbsp;<br>Consultor Empresarial en Sistemas de Calidad.&nbsp; ISO 17025,&nbsp;&nbsp; ISO 22000, HACCP,&nbsp; BPM.<br>Director t\u00e9cnico Laboratorio LASA Departamento Microbiolog\u00eda Bromatolog\u00eda.<br>Consultor evaluador l\u00edder &#8211; t\u00e9cnico -Servicio&nbsp; acreditaci\u00f3n&nbsp; ecuatoriano&nbsp; SAE.<br>Microbi\u00f3logo Cl\u00ednico especialidades m\u00e9dicas.<\/p>\n<\/div>\n\n\n\n<div class=\"wp-block-column is-layout-flow wp-block-column-is-layout-flow\">\n<p class=\"has-background has-very-light-gray-background-color\"><strong>CARLOS MARIO RESTREPO ESCOBAR<br>TECNAS<\/strong><\/p>\n\n\n\n<p>Ingeniero de Alimentos.<br>Auditor interno de calidad ISO.<br>Senior Meat y Director l\u00ednea de prote\u00ednas Tecnas S.A.<br>Experiencia de 24 a\u00f1os en Tecnas S.A., 22 de ellos atendiendo las necesidades de la industria de productos c\u00e1rnicos procesados con \u00e9nfasis en el dise\u00f1o de formulaciones, uso de ingredientes de \u00faltima tecnolog\u00eda, formulaci\u00f3n a costo objetivo y soluci\u00f3n de problemas asociados con la producci\u00f3n y las f\u00f3rmulas.<br>Gestor l\u00ednea de Sabores c\u00e1rnicos.<br>Expositor en ocho cursos latinoamericanos de tecnolog\u00eda c\u00e1rnica del Intal.<\/p>\n<\/div>\n<\/div>\n\n\n\n<div class=\"wp-block-columns has-2-columns is-layout-flex wp-container-core-columns-is-layout-9d6595d7 wp-block-columns-is-layout-flex\">\n<div class=\"wp-block-column is-layout-flow wp-block-column-is-layout-flow\">\n<p class=\"has-background has-very-light-gray-background-color\"><strong>SERGE SURANO<br>ROYAL PROTEIN<\/strong><\/p>\n\n\n\n<p>Ingeniero en Agronom\u00eda.<br>Master Business International.<br>Desde 1998, Creaci\u00f3n y Desarrollo de RP Royal Distribuci\u00f3n.<br>Director Comercial SPI-Diana, Divisi\u00f3n C\u00e1rnica de Diana Food (France), 9 a\u00f1os.<\/p>\n<\/div>\n\n\n\n<div class=\"wp-block-column is-layout-flow wp-block-column-is-layout-flow\"><\/div>\n<\/div>\n\n\n\n<h5 class=\"wp-block-heading\">SOBRE EL ORGANIZADOR<\/h5>\n\n\n\n<p>ALITECNO SA- ECUADOR es una empresa especializada en el suministro de ingredientes, empaques, productos y servicios de inocuidad, maquinarias. Tiene su origen en la organizaci\u00f3n ALICO, Colombia.<br>La organizaci\u00f3n se ha caracterizado por transmitir conocimientos t\u00e9cnicos a sus clientes, a trav\u00e9s de sus asesores y sus proveedores.<br>En Ecuador, es uno de los principales proveedores de insumos alimentarios e industriales, altamente reconocido por la calidad de sus productos y servicios, as\u00ed como por el diferencial que lo caracteriza \u201cINNOVACI\u00d3N\u201d.<br>En el demandante mundo industrial de los alimentos, ALITECNO SA decide el beneficiar a sus clientes a trav\u00e9s de la promoci\u00f3n del know- how de sus proveedores, t\u00e9cnicos y aliados estrat\u00e9gicos.<br>El modelo aplicado por ALITECNO SA se basa en la integraci\u00f3n de grupos de inter\u00e9s estrat\u00e9gicos en la industria alimentaria en el pa\u00eds.<\/p>\n\n\n\n<h5 class=\"wp-block-heading\">INVERSI\u00d3N LIVESTREAMING<\/h5>\n\n\n\n<p>u$s 80.-<\/p>\n\n\n\n<h5 class=\"wp-block-heading\">MEDIOS DE PAGO<\/h5>\n\n\n\n<p><strong><span style=\"text-decoration: underline;\">PAGO EN D\u00d3LARES<\/span><\/strong><\/p>\n\n\n\n<p><strong>Tarjeta de cr\u00e9dito via PayPal<\/strong><\/p>\n\n\n\n<p>u$s 80.-&nbsp;<strong><a href=\"https:\/\/paypal.me\/PortaldeInocuidad?locale.x=es_XC\" target=\"_blank\" rel=\"noreferrer noopener\" aria-label=\" (abre en una nueva pesta\u00f1a)\">Para abonar click aqu\u00ed<\/a><\/strong>.<\/p>\n\n\n\n<p><strong><span style=\"text-decoration: underline;\">PAGO EN PESOS ARGENTINOS<\/span><\/strong><\/p>\n\n\n\n<p><strong>Tarjeta de cr\u00e9dito, Rapipago y Pago F\u00e1cil via MercadoPago<\/strong>.<\/p>\n\n\n\n<p>$AR 4.800.-&nbsp;<strong><a href=\"https:\/\/www.mercadopago.com.ar\/checkout\/v1\/redirect?pref_id=206909091-8e3adaed-f927-4b6d-b3ff-13cb95842a00\" target=\"_blank\" rel=\"noreferrer noopener\" aria-label=\" (abre en una nueva pesta\u00f1a)\">Para abonar click aqu\u00ed<\/a><\/strong>.<\/p>\n\n\n\n<p><strong>Transferencia o dep\u00f3sito bancarios<\/strong><\/p>\n\n\n\n<p>Caja de Ahorro BBVA Franc\u00e9s 4126792 Suc. 326<br>A nombre de Paula Feldman<br>CUIT: 27-21471620-3<br>CBU: 0170326740000041267925<br>Alias: Paula.Feldman.Fr<\/p>\n\n\n\n<h5 class=\"wp-block-heading\">PASOS PARA INSCRIBIRSE AL LIVESTREAMING<\/h5>\n\n\n\n<ol class=\"wp-block-list\"><li>Completar el siguiente formulario.<\/li><li>Abonar el congreso.<\/li><li>Enviar su comprobante de pago a contacto@portaldeinocuidad.com.<\/li><\/ol>\n\n\n\n<h5 class=\"wp-block-heading\">Por favor, complete el siguiente formulario para iniciar su inscripci\u00f3n:<\/h5>\n\n\n<p>[contact-form-7 id=\u00bb5582&#8243; title=\u00bbCongreso Alimentario Ecuador\u00bb]<\/p>\n","protected":false},"excerpt":{"rendered":"<p>ESTE EVENTO HA FINALIZADO[Consultas: congreso@alitecno.com.ec] 1\u00b0 Congreso Alimentario Quito &#8211; Ecuador LIVESTREAMING 1 , 2 y 3 de octubre 2019 Organiza: Alitecno. Con el aval de: Portal de Inocuidad. S\u00e9 parte del 1\u00b0 congreso alimentario sin importar donde te encuentres. Te ofrecemos nuestro servicio de livestreaming. \u00a1Disfruta de los tres d\u00edas de conferencias! PROGRAMA 1 [&hellip;]<\/p>\n","protected":false},"author":1,"featured_media":5535,"parent":0,"menu_order":0,"comment_status":"closed","ping_status":"closed","template":"","meta":{"_genesis_hide_title":false,"_genesis_hide_breadcrumbs":false,"_genesis_hide_singular_image":false,"_genesis_hide_footer_widgets":false,"_genesis_custom_body_class":"","_genesis_custom_post_class":"","_genesis_layout":"full-width-content","footnotes":""},"class_list":{"0":"post-5532","1":"page","2":"type-page","3":"status-publish","4":"has-post-thumbnail","6":"entry"},"featured_image_src":"https:\/\/www.portaldeinocuidad.com\/web\/wp-content\/uploads\/2019\/09\/1-congreso-alimentario-ecuador.jpg","featured_image_src_square":"https:\/\/www.portaldeinocuidad.com\/web\/wp-content\/uploads\/2019\/09\/1-congreso-alimentario-ecuador.jpg","_links":{"self":[{"href":"https:\/\/www.portaldeinocuidad.com\/web\/wp-json\/wp\/v2\/pages\/5532","targetHints":{"allow":["GET"]}}],"collection":[{"href":"https:\/\/www.portaldeinocuidad.com\/web\/wp-json\/wp\/v2\/pages"}],"about":[{"href":"https:\/\/www.portaldeinocuidad.com\/web\/wp-json\/wp\/v2\/types\/page"}],"author":[{"embeddable":true,"href":"https:\/\/www.portaldeinocuidad.com\/web\/wp-json\/wp\/v2\/users\/1"}],"replies":[{"embeddable":true,"href":"https:\/\/www.portaldeinocuidad.com\/web\/wp-json\/wp\/v2\/comments?post=5532"}],"version-history":[{"count":93,"href":"https:\/\/www.portaldeinocuidad.com\/web\/wp-json\/wp\/v2\/pages\/5532\/revisions"}],"predecessor-version":[{"id":6326,"href":"https:\/\/www.portaldeinocuidad.com\/web\/wp-json\/wp\/v2\/pages\/5532\/revisions\/6326"}],"wp:featuredmedia":[{"embeddable":true,"href":"https:\/\/www.portaldeinocuidad.com\/web\/wp-json\/wp\/v2\/media\/5535"}],"wp:attachment":[{"href":"https:\/\/www.portaldeinocuidad.com\/web\/wp-json\/wp\/v2\/media?parent=5532"}],"curies":[{"name":"wp","href":"https:\/\/api.w.org\/{rel}","templated":true}]}}