{"id":29959,"date":"2025-08-12T15:03:53","date_gmt":"2025-08-12T18:03:53","guid":{"rendered":"https:\/\/www.portaldeinocuidad.com\/web\/?page_id=29959"},"modified":"2025-08-12T15:19:03","modified_gmt":"2025-08-12T18:19:03","slug":"introduccion-a-mediciones-indicadores","status":"publish","type":"page","link":"https:\/\/www.portaldeinocuidad.com\/web\/introduccion-a-mediciones-indicadores\/","title":{"rendered":"Introducci\u00f3n a las Mediciones y los Indicadores. Lo que no se mide no se mejora"},"content":{"rendered":"\n<h2 class=\"wp-block-heading has-text-align-center\"><span style=\"color: #899b11;\">CURSO A DISTANCIA<\/span><\/h2>\n\n\n\n<p class=\"has-text-align-center\">Certificado por Portal de Inocuidad (ver m\u00e1s&nbsp;<a href=\"https:\/\/www.portaldeinocuidad.com\/web\/wp-content\/uploads\/2022\/02\/CertificaciondePortaldeInocuidad.pdf\" target=\"_blank\" rel=\"noreferrer noopener\">aqu\u00ed<\/a>).<\/p>\n\n\n\n<p class=\"has-text-align-center\">COMIENCE YA. El curso est\u00e1 siempre disponible.<\/p>\n\n\n\n<p class=\"has-text-align-center\"><strong>DURACI\u00d3N:\u00a0<\/strong>6 semanas.<\/p>\n\n\n\n<p class=\"has-text-align-center has-very-light-gray-background-color has-background\">Si desea realizar esta capacitaci\u00f3n para su&nbsp;<strong>equipo de trabajo<\/strong>&nbsp;(a distancia o in company), por favor, escr\u00edbanos a contacto@portaldeinocuidad.com.<\/p>\n\n\n\n<h3 class=\"wp-block-heading\">DESCRIPCI\u00d3N GENERAL<\/h3>\n\n\n\n<p>Medir es uno de los aspectos b\u00e1sicos de la Gesti\u00f3n. Medir bien, es uno de los aspectos fundamentales. Pero adem\u00e1s, tener claro \u201c<em>qu\u00e9<\/em> indicadores\u201d, \u201c<em>c\u00f3mo<\/em>\u201d medirlos y \u201c<em>qu\u00e9 decisiones tomar en funci\u00f3n de los datos\u201d<\/em>, es una de las tareas prioritarias en cualquier Organizaci\u00f3n.<\/p>\n\n\n\n<p>Este y otros aspectos de la Gesti\u00f3n, necesitan vincularse, para a trav\u00e9s de buenos controles, mejorar los procesos y productos y servicios.\u00a0<\/p>\n\n\n\n<p>Pensado para trabajar estos conceptos en dos niveles, hemos dise\u00f1ado esta actividad, de nivel Inicial.<\/p>\n\n\n\n<h3 class=\"wp-block-heading\">OBJETIVOS<\/h3>\n\n\n\n<p>Los objetivos del curso son:<\/p>\n\n\n\n<ul class=\"wp-block-list\">\n<li>Transmitir\u00a0la importancia de medir, la relaci\u00f3n con los procesos y negocios de la organizaci\u00f3n.<\/li>\n\n\n\n<li>Identificar Criterios de Medici\u00f3n, Puntos Cr\u00edticos, Indicadores de Gesti\u00f3n, M\u00e9todos de Puesta de Objetivos y Control de los mismos<\/li>\n\n\n\n<li>Aplicaci\u00f3n pr\u00e1ctica, con generaci\u00f3n de indicadores de procesos, a trav\u00e9s de\u00a0planillas, aplicaciones y herramientas, que ser\u00e1n entregadas en el curso.<\/li>\n\n\n\n<li>Promover un ambiente organizacional propicio para profundizar la metodolog\u00eda, incluyendo el An\u00e1lisis de Datos, y su Relaci\u00f3n con Causas, Variaci\u00f3n y Mejora.<\/li>\n<\/ul>\n\n\n\n<h3 class=\"wp-block-heading\">DIRIGIDO A <\/h3>\n\n\n\n<p>Direcci\u00f3n y representantes de la direcci\u00f3n de empresas. Due\u00f1os de Organizaciones. Gerentes, Jefes y supervisores de \u00e1reas administrativas, comerciales y producci\u00f3n. Responsables de Calidad, Recursos Humanos, Log\u00edstica, Compras, Administraci\u00f3n y Finanzas. Responsables de Medici\u00f3n, Control Interno, Control de Gesti\u00f3n.\u00a0<\/p>\n\n\n\n<h3 class=\"wp-block-heading\">TEMARIO<\/h3>\n\n\n\n<ul class=\"wp-block-list\">\n<li>Importancia de la Medici\u00f3n en la Gesti\u00f3n de Calidad. Visi\u00f3n de Cambio Cultural y Visi\u00f3n de Proceso (Por qu\u00e9 y Para qu\u00e9 medimos).\u00a0<\/li>\n\n\n\n<li>Definiciones de los elementos y criterios a utilizar.<\/li>\n\n\n\n<li>Sistemas de Medici\u00f3n. Planificaci\u00f3n, Ejecuci\u00f3n y Control-PR\u00c1CTICA.<\/li>\n\n\n\n<li>C\u00f3mo medir adecuadamente. Recolecci\u00f3n de datos. C\u00f3mo y para qu\u00e9 ser\u00e1n usados los datos. Responsabilidades en la medici\u00f3n PR\u00c1CTICA.<\/li>\n\n\n\n<li>Qu\u00e9 es un Indicador y para qu\u00e9 sirve. Elementos de un Indicador.<\/li>\n\n\n\n<li>Tipos de Indicadores. Identificaci\u00f3n y Selecci\u00f3n de Indicadores Cr\u00edticos PR\u00c1CTICA.<\/li>\n\n\n\n<li>Relaci\u00f3n entre Procesos, Negocio e Indicadores.<\/li>\n\n\n\n<li>Indicadores seg\u00fan el Modelo de Excelencia\u2014otros modelos.<\/li>\n\n\n\n<li>Formulario de Medici\u00f3n de Procesos y Gesti\u00f3n- seguimiento de los Indicadores.<\/li>\n\n\n\n<li>Trabajo en Equipo. Cultura Organizacional. Impacto en las Mediciones. Toma de Decisiones con Datos.<\/li>\n\n\n\n<li>Introducci\u00f3n al Tablero de\u00a0 Comando y relaci\u00f3n con Trabajo en Equipo.<\/li>\n\n\n\n<li>Taller de Medici\u00f3n de un Proceso. Casos reales de Empresas.<\/li>\n\n\n\n<li>Puesta en com\u00fan de trabajos. Futuros Pasos. Cierre.<\/li>\n<\/ul>\n\n\n\n<h3 class=\"wp-block-heading\">DOCENTE<\/h3>\n\n\n\n<p><a href=\"https:\/\/www.portaldeinocuidad.com\/web\/roberto-sabuqui\/\" data-type=\"page\" data-id=\"1797\" target=\"_blank\" rel=\"noreferrer noopener\">Roberto Sabuqui<\/a>.<\/p>\n\n\n\n<h3 class=\"wp-block-heading\">INVERSI\u00d3N<\/h3>\n\n\n\n<p>Sala abierta U$D 100.-<br><strong>Con certificaci\u00f3n U$D 150.-<\/strong><br><a href=\"https:\/\/zfrmz.com\/RlJDeHXU0IiGDFwu5WEG\" target=\"_blank\" rel=\"noreferrer noopener\">Modalidad \u00abBlend\u00bb, solicitar cotizaci\u00f3n aqu\u00ed<\/a>.<\/p>\n\n\n\n<h3 class=\"wp-block-heading\">MEDIOS DE PAGO<\/h3>\n\n\n\n<p><strong>PAGO EN D\u00d3LARES<\/strong><\/p>\n\n\n\n<p>Tarjeta de cr\u00e9dito via PayPal<\/p>\n\n\n\n<p><strong><strong><a href=\"https:\/\/www.paypal.com\/cgi-bin\/webscr?cmd=_s-xclick&amp;hosted_button_id=FKDEFJBPKFLSJ\" target=\"_blank\" rel=\"noreferrer noopener\">u$s 100.- Sin certificaci\u00f3n, para abonar click aqu\u00ed<\/a>.<br><a href=\"https:\/\/www.paypal.com\/cgi-bin\/webscr?cmd=_s-xclick&amp;hosted_button_id=5GHL6GFC6QXE6\" target=\"_blank\" rel=\"noreferrer noopener\">u$s 150.- Con certificaci\u00f3n, para abonar click aqu\u00ed<\/a>.<\/strong><\/strong><\/p>\n\n\n\n<p>&nbsp;<a href=\"https:\/\/www.portaldeinocuidad.com\/web\/contacto\/\" target=\"_blank\" rel=\"noreferrer noopener\">Consultar aqu\u00ed por aranceles en su moneda local y otras formas de pago<\/a>.<\/p>\n\n\n\n<h3 class=\"wp-block-heading\">PASOS PARA INSCRIBIRSE AL CURSO<\/h3>\n\n\n\n<ol class=\"wp-block-list\">\n<li>Completar el siguiente formulario.<\/li>\n\n\n\n<li>Abonar el curso.<\/li>\n\n\n\n<li>Enviar su comprobante de pago a contacto@portaldeinocuidad.com.<\/li>\n<\/ol>\n\n\n\n<h4 class=\"wp-block-heading\">Complete el siguiente formulario para iniciar la inscripci\u00f3n al curso:<\/h4>\n\n\n\n<iframe aria-label='Contact Us x Cursos 2025' frameborder=\"0\" style=\"height:500px;width:99%;border:none;\" src='https:\/\/forms.zohopublic.com\/portaldeinocuidad\/form\/ContactUsxCursos2025\/formperma\/qrSIscM9lcM8pTeEG68oDU_nRWSeajSbm24bs5_In5E'><\/iframe>\n","protected":false},"excerpt":{"rendered":"<p>CURSO A DISTANCIA Certificado por Portal de Inocuidad (ver m\u00e1s&nbsp;aqu\u00ed). COMIENCE YA. El curso est\u00e1 siempre disponible. DURACI\u00d3N:\u00a06 semanas. Si desea realizar esta capacitaci\u00f3n para su&nbsp;equipo de trabajo&nbsp;(a distancia o in company), por favor, escr\u00edbanos a contacto@portaldeinocuidad.com. DESCRIPCI\u00d3N GENERAL Medir es uno de los aspectos b\u00e1sicos de la Gesti\u00f3n. Medir bien, es uno de los [&hellip;]<\/p>\n","protected":false},"author":1,"featured_media":29969,"parent":0,"menu_order":0,"comment_status":"closed","ping_status":"closed","template":"","meta":{"_genesis_hide_title":false,"_genesis_hide_breadcrumbs":false,"_genesis_hide_singular_image":false,"_genesis_hide_footer_widgets":false,"_genesis_custom_body_class":"","_genesis_custom_post_class":"","_genesis_layout":"full-width-content","footnotes":""},"class_list":{"0":"post-29959","1":"page","2":"type-page","3":"status-publish","4":"has-post-thumbnail","6":"entry"},"featured_image_src":"https:\/\/www.portaldeinocuidad.com\/web\/wp-content\/uploads\/2025\/08\/introduccion-a-mediciones-indicadores-600x400.jpg","featured_image_src_square":"https:\/\/www.portaldeinocuidad.com\/web\/wp-content\/uploads\/2025\/08\/introduccion-a-mediciones-indicadores-600x600.jpg","_links":{"self":[{"href":"https:\/\/www.portaldeinocuidad.com\/web\/wp-json\/wp\/v2\/pages\/29959","targetHints":{"allow":["GET"]}}],"collection":[{"href":"https:\/\/www.portaldeinocuidad.com\/web\/wp-json\/wp\/v2\/pages"}],"about":[{"href":"https:\/\/www.portaldeinocuidad.com\/web\/wp-json\/wp\/v2\/types\/page"}],"author":[{"embeddable":true,"href":"https:\/\/www.portaldeinocuidad.com\/web\/wp-json\/wp\/v2\/users\/1"}],"replies":[{"embeddable":true,"href":"https:\/\/www.portaldeinocuidad.com\/web\/wp-json\/wp\/v2\/comments?post=29959"}],"version-history":[{"count":6,"href":"https:\/\/www.portaldeinocuidad.com\/web\/wp-json\/wp\/v2\/pages\/29959\/revisions"}],"predecessor-version":[{"id":29968,"href":"https:\/\/www.portaldeinocuidad.com\/web\/wp-json\/wp\/v2\/pages\/29959\/revisions\/29968"}],"wp:featuredmedia":[{"embeddable":true,"href":"https:\/\/www.portaldeinocuidad.com\/web\/wp-json\/wp\/v2\/media\/29969"}],"wp:attachment":[{"href":"https:\/\/www.portaldeinocuidad.com\/web\/wp-json\/wp\/v2\/media?parent=29959"}],"curies":[{"name":"wp","href":"https:\/\/api.w.org\/{rel}","templated":true}]}}