{"id":28603,"date":"2025-03-17T17:27:07","date_gmt":"2025-03-17T20:27:07","guid":{"rendered":"https:\/\/www.portaldeinocuidad.com\/web\/?page_id=28603"},"modified":"2025-04-01T19:12:10","modified_gmt":"2025-04-01T22:12:10","slug":"introduccion-a-la-metodologia-de-mejora-de-procesos","status":"publish","type":"page","link":"https:\/\/www.portaldeinocuidad.com\/web\/introduccion-a-la-metodologia-de-mejora-de-procesos\/","title":{"rendered":"Introducci\u00f3n a la Metodolog\u00eda de Mejora de Procesos"},"content":{"rendered":"\n<h2 class=\"wp-block-heading has-text-align-center\"><span style=\"color: #899b11;\">CURSO A DISTANCIA<\/span><\/h2>\n\n\n\n<p class=\"has-text-align-center\">Certificado por Portal de Inocuidad (ver m\u00e1s&nbsp;<a href=\"https:\/\/www.portaldeinocuidad.com\/web\/wp-content\/uploads\/2022\/02\/CertificaciondePortaldeInocuidad.pdf\" target=\"_blank\" rel=\"noreferrer noopener\">aqu\u00ed<\/a>).<\/p>\n\n\n\n<p class=\"has-text-align-center\">COMIENCE YA. El curso est\u00e1 siempre disponible.<\/p>\n\n\n\n<p class=\"has-text-align-center\"><strong>DURACI\u00d3N:&nbsp;<\/strong>4 semanas.<\/p>\n\n\n\n<p class=\"has-text-align-center has-very-light-gray-background-color has-background\">Si desea realizar esta capacitaci\u00f3n para su&nbsp;<strong>equipo de trabajo<\/strong>&nbsp;(a distancia o in company), por favor, escr\u00edbanos a contacto@portaldeinocuidad.com.<\/p>\n\n\n\n<h3 class=\"wp-block-heading\">DESCRIPCI\u00d3N GENERAL<\/h3>\n\n\n\n<p>Partiendo de que todo lo que hacemos es un Proceso, que los Procesos se Miden y Mejoran, y que nadie mejor que el Due\u00f1o del Proceso para controlarlo y Mejorarlo. Presentamos esa Metodolog\u00eda. Basada en el Ciclo de Mejora Continua y Kaizen.<\/p>\n\n\n\n<p><strong>Kaizen, <\/strong>como Metodolog\u00eda de Mejora Continua, se explica y se relaciona con los valores, principios y resultados alcanzados en Jap\u00f3n.<\/p>\n\n\n\n<h3 class=\"wp-block-heading\">OBJETIVOS<\/h3>\n\n\n\n<p>Los objetivos del curso son:<\/p>\n\n\n\n<ul class=\"wp-block-list\">\n<li>Introducir a las distintas Herramientas y M\u00e9todos adecuados para la Mejora Continua.<\/li>\n\n\n\n<li>Recorrer los distintos pasos del M\u00e9todo de Administraci\u00f3n de Procesos<\/li>\n\n\n\n<li>Practicar el paso a paso de la Detecci\u00f3n, Priorizaci\u00f3n de Temas a Mejorar, Identificaci\u00f3n de Procesos, An\u00e1lisis y Cambio de los mismos.<\/li>\n\n\n\n<li>Llevarse conceptos y criterios que r\u00e1pidamente ser\u00e1 posible implementar en su Organizaci\u00f3n.<\/li>\n\n\n\n<li>Dejar las bases para una Implementaci\u00f3n del m\u00e9todo en todos los Niveles de la Organizaci\u00f3n.<\/li>\n<\/ul>\n\n\n\n<h3 class=\"wp-block-heading\">DIRIGIDO A <\/h3>\n\n\n\n<p>Direcci\u00f3n y representantes de la direcci\u00f3n de empresas. Due\u00f1os de Organizaciones. Gerentes, Jefes y supervisores de \u00e1reas administrativas, comerciales y producci\u00f3n. Responsables de Calidad, Recursos Humanos, Log\u00edstica, Compras, Administraci\u00f3n y Finanzas. Responsables de Medici\u00f3n, Control Interno, Control de Gesti\u00f3n.<\/p>\n\n\n\n<h3 class=\"wp-block-heading\">TEMARIO<\/h3>\n\n\n\n<p><strong>Introducci\u00f3n a la Mejora de Procesos<\/strong><\/p>\n\n\n\n<ul class=\"wp-block-list\">\n<li>Introducci\u00f3n. Conceptos B\u00e1sicos.<\/li>\n\n\n\n<li>Principios y M\u00e9todos.<\/li>\n\n\n\n<li>Deming. El ciclo de mejora PDCA.<\/li>\n\n\n\n<li>TQM &#8211; Control de la Calidad Total. Gur\u00faes de la Calidad. TPS-Introducci\u00f3n: Generalidades.<\/li>\n\n\n\n<li>Qu\u00e9 es un Proceso. Gesti\u00f3n de Procesos.<\/li>\n<\/ul>\n\n\n\n<p><strong>Kaizen<\/strong><\/p>\n\n\n\n<ul class=\"wp-block-list\">\n<li>El concepto y pr\u00e1ctica KAIZEN.<\/li>\n\n\n\n<li>Productividad y Gesti\u00f3n de MUDA.<\/li>\n\n\n\n<li>Ciclos de Mejora. La gente.<\/li>\n\n\n\n<li>Trabajo en Equipo. Gesti\u00f3n de las Personas.<\/li>\n<\/ul>\n\n\n\n<p><strong>Metodolog\u00eda de Mejora de Procesos<\/strong><\/p>\n\n\n\n<ul class=\"wp-block-list\">\n<li>Introducci\u00f3n. Conceptos B\u00e1sicos-DIA Mejora.<\/li>\n\n\n\n<li>Detecci\u00f3n, Priorizaci\u00f3n de Temas a Mejorar, Herramientas.<\/li>\n\n\n\n<li>Identificaci\u00f3n de Procesos, Herramientas.<\/li>\n\n\n\n<li>An\u00e1lisis y Cambio de los mismos Herramientas.<\/li>\n\n\n\n<li>Evaluaci\u00f3n y Cierre.<\/li>\n<\/ul>\n\n\n\n<h3 class=\"wp-block-heading\">DOCENTE<\/h3>\n\n\n\n<p><a href=\"https:\/\/www.portaldeinocuidad.com\/web\/roberto-sabuqui\/\" data-type=\"page\" data-id=\"1797\" target=\"_blank\" rel=\"noreferrer noopener\">Roberto Sabuqui<\/a>.<\/p>\n\n\n\n<h3 class=\"wp-block-heading\">INVERSI\u00d3N<\/h3>\n\n\n\n<p>Sala abierta U$D 100.-<br><strong>Con certificaci\u00f3n U$D 150.-<\/strong><br><a href=\"https:\/\/zfrmz.com\/RlJDeHXU0IiGDFwu5WEG\" target=\"_blank\" rel=\"noreferrer noopener\">Modalidad \u00abBlend\u00bb, solicitar cotizaci\u00f3n aqu\u00ed<\/a>.<\/p>\n\n\n\n<h3 class=\"wp-block-heading\">MEDIOS DE PAGO<\/h3>\n\n\n\n<p><strong>PAGO EN D\u00d3LARES<\/strong><\/p>\n\n\n\n<p>Tarjeta de cr\u00e9dito via PayPal<\/p>\n\n\n\n<p><strong><strong><a href=\"https:\/\/www.paypal.com\/cgi-bin\/webscr?cmd=_s-xclick&amp;hosted_button_id=FKDEFJBPKFLSJ\" target=\"_blank\" rel=\"noreferrer noopener\">u$s 100.- Sin certificaci\u00f3n, para abonar click aqu\u00ed<\/a>.<br><a href=\"https:\/\/www.paypal.com\/cgi-bin\/webscr?cmd=_s-xclick&amp;hosted_button_id=5GHL6GFC6QXE6\" target=\"_blank\" rel=\"noreferrer noopener\">u$s 150.- Con certificaci\u00f3n, para abonar click aqu\u00ed<\/a>.<\/strong><\/strong><\/p>\n\n\n\n<p>&nbsp;<a href=\"https:\/\/www.portaldeinocuidad.com\/web\/contacto\/\" target=\"_blank\" rel=\"noreferrer noopener\">Consultar aqu\u00ed por aranceles en su moneda local y otras formas de pago<\/a>.<\/p>\n\n\n\n<h3 class=\"wp-block-heading\">PASOS PARA INSCRIBIRSE AL CURSO<\/h3>\n\n\n\n<ol class=\"wp-block-list\">\n<li>Completar el siguiente formulario.<\/li>\n\n\n\n<li>Abonar el curso.<\/li>\n\n\n\n<li>Enviar su comprobante de pago a contacto@portaldeinocuidad.com.<\/li>\n<\/ol>\n\n\n\n<h4 class=\"wp-block-heading\">Complete el siguiente formulario para iniciar la inscripci\u00f3n al curso:<\/h4>\n\n\n\n<iframe aria-label='Contact Us x Cursos 2025' frameborder=\"0\" style=\"height:500px;width:99%;border:none;\" src='https:\/\/forms.zohopublic.com\/portaldeinocuidad\/form\/ContactUsxCursos2025\/formperma\/qrSIscM9lcM8pTeEG68oDU_nRWSeajSbm24bs5_In5E'><\/iframe>\n","protected":false},"excerpt":{"rendered":"<p>CURSO A DISTANCIA Certificado por Portal de Inocuidad (ver m\u00e1s&nbsp;aqu\u00ed). COMIENCE YA. El curso est\u00e1 siempre disponible. DURACI\u00d3N:&nbsp;4 semanas. Si desea realizar esta capacitaci\u00f3n para su&nbsp;equipo de trabajo&nbsp;(a distancia o in company), por favor, escr\u00edbanos a contacto@portaldeinocuidad.com. DESCRIPCI\u00d3N GENERAL Partiendo de que todo lo que hacemos es un Proceso, que los Procesos se Miden y [&hellip;]<\/p>\n","protected":false},"author":1,"featured_media":28617,"parent":0,"menu_order":0,"comment_status":"closed","ping_status":"closed","template":"","meta":{"_genesis_hide_title":false,"_genesis_hide_breadcrumbs":false,"_genesis_hide_singular_image":false,"_genesis_hide_footer_widgets":false,"_genesis_custom_body_class":"","_genesis_custom_post_class":"","_genesis_layout":"full-width-content","footnotes":""},"class_list":{"0":"post-28603","1":"page","2":"type-page","3":"status-publish","4":"has-post-thumbnail","6":"entry"},"featured_image_src":"https:\/\/www.portaldeinocuidad.com\/web\/wp-content\/uploads\/2025\/03\/introduccion-mejora-de-procesos-600x400.jpg","featured_image_src_square":"https:\/\/www.portaldeinocuidad.com\/web\/wp-content\/uploads\/2025\/03\/introduccion-mejora-de-procesos-600x600.jpg","_links":{"self":[{"href":"https:\/\/www.portaldeinocuidad.com\/web\/wp-json\/wp\/v2\/pages\/28603","targetHints":{"allow":["GET"]}}],"collection":[{"href":"https:\/\/www.portaldeinocuidad.com\/web\/wp-json\/wp\/v2\/pages"}],"about":[{"href":"https:\/\/www.portaldeinocuidad.com\/web\/wp-json\/wp\/v2\/types\/page"}],"author":[{"embeddable":true,"href":"https:\/\/www.portaldeinocuidad.com\/web\/wp-json\/wp\/v2\/users\/1"}],"replies":[{"embeddable":true,"href":"https:\/\/www.portaldeinocuidad.com\/web\/wp-json\/wp\/v2\/comments?post=28603"}],"version-history":[{"count":20,"href":"https:\/\/www.portaldeinocuidad.com\/web\/wp-json\/wp\/v2\/pages\/28603\/revisions"}],"predecessor-version":[{"id":29069,"href":"https:\/\/www.portaldeinocuidad.com\/web\/wp-json\/wp\/v2\/pages\/28603\/revisions\/29069"}],"wp:featuredmedia":[{"embeddable":true,"href":"https:\/\/www.portaldeinocuidad.com\/web\/wp-json\/wp\/v2\/media\/28617"}],"wp:attachment":[{"href":"https:\/\/www.portaldeinocuidad.com\/web\/wp-json\/wp\/v2\/media?parent=28603"}],"curies":[{"name":"wp","href":"https:\/\/api.w.org\/{rel}","templated":true}]}}