{"id":28591,"date":"2025-03-17T17:16:51","date_gmt":"2025-03-17T20:16:51","guid":{"rendered":"https:\/\/www.portaldeinocuidad.com\/web\/?page_id=28591"},"modified":"2025-09-17T13:32:13","modified_gmt":"2025-09-17T16:32:13","slug":"introduccion-a-la-metodologia-5s","status":"publish","type":"page","link":"https:\/\/www.portaldeinocuidad.com\/web\/introduccion-a-la-metodologia-5s\/","title":{"rendered":"Introducci\u00f3n a la Metodolog\u00eda\u00a05S"},"content":{"rendered":"\n<h2 class=\"wp-block-heading has-text-align-center\">Gen\u00e9rico, para todos los Niveles de la Organizaci\u00f3n&nbsp;<\/h2>\n\n\n\n<h2 class=\"wp-block-heading has-text-align-center\"><span style=\"color: #899b11;\">CURSO A DISTANCIA<\/span><\/h2>\n\n\n\n<p class=\"has-text-align-center\">Certificado por Portal de Inocuidad (ver m\u00e1s&nbsp;<a href=\"https:\/\/www.portaldeinocuidad.com\/web\/wp-content\/uploads\/2022\/02\/CertificaciondePortaldeInocuidad.pdf\" target=\"_blank\" rel=\"noreferrer noopener\">aqu\u00ed<\/a>).<\/p>\n\n\n\n<p class=\"has-text-align-center\">COMIENCE YA. El curso est\u00e1 siempre disponible.<\/p>\n\n\n\n<p class=\"has-text-align-center\"><strong>DURACI\u00d3N:&nbsp;<\/strong>4 semanas.<\/p>\n\n\n\n<p class=\"has-text-align-center has-very-light-gray-background-color has-background\">Si desea realizar esta capacitaci\u00f3n para su&nbsp;<strong>equipo de trabajo<\/strong>&nbsp;(a distancia o in company), por favor, escr\u00edbanos a contacto@portaldeinocuidad.com.<\/p>\n\n\n\n<h3 class=\"wp-block-heading\">DESCRIPCI\u00d3N GENERAL<\/h3>\n\n\n\n<p>La Metodolog\u00eda de las \u201c5 Ss\u201d iniciada en el Management Japon\u00e9s, es hoy incorporada en \u00e1mbitos, p\u00fablicos y privados, y cada vez con m\u00e1s adeptos.<\/p>\n\n\n\n<p>Permite instalar un proceso sistem\u00e1tico de orden y limpieza en cada lugar de trabajo, disminuyendo costos, mejorando la calidad de vida laboral, la productividad,&nbsp; la higiene y seguridad, para lograr a trav\u00e9s del Cambio Cultural, el H\u00c1BITO en las Buenas Pr\u00e1cticas.&nbsp;<\/p>\n\n\n\n<h3 class=\"wp-block-heading\">OBJETIVOS<\/h3>\n\n\n\n<p>Los objetivos del curso son:<\/p>\n\n\n\n<ul class=\"wp-block-list\">\n<li>Capacitar al personal asistente en el&nbsp; sistema 5S para su aplicaci\u00f3n en las tareas diarias.<\/li>\n\n\n\n<li>Desarrollar y Fomentar la Cultura del Orden y Productividad, a trav\u00e9s de la explicaci\u00f3n de cada S y talleres de aplicaci\u00f3n y en el lugar de trabajo.&nbsp;<\/li>\n\n\n\n<li>Concientizar en el uso de Herramientas sencillas para lograr el H\u00e1bito.<\/li>\n\n\n\n<li>Contribuir a la planificaci\u00f3n de la Metodolog\u00eda en todos los \u00e1mbitos de trabajo.<\/li>\n\n\n\n<li>Promover un ambiente organizacional propicio para profundizar la metodolog\u00eda, dejando las bases para un Plan de Implementaci\u00f3n.<\/li>\n<\/ul>\n\n\n\n<h3 class=\"wp-block-heading\">DIRIGIDO A<\/h3>\n\n\n\n<p>Direcci\u00f3n y representantes de la direcci\u00f3n de empresas. Personal de Nivel Gerencial , Mandos Medios y Operativos. El curso es adaptable a los niveles jer\u00e1rquicos y de toma de decisi\u00f3n de los asistentes. Incluye Todas las \u00c1reas de la Organizaci\u00f3n: Producci\u00f3n, Log\u00edstica, Administraci\u00f3n, Comercial, Tecnolog\u00edas, Recursos Humanos, etc.<\/p>\n\n\n\n<h3 class=\"wp-block-heading\">TEMARIO<\/h3>\n\n\n\n<ul class=\"wp-block-list\">\n<li>Introducci\u00f3n conceptual de la Metodolog\u00eda.<\/li>\n\n\n\n<li>Relaci\u00f3n con MUDA, Procesos de Mejora , BPM y Otras Metodolog\u00edas.<\/li>\n\n\n\n<li>Beneficios del sistema de las 5 ESES.<\/li>\n\n\n\n<li>Conceptos sobre 5S en detalle:\n<ul class=\"wp-block-list\">\n<li>Separar<\/li>\n\n\n\n<li>Ordenar<\/li>\n\n\n\n<li>Limpiar<\/li>\n\n\n\n<li>Estandarizar<\/li>\n\n\n\n<li>H\u00e1bito &#8211; Disciplina<\/li>\n<\/ul>\n<\/li>\n\n\n\n<li>Talleres interactivos. Recorridas y Hallazgos.<\/li>\n\n\n\n<li>Metodolog\u00eda de Implementaci\u00f3n. Cambio Cultural. Plan<\/li>\n\n\n\n<li>Elementos para Implementaci\u00f3n del Sistema: Indicadores, Auditorias, etc.<\/li>\n\n\n\n<li>13 Entregables. Desarrollo y ejercitaci\u00f3n in situ.<\/li>\n\n\n\n<li>Relaci\u00f3n con los Procesos Principales de la Empresa. Impacto en otros Sistemas.<\/li>\n\n\n\n<li>Herramientas complementarias. Entregables adaptados a la Organizaci\u00f3n.<\/li>\n\n\n\n<li>Seguimiento, Mejora. Tablero de Comando 5s. Auditor\u00edas.<\/li>\n\n\n\n<li>Puesta en com\u00fan de trabajos. Futuros Pasos. Cierre.<\/li>\n<\/ul>\n\n\n\n<h3 class=\"wp-block-heading\">DOCENTE<\/h3>\n\n\n\n<p><a href=\"https:\/\/www.portaldeinocuidad.com\/web\/roberto-sabuqui\/\" data-type=\"page\" data-id=\"1797\" target=\"_blank\" rel=\"noreferrer noopener\">Roberto Sabuqui<\/a>.<\/p>\n\n\n\n<h3 class=\"wp-block-heading\">INVERSI\u00d3N<\/h3>\n\n\n\n<p>Sala abierta U$D 100.-<br><strong>Con certificaci\u00f3n U$D 150.-<\/strong><br><a href=\"https:\/\/zfrmz.com\/RlJDeHXU0IiGDFwu5WEG\" target=\"_blank\" rel=\"noreferrer noopener\">Modalidad \u00abBlend\u00bb, solicitar cotizaci\u00f3n aqu\u00ed<\/a>.<\/p>\n\n\n\n<h3 class=\"wp-block-heading\">MEDIOS DE PAGO<\/h3>\n\n\n\n<p><strong>PAGO EN D\u00d3LARES<\/strong><\/p>\n\n\n\n<p>Tarjeta de cr\u00e9dito via PayPal<\/p>\n\n\n\n<p><strong><a href=\"https:\/\/www.paypal.com\/cgi-bin\/webscr?cmd=_s-xclick&amp;hosted_button_id=FKDEFJBPKFLSJ\" target=\"_blank\" rel=\"noreferrer noopener\">u$s 100.- Sin certificaci\u00f3n, para abonar click aqu\u00ed<\/a>.<br><a href=\"https:\/\/www.paypal.com\/cgi-bin\/webscr?cmd=_s-xclick&amp;hosted_button_id=5GHL6GFC6QXE6\" target=\"_blank\" rel=\"noreferrer noopener\">u$s 150.- Con certificaci\u00f3n, para abonar click aqu\u00ed<\/a>.<\/strong><\/p>\n\n\n\n<p>&nbsp;<a href=\"https:\/\/www.portaldeinocuidad.com\/web\/contacto\/\" target=\"_blank\" rel=\"noreferrer noopener\">Consultar aqu\u00ed por aranceles en su moneda local y otras formas de pago<\/a>.<\/p>\n\n\n\n<h3 class=\"wp-block-heading\">PASOS PARA INSCRIBIRSE AL CURSO<\/h3>\n\n\n\n<ol class=\"wp-block-list\">\n<li>Completar el siguiente formulario.<\/li>\n\n\n\n<li>Abonar el curso.<\/li>\n\n\n\n<li>Enviar su comprobante de pago a contacto@portaldeinocuidad.com.<\/li>\n<\/ol>\n\n\n\n<h4 class=\"wp-block-heading\">Complete el siguiente formulario para iniciar la inscripci\u00f3n al curso:<\/h4>\n\n\n\n<iframe aria-label='Contact Us x Cursos 2025' frameborder=\"0\" style=\"height:500px;width:99%;border:none;\" src='https:\/\/forms.zohopublic.com\/portaldeinocuidad\/form\/ContactUsxCursos2025\/formperma\/qrSIscM9lcM8pTeEG68oDU_nRWSeajSbm24bs5_In5E'><\/iframe>\n\n\n\n<p><\/p>\n","protected":false},"excerpt":{"rendered":"<p>Gen\u00e9rico, para todos los Niveles de la Organizaci\u00f3n&nbsp; CURSO A DISTANCIA Certificado por Portal de Inocuidad (ver m\u00e1s&nbsp;aqu\u00ed). COMIENCE YA. El curso est\u00e1 siempre disponible. DURACI\u00d3N:&nbsp;4 semanas. Si desea realizar esta capacitaci\u00f3n para su&nbsp;equipo de trabajo&nbsp;(a distancia o in company), por favor, escr\u00edbanos a contacto@portaldeinocuidad.com. DESCRIPCI\u00d3N GENERAL La Metodolog\u00eda de las \u201c5 Ss\u201d iniciada en [&hellip;]<\/p>\n","protected":false},"author":1,"featured_media":28616,"parent":0,"menu_order":0,"comment_status":"closed","ping_status":"closed","template":"","meta":{"_genesis_hide_title":false,"_genesis_hide_breadcrumbs":false,"_genesis_hide_singular_image":false,"_genesis_hide_footer_widgets":false,"_genesis_custom_body_class":"","_genesis_custom_post_class":"","_genesis_layout":"full-width-content","footnotes":""},"class_list":{"0":"post-28591","1":"page","2":"type-page","3":"status-publish","4":"has-post-thumbnail","6":"entry"},"featured_image_src":"https:\/\/www.portaldeinocuidad.com\/web\/wp-content\/uploads\/2025\/03\/5s-600x400.jpg","featured_image_src_square":"https:\/\/www.portaldeinocuidad.com\/web\/wp-content\/uploads\/2025\/03\/5s-600x600.jpg","_links":{"self":[{"href":"https:\/\/www.portaldeinocuidad.com\/web\/wp-json\/wp\/v2\/pages\/28591","targetHints":{"allow":["GET"]}}],"collection":[{"href":"https:\/\/www.portaldeinocuidad.com\/web\/wp-json\/wp\/v2\/pages"}],"about":[{"href":"https:\/\/www.portaldeinocuidad.com\/web\/wp-json\/wp\/v2\/types\/page"}],"author":[{"embeddable":true,"href":"https:\/\/www.portaldeinocuidad.com\/web\/wp-json\/wp\/v2\/users\/1"}],"replies":[{"embeddable":true,"href":"https:\/\/www.portaldeinocuidad.com\/web\/wp-json\/wp\/v2\/comments?post=28591"}],"version-history":[{"count":36,"href":"https:\/\/www.portaldeinocuidad.com\/web\/wp-json\/wp\/v2\/pages\/28591\/revisions"}],"predecessor-version":[{"id":30030,"href":"https:\/\/www.portaldeinocuidad.com\/web\/wp-json\/wp\/v2\/pages\/28591\/revisions\/30030"}],"wp:featuredmedia":[{"embeddable":true,"href":"https:\/\/www.portaldeinocuidad.com\/web\/wp-json\/wp\/v2\/media\/28616"}],"wp:attachment":[{"href":"https:\/\/www.portaldeinocuidad.com\/web\/wp-json\/wp\/v2\/media?parent=28591"}],"curies":[{"name":"wp","href":"https:\/\/api.w.org\/{rel}","templated":true}]}}