{"id":2128,"date":"2018-06-18T23:31:12","date_gmt":"2018-06-18T23:31:12","guid":{"rendered":"https:\/\/www.portaldeinocuidad.com\/web\/?page_id=2128"},"modified":"2025-04-01T19:19:26","modified_gmt":"2025-04-01T22:19:26","slug":"gestion-de-proveedores-en-la-industria-de-alimentos","status":"publish","type":"page","link":"https:\/\/www.portaldeinocuidad.com\/web\/gestion-de-proveedores-en-la-industria-de-alimentos\/","title":{"rendered":"Gesti\u00f3n de Proveedores en la Industria de Alimentos"},"content":{"rendered":"\n<h2 class=\"wp-block-heading has-text-align-center\"><span style=\"color: #899b11;\">CURSO A DISTANCIA<\/span><\/h2>\n\n\n\n<p class=\"has-text-align-center\">Certificado por Portal de Inocuidad (ver m\u00e1s&nbsp;<a href=\"https:\/\/www.portaldeinocuidad.com\/web\/wp-content\/uploads\/2022\/02\/CertificaciondePortaldeInocuidad.pdf\" target=\"_blank\" rel=\"noreferrer noopener\">aqu\u00ed<\/a>).<\/p>\n\n\n\n<p class=\"has-text-align-center\">COMIENCE YA. El curso est\u00e1 siempre disponible.<\/p>\n\n\n\n<p class=\"has-text-align-center\"><strong>DURACI\u00d3N:&nbsp;<\/strong>4 semanas.<\/p>\n\n\n\n<p class=\"has-text-align-center has-very-light-gray-background-color has-background\">Si desea realizar esta capacitaci\u00f3n para su&nbsp;<strong>equipo de trabajo<\/strong>&nbsp;(a distancia o in company), por favor, escr\u00edbanos a contacto@portaldeinocuidad.com.<\/p>\n\n\n\n<h3 class=\"wp-block-heading\">DESCRIPCI\u00d3N GENERAL<\/h3>\n\n\n\n<p>Resuelva el abastecimiento de materias primas e insumos a trav\u00e9s de un programa de gesti\u00f3n de proveedores integral y efectivo.<\/p>\n\n\n\n<h3 class=\"wp-block-heading\">OBJETIVO<\/h3>\n\n\n\n<p>El objetivo del curso es transmitir a los asistentes la importancia de gestionar a y con los proveedores, presentar criterios de identificaci\u00f3n, selecci\u00f3n, desarrollo y mejora de proveedores, revisar y practicar pasos de un proceso de gesti\u00f3n, entender el proceso y verificar el impacto en costos, satisfacci\u00f3n de clientes, mejoras de la productividad y calidad en general, llevarse modelos y ejemplos de aplicaci\u00f3n para cada organizaci\u00f3n particular.<\/p>\n\n\n\n<h3 class=\"wp-block-heading\">DIRIGIDO A<\/h3>\n\n\n\n<p>Direcci\u00f3n y representantes de la direcci\u00f3n de empresas. Responsables de Gesti\u00f3n de Calidad, Aseguramiento de Calidad y\/o Control de Calidad. Responsables de Plantas. Operadores de Procesos, Responsables y Operadores de dep\u00f3sitos. Gerentes de distintas \u00e1reas\/sectores (Administraci\u00f3n y Finanzas, Log\u00edstica, Comercial, Producci\u00f3n, Dise\u00f1o, Desarrollo, etc.) Controllers. Administradores, Controles de Gesti\u00f3n. Responsables de Planificaci\u00f3n\/Planeamiento de envasados.<\/p>\n\n\n\n<h3 class=\"wp-block-heading\">TEMARIO<\/h3>\n\n\n\n<ul class=\"wp-block-list\">\n<li>Definiciones conceptuales: Proveedor, Cliente, Proceso, Gesti\u00f3n, Especificaci\u00f3n, etc.<\/li>\n\n\n\n<li>Planeamiento Estrat\u00e9gico y Estrategias de: Definici\u00f3n de Criticidad, Selecci\u00f3n de Proveedores, Desarrollo de Proveedores.<\/li>\n\n\n\n<li>Comunicaci\u00f3n con Proveedores (rol de compras y distintos departamentos, procesos en com\u00fan entre la Compa\u00f1\u00eda y el Proveedor. Principales Problemas. Casos.).<\/li>\n\n\n\n<li>Valoraci\u00f3n de Performance de Proveedores (Evaluaci\u00f3n potencial, evaluaci\u00f3n desempe\u00f1o, tendencias y comparaciones).<\/li>\n\n\n\n<li>Estrategias de Mejora de Proveedores (servicio y manufactura).<\/li>\n\n\n\n<li>Programas de Certificaci\u00f3n de Proveedores &#8211; Asociaciones y Alianzas con Proveedores.<\/li>\n\n\n\n<li>Manejo de Log\u00edstica y Cadena de Abastecimiento.<\/li>\n\n\n\n<li>La Gesti\u00f3n de Proveedores como Proceso &#8211; La Gesti\u00f3n de Proveedores dentro del Marco de Negocios de la Organizaci\u00f3n.<\/li>\n\n\n\n<li>Conclusiones y Cierre.<\/li>\n<\/ul>\n\n\n\n<h3 class=\"wp-block-heading\">DOCENTE<\/h3>\n\n\n\n<p><a rel=\"noopener noreferrer\" href=\"https:\/\/www.portaldeinocuidad.com\/web\/roberto-sabuqui\/\" target=\"_blank\">Roberto Sabuqui<\/a>.<\/p>\n\n\n\n<h3 class=\"wp-block-heading\">INVERSI\u00d3N<\/h3>\n\n\n\n<p>Sala abierta U$D 100.-<br><strong>Con certificaci\u00f3n U$D 150.-<\/strong><br><a href=\"https:\/\/zfrmz.com\/RlJDeHXU0IiGDFwu5WEG\" target=\"_blank\" rel=\"noreferrer noopener\">Modalidad \u00abBlend\u00bb, solicitar cotizaci\u00f3n aqu\u00ed<\/a>.<\/p>\n\n\n\n<h3 class=\"wp-block-heading\">MEDIOS DE PAGO<\/h3>\n\n\n\n<p><strong>PAGO EN D\u00d3LARES<\/strong><\/p>\n\n\n\n<p>Tarjeta de cr\u00e9dito via PayPal<\/p>\n\n\n\n<p><strong><a href=\"https:\/\/www.paypal.com\/cgi-bin\/webscr?cmd=_s-xclick&amp;hosted_button_id=FKDEFJBPKFLSJ\" target=\"_blank\" rel=\"noreferrer noopener\">u$s 100.- Sin certificaci\u00f3n, para abonar click aqu\u00ed<\/a>.<br><a href=\"https:\/\/www.paypal.com\/cgi-bin\/webscr?cmd=_s-xclick&amp;hosted_button_id=5GHL6GFC6QXE6\" target=\"_blank\" rel=\"noreferrer noopener\">u$s 150.- Con certificaci\u00f3n, para abonar click aqu\u00ed<\/a>.<\/strong><\/p>\n\n\n\n<p>&nbsp;<a href=\"https:\/\/www.portaldeinocuidad.com\/web\/contacto\/\" target=\"_blank\" rel=\"noreferrer noopener\">Consultar aqu\u00ed por aranceles en su moneda local y otras formas de pago<\/a>.<\/p>\n\n\n\n<h3 class=\"wp-block-heading\">PASOS PARA INSCRIBIRSE AL CURSO<\/h3>\n\n\n\n<ol class=\"wp-block-list\">\n<li>Completar el siguiente formulario.<\/li>\n\n\n\n<li>Abonar el curso.<\/li>\n\n\n\n<li>Enviar su comprobante de pago a contacto@portaldeinocuidad.com.<\/li>\n<\/ol>\n\n\n\n<h4 class=\"wp-block-heading\">Complete el siguiente formulario para iniciar la inscripci\u00f3n al curso:<\/h4>\n\n\n\n<div style=\"height:30px\" aria-hidden=\"true\" class=\"wp-block-spacer\"><\/div>\n\n\n\n<iframe aria-label='Contact Us x Cursos 2025' frameborder=\"0\" style=\"height:500px;width:99%;border:none;\" src='https:\/\/forms.zohopublic.com\/portaldeinocuidad\/form\/ContactUsxCursos2025\/formperma\/qrSIscM9lcM8pTeEG68oDU_nRWSeajSbm24bs5_In5E'><\/iframe>\n","protected":false},"excerpt":{"rendered":"<p>CURSO A DISTANCIA Certificado por Portal de Inocuidad (ver m\u00e1s&nbsp;aqu\u00ed). COMIENCE YA. El curso est\u00e1 siempre disponible. DURACI\u00d3N:&nbsp;4 semanas. Si desea realizar esta capacitaci\u00f3n para su&nbsp;equipo de trabajo&nbsp;(a distancia o in company), por favor, escr\u00edbanos a contacto@portaldeinocuidad.com. DESCRIPCI\u00d3N GENERAL Resuelva el abastecimiento de materias primas e insumos a trav\u00e9s de un programa de gesti\u00f3n de [&hellip;]<\/p>\n","protected":false},"author":1,"featured_media":2341,"parent":0,"menu_order":0,"comment_status":"closed","ping_status":"closed","template":"","meta":{"_genesis_hide_title":false,"_genesis_hide_breadcrumbs":false,"_genesis_hide_singular_image":false,"_genesis_hide_footer_widgets":false,"_genesis_custom_body_class":"","_genesis_custom_post_class":"","_genesis_layout":"full-width-content","footnotes":""},"class_list":{"0":"post-2128","1":"page","2":"type-page","3":"status-publish","4":"has-post-thumbnail","6":"entry"},"featured_image_src":"https:\/\/www.portaldeinocuidad.com\/web\/wp-content\/uploads\/2018\/07\/proveedores.jpg","featured_image_src_square":"https:\/\/www.portaldeinocuidad.com\/web\/wp-content\/uploads\/2018\/07\/proveedores.jpg","_links":{"self":[{"href":"https:\/\/www.portaldeinocuidad.com\/web\/wp-json\/wp\/v2\/pages\/2128","targetHints":{"allow":["GET"]}}],"collection":[{"href":"https:\/\/www.portaldeinocuidad.com\/web\/wp-json\/wp\/v2\/pages"}],"about":[{"href":"https:\/\/www.portaldeinocuidad.com\/web\/wp-json\/wp\/v2\/types\/page"}],"author":[{"embeddable":true,"href":"https:\/\/www.portaldeinocuidad.com\/web\/wp-json\/wp\/v2\/users\/1"}],"replies":[{"embeddable":true,"href":"https:\/\/www.portaldeinocuidad.com\/web\/wp-json\/wp\/v2\/comments?post=2128"}],"version-history":[{"count":99,"href":"https:\/\/www.portaldeinocuidad.com\/web\/wp-json\/wp\/v2\/pages\/2128\/revisions"}],"predecessor-version":[{"id":29091,"href":"https:\/\/www.portaldeinocuidad.com\/web\/wp-json\/wp\/v2\/pages\/2128\/revisions\/29091"}],"wp:featuredmedia":[{"embeddable":true,"href":"https:\/\/www.portaldeinocuidad.com\/web\/wp-json\/wp\/v2\/media\/2341"}],"wp:attachment":[{"href":"https:\/\/www.portaldeinocuidad.com\/web\/wp-json\/wp\/v2\/media?parent=2128"}],"curies":[{"name":"wp","href":"https:\/\/api.w.org\/{rel}","templated":true}]}}