{"id":2121,"date":"2018-06-18T23:28:31","date_gmt":"2018-06-18T23:28:31","guid":{"rendered":"https:\/\/www.portaldeinocuidad.com\/web\/?page_id=2121"},"modified":"2025-05-05T14:47:21","modified_gmt":"2025-05-05T17:47:21","slug":"mantenimiento-en-la-industria-de-alimentos","status":"publish","type":"page","link":"https:\/\/www.portaldeinocuidad.com\/web\/mantenimiento-en-la-industria-de-alimentos\/","title":{"rendered":"Mantenimiento en la Industria de Alimentos"},"content":{"rendered":"\n<h2 class=\"wp-block-heading has-text-align-center\"><span style=\"color: #899b11;\">CURSO A DISTANCIA<\/span><\/h2>\n\n\n\n<p class=\"has-text-align-center\">Certificado por Portal de Inocuidad (ver m\u00e1s&nbsp;<a href=\"https:\/\/www.portaldeinocuidad.com\/web\/wp-content\/uploads\/2022\/02\/CertificaciondePortaldeInocuidad.pdf\" target=\"_blank\" rel=\"noreferrer noopener\">aqu\u00ed<\/a>).<\/p>\n\n\n\n<p class=\"has-text-align-center\">COMIENCE YA. El curso est\u00e1 siempre disponible.<\/p>\n\n\n\n<p class=\"has-text-align-center\"><strong>DURACI\u00d3N:&nbsp;<\/strong>4 semanas.<\/p>\n\n\n\n<p class=\"has-text-align-center has-very-light-gray-background-color has-background\">Si desea realizar esta capacitaci\u00f3n para su&nbsp;<strong>equipo de trabajo<\/strong>&nbsp;(a distancia o in company), por favor, escr\u00edbanos a contacto@portaldeinocuidad.com.<\/p>\n\n\n\n<h3 class=\"wp-block-heading\">DESCRIPCI\u00d3N GENERAL<\/h3>\n\n\n\n<p>Aprenda a gestionar un efectivo plan de mantenimiento, de instalaciones, equipos e instrumentos de medici\u00f3n.<\/p>\n\n\n\n<h3 class=\"wp-block-heading\">OBJETIVO<\/h3>\n\n\n\n<p>El objetivo general de esta capacitaci\u00f3n es que los participantes puedan dise\u00f1ar programas de mantenimiento efectivos aplicados a equipos, instalaciones y ambientes de rubro alimenticio y afines. Tambi\u00e9n que tengan los criterios suficientes para seleccionar los proveedores que reparen los equipos, que abastezcan de repuestos y de m\u00e1quinas; todo dentro de un contexto de Buenas Pr\u00e1cticas de Manufactura e Higiene.<\/p>\n\n\n\n<h3 class=\"wp-block-heading\">DIRIGIDO A<\/h3>\n\n\n\n<p>Personas que se desempe\u00f1en en niveles gerenciales, en niveles t\u00e9cnicos de producci\u00f3n, mantenimiento, calidad y laboratorio, en empresa agroalimentarias. Personas que se desempe\u00f1an como consultores independientes y en instituciones relacionadas, log\u00edstica, organismos oficiales, etc.<\/p>\n\n\n\n<h3 class=\"wp-block-heading\">TEMARIO<\/h3>\n\n\n\n<ul class=\"wp-block-list\">\n<li>Tipos de Mantenimiento.\n<ul class=\"wp-block-list\">\n<li>Mantenimiento correctivo.<\/li>\n\n\n\n<li>Mantenimiento preventivo.<\/li>\n\n\n\n<li>Mantenimiento predictivo.<\/li>\n\n\n\n<li>Mantenimiento productivo.<\/li>\n<\/ul>\n<\/li>\n\n\n\n<li>Aceites Lubricantes.<\/li>\n\n\n\n<li>Limpieza de M\u00e1quinas. Diagramaci\u00f3n y programaci\u00f3n. Normas BPM y POES.<\/li>\n\n\n\n<li>Informatizaci\u00f3n del Mantenimiento.\n<ul class=\"wp-block-list\">\n<li>Reportes.<\/li>\n\n\n\n<li>Indicadores.<\/li>\n<\/ul>\n<\/li>\n\n\n\n<li>Capacidades y Competencias del personal de Mantenimiento.<\/li>\n\n\n\n<li>Elecci\u00f3n de Proveedores.<\/li>\n\n\n\n<li>Indicadores de Gesti\u00f3n de Mantenimiento.<\/li>\n\n\n\n<li>Mantenimiento Productivo Total (TPM).<\/li>\n\n\n\n<li>Tipos y estructura de los costos de Mantenimiento.<\/li>\n\n\n\n<li>Presupuesto de Mantenimiento: objetivos, beneficios y control.<\/li>\n<\/ul>\n\n\n\n<h3 class=\"wp-block-heading\">TESTIMONIOS<\/h3>\n\n\n\n<blockquote class=\"wp-block-quote is-layout-flow wp-block-quote-is-layout-flow\">\n<p>Les agradezco el hecho de pensar este curso, ya que por mi parte ten\u00eda serias dudas sobre el programa de mantenimiento en la empresa y lo que nos ha dejado el curso es precisamente herramientas para una correcta ejecuci\u00f3n y control. As\u00ed que empezar a planear estrat\u00e9gicamente todos estos asuntos son una verdadera belleza, si lo que se quiere es hacer las cosas bien.<\/p>\n<cite> Luis Fernando J. de Colombia. 2014.<\/cite><\/blockquote>\n\n\n\n<h3 class=\"wp-block-heading\">DOCENTE<\/h3>\n\n\n\n<p>Portal de Inocuidad.<\/p>\n\n\n\n<h3 class=\"wp-block-heading\">INVERSI\u00d3N<\/h3>\n\n\n\n<p>Sala abierta U$D 100.-<br><strong>Con certificaci\u00f3n U$D 150.-<\/strong><br><a href=\"https:\/\/zfrmz.com\/RlJDeHXU0IiGDFwu5WEG\" target=\"_blank\" rel=\"noreferrer noopener\">Modalidad \u00abBlend\u00bb, solicitar cotizaci\u00f3n aqu\u00ed<\/a>.<\/p>\n\n\n\n<h3 class=\"wp-block-heading\">MEDIOS DE PAGO<\/h3>\n\n\n\n<p><strong>PAGO EN D\u00d3LARES<\/strong><\/p>\n\n\n\n<p>Tarjeta de cr\u00e9dito via PayPal<\/p>\n\n\n\n<p><strong><a href=\"https:\/\/www.paypal.com\/cgi-bin\/webscr?cmd=_s-xclick&amp;hosted_button_id=FKDEFJBPKFLSJ\" target=\"_blank\" rel=\"noreferrer noopener\">u$s 100.- Sin certificaci\u00f3n, para abonar click aqu\u00ed<\/a>.<br><a href=\"https:\/\/www.paypal.com\/cgi-bin\/webscr?cmd=_s-xclick&amp;hosted_button_id=5GHL6GFC6QXE6\" target=\"_blank\" rel=\"noreferrer noopener\">u$s 150.- Con certificaci\u00f3n, para abonar click aqu\u00ed<\/a>.<\/strong><\/p>\n\n\n\n<p>&nbsp;<a href=\"https:\/\/www.portaldeinocuidad.com\/web\/contacto\/\" target=\"_blank\" rel=\"noreferrer noopener\">Consultar aqu\u00ed por aranceles en su moneda local y otras formas de pago<\/a>.<\/p>\n\n\n\n<h3 class=\"wp-block-heading\">PASOS PARA INSCRIBIRSE AL CURSO<\/h3>\n\n\n\n<ol class=\"wp-block-list\">\n<li>Completar el siguiente formulario.<\/li>\n\n\n\n<li>Abonar el curso.<\/li>\n\n\n\n<li>Enviar su comprobante de pago a contacto@portaldeinocuidad.com.<\/li>\n<\/ol>\n\n\n\n<h4 class=\"wp-block-heading\">Complete el siguiente formulario para iniciar la inscripci\u00f3n al curso:<\/h4>\n\n\n\n<div style=\"height:30px\" aria-hidden=\"true\" class=\"wp-block-spacer\"><\/div>\n\n\n\n<iframe aria-label='Contact Us x Cursos 2025' frameborder=\"0\" style=\"height:500px;width:99%;border:none;\" src='https:\/\/forms.zohopublic.com\/portaldeinocuidad\/form\/ContactUsxCursos2025\/formperma\/qrSIscM9lcM8pTeEG68oDU_nRWSeajSbm24bs5_In5E'><\/iframe>\n","protected":false},"excerpt":{"rendered":"<p>CURSO A DISTANCIA Certificado por Portal de Inocuidad (ver m\u00e1s&nbsp;aqu\u00ed). COMIENCE YA. El curso est\u00e1 siempre disponible. DURACI\u00d3N:&nbsp;4 semanas. Si desea realizar esta capacitaci\u00f3n para su&nbsp;equipo de trabajo&nbsp;(a distancia o in company), por favor, escr\u00edbanos a contacto@portaldeinocuidad.com. DESCRIPCI\u00d3N GENERAL Aprenda a gestionar un efectivo plan de mantenimiento, de instalaciones, equipos e instrumentos de medici\u00f3n. OBJETIVO [&hellip;]<\/p>\n","protected":false},"author":1,"featured_media":2338,"parent":0,"menu_order":0,"comment_status":"closed","ping_status":"closed","template":"","meta":{"_genesis_hide_title":false,"_genesis_hide_breadcrumbs":false,"_genesis_hide_singular_image":false,"_genesis_hide_footer_widgets":false,"_genesis_custom_body_class":"","_genesis_custom_post_class":"","_genesis_layout":"full-width-content","footnotes":""},"class_list":{"0":"post-2121","1":"page","2":"type-page","3":"status-publish","4":"has-post-thumbnail","6":"entry"},"featured_image_src":"https:\/\/www.portaldeinocuidad.com\/web\/wp-content\/uploads\/2018\/07\/mantenimiento.jpg","featured_image_src_square":"https:\/\/www.portaldeinocuidad.com\/web\/wp-content\/uploads\/2018\/07\/mantenimiento.jpg","_links":{"self":[{"href":"https:\/\/www.portaldeinocuidad.com\/web\/wp-json\/wp\/v2\/pages\/2121","targetHints":{"allow":["GET"]}}],"collection":[{"href":"https:\/\/www.portaldeinocuidad.com\/web\/wp-json\/wp\/v2\/pages"}],"about":[{"href":"https:\/\/www.portaldeinocuidad.com\/web\/wp-json\/wp\/v2\/types\/page"}],"author":[{"embeddable":true,"href":"https:\/\/www.portaldeinocuidad.com\/web\/wp-json\/wp\/v2\/users\/1"}],"replies":[{"embeddable":true,"href":"https:\/\/www.portaldeinocuidad.com\/web\/wp-json\/wp\/v2\/comments?post=2121"}],"version-history":[{"count":89,"href":"https:\/\/www.portaldeinocuidad.com\/web\/wp-json\/wp\/v2\/pages\/2121\/revisions"}],"predecessor-version":[{"id":29269,"href":"https:\/\/www.portaldeinocuidad.com\/web\/wp-json\/wp\/v2\/pages\/2121\/revisions\/29269"}],"wp:featuredmedia":[{"embeddable":true,"href":"https:\/\/www.portaldeinocuidad.com\/web\/wp-json\/wp\/v2\/media\/2338"}],"wp:attachment":[{"href":"https:\/\/www.portaldeinocuidad.com\/web\/wp-json\/wp\/v2\/media?parent=2121"}],"curies":[{"name":"wp","href":"https:\/\/api.w.org\/{rel}","templated":true}]}}