{"id":2119,"date":"2018-06-18T23:27:41","date_gmt":"2018-06-18T23:27:41","guid":{"rendered":"https:\/\/www.portaldeinocuidad.com\/web\/?page_id=2119"},"modified":"2025-04-04T15:58:25","modified_gmt":"2025-04-04T18:58:25","slug":"ifs-food","status":"publish","type":"page","link":"https:\/\/www.portaldeinocuidad.com\/web\/ifs-food\/","title":{"rendered":"IFS Food (\u00faltima versi\u00f3n)"},"content":{"rendered":"\n<h2 class=\"wp-block-heading has-text-align-center\"><span style=\"color: #899b11;\">CURSO A DISTANCIA<\/span><\/h2>\n\n\n\n<p class=\"has-text-align-center\">Certificado por Portal de Inocuidad (ver m\u00e1s&nbsp;<a href=\"https:\/\/www.portaldeinocuidad.com\/web\/wp-content\/uploads\/2022\/02\/CertificaciondePortaldeInocuidad.pdf\" target=\"_blank\" rel=\"noreferrer noopener\">aqu\u00ed<\/a>).<\/p>\n\n\n\n<p class=\"has-text-align-center\">COMIENCE YA. El curso est\u00e1 siempre disponible.<\/p>\n\n\n\n<p class=\"has-text-align-center\"><strong>DURACI\u00d3N:&nbsp;<\/strong>4 semanas.<\/p>\n\n\n\n<p class=\"has-text-align-center has-very-light-gray-background-color has-background\">Si desea realizar esta capacitaci\u00f3n para su&nbsp;<strong>equipo de trabajo<\/strong>&nbsp;(a distancia o in company), por favor, escr\u00edbanos a contacto@portaldeinocuidad.com.<\/p>\n\n\n\n<h3 class=\"wp-block-heading\">DESCRIPCI\u00d3N GENERAL<\/h3>\n\n\n\n<p>Analice las particularidades del standard y los modos de llevarlo a la pr\u00e1ctica.<\/p>\n\n\n\n<h3 class=\"wp-block-heading\">OBJETIVO<\/h3>\n\n\n\n<p>Analizar las particularidades del standard y los modos de llevarlas a la pr\u00e1ctica.<\/p>\n\n\n\n<h3 class=\"wp-block-heading\">OBJETIVOS ESPEC\u00cdFICOS<\/h3>\n\n\n\n<ul class=\"wp-block-list\">\n<li>Reconocer las tendencias globales y las expectativas de los principales clientes potenciales (por ejemplo supermercados franceses, alemanes, italianos, espa\u00f1oles).<\/li>\n\n\n\n<li>Analizar el standard IFS en el marco de GFSI.<\/li>\n\n\n\n<li>Analizar los requisitos para la implementaci\u00f3n y certificaci\u00f3n del standard IFS en su \u00faltima versi\u00f3n.<\/li>\n\n\n\n<li>Estudiar los requisitos y novedades del standard:\n<ul class=\"wp-block-list\">\n<li>Cambios en la duraci\u00f3n de las auditor\u00edas.<\/li>\n\n\n\n<li>Incorporaci\u00f3n de las auditor\u00edas de ampliaci\u00f3n de alcance.<\/li>\n\n\n\n<li>Adaptaci\u00f3n de las auditor\u00eda a empresas con varios centros de producci\u00f3n y sede central.<\/li>\n\n\n\n<li>Nueva puntuaci\u00f3n de devaluaci\u00f3n para requisitos insuficientemente implantados.<\/li>\n\n\n\n<li>Nuevos requisitos de calidad incluyendo la comprobaci\u00f3n de los datos nutricionales en el etiquetado.<\/li>\n\n\n\n<li>Nuevos requisitos para comprobar la puesta en circulaci\u00f3n de productos con certificado IFS, de elaboraci\u00f3n fuera de planta.<\/li>\n\n\n\n<li>Protecci\u00f3n de la cadena alimentaria contra ataques terroristas. <\/li>\n<\/ul>\n<\/li>\n\n\n\n<li>Realizar ejercicios de aplicaci\u00f3n en casos reales para la implementaci\u00f3n de los requisitos.<\/li>\n<\/ul>\n\n\n\n<h3 class=\"wp-block-heading\">DIRIGIDO A<\/h3>\n\n\n\n<p>Personas que se desempe\u00f1en en niveles gerenciales, en niveles t\u00e9cnicos de producci\u00f3n, mantenimiento, calidad, laboratorio y en equipo HACCP, en empresas agroalimentarias, de log\u00edstica, organismos oficiales, etc.<\/p>\n\n\n\n<h3 class=\"wp-block-heading\">TEMARIO<\/h3>\n\n\n\n<ul class=\"wp-block-list\">\n<li>Qu\u00e9 es IFS.<\/li>\n\n\n\n<li>Importancia de IFS.<\/li>\n\n\n\n<li>An\u00e1lisis de los requisitos.<\/li>\n\n\n\n<li>Novedades de la nueva versi\u00f3n.<\/li>\n\n\n\n<li>Implementaci\u00f3n IFS.<\/li>\n\n\n\n<li>Certificaci\u00f3n IFS.<\/li>\n<\/ul>\n\n\n\n<h3 class=\"wp-block-heading\">DOCENTE<\/h3>\n\n\n\n<p><a rel=\"noopener noreferrer\" href=\"https:\/\/www.portaldeinocuidad.com\/web\/leila-burin\/\" target=\"_blank\">Leila Burin<\/a>.<\/p>\n\n\n\n<h3 class=\"wp-block-heading\">INVERSI\u00d3N<\/h3>\n\n\n\n<p>Sala abierta U$D 100.-<br><strong>Con certificaci\u00f3n U$D 150.-<\/strong><br><a href=\"https:\/\/zfrmz.com\/RlJDeHXU0IiGDFwu5WEG\" target=\"_blank\" rel=\"noreferrer noopener\">Modalidad \u00abBlend\u00bb, solicitar cotizaci\u00f3n aqu\u00ed<\/a>.<\/p>\n\n\n\n<h3 class=\"wp-block-heading\">MEDIOS DE PAGO<\/h3>\n\n\n\n<p><strong>PAGO EN D\u00d3LARES<\/strong><\/p>\n\n\n\n<p>Tarjeta de cr\u00e9dito via PayPal<\/p>\n\n\n\n<p><strong><a href=\"https:\/\/www.paypal.com\/cgi-bin\/webscr?cmd=_s-xclick&amp;hosted_button_id=FKDEFJBPKFLSJ\" target=\"_blank\" rel=\"noreferrer noopener\">u$s 100.- Sin certificaci\u00f3n, para abonar click aqu\u00ed<\/a>.<br><a href=\"https:\/\/www.paypal.com\/cgi-bin\/webscr?cmd=_s-xclick&amp;hosted_button_id=5GHL6GFC6QXE6\" target=\"_blank\" rel=\"noreferrer noopener\">u$s 150.- Con certificaci\u00f3n, para abonar click aqu\u00ed<\/a>.<\/strong><\/p>\n\n\n\n<p>&nbsp;<a href=\"https:\/\/www.portaldeinocuidad.com\/web\/contacto\/\" target=\"_blank\" rel=\"noreferrer noopener\">Consultar aqu\u00ed por aranceles en su moneda local y otras formas de pago<\/a>.<\/p>\n\n\n\n<h3 class=\"wp-block-heading\">PASOS PARA INSCRIBIRSE AL CURSO<\/h3>\n\n\n\n<ol class=\"wp-block-list\">\n<li>Completar el siguiente formulario.<\/li>\n\n\n\n<li>Abonar el curso.<\/li>\n\n\n\n<li>Enviar su comprobante de pago a contacto@portaldeinocuidad.com.<\/li>\n<\/ol>\n\n\n\n<h4 class=\"wp-block-heading\">Complete el siguiente formulario para iniciar la inscripci\u00f3n al curso:<\/h4>\n\n\n\n<div style=\"height:30px\" aria-hidden=\"true\" class=\"wp-block-spacer\"><\/div>\n\n\n\n<iframe aria-label='Contact Us x Cursos 2025' frameborder=\"0\" style=\"height:500px;width:99%;border:none;\" src='https:\/\/forms.zohopublic.com\/portaldeinocuidad\/form\/ContactUsxCursos2025\/formperma\/qrSIscM9lcM8pTeEG68oDU_nRWSeajSbm24bs5_In5E'><\/iframe>\n","protected":false},"excerpt":{"rendered":"<p>CURSO A DISTANCIA Certificado por Portal de Inocuidad (ver m\u00e1s&nbsp;aqu\u00ed). COMIENCE YA. El curso est\u00e1 siempre disponible. DURACI\u00d3N:&nbsp;4 semanas. Si desea realizar esta capacitaci\u00f3n para su&nbsp;equipo de trabajo&nbsp;(a distancia o in company), por favor, escr\u00edbanos a contacto@portaldeinocuidad.com. DESCRIPCI\u00d3N GENERAL Analice las particularidades del standard y los modos de llevarlo a la pr\u00e1ctica. OBJETIVO Analizar las [&hellip;]<\/p>\n","protected":false},"author":1,"featured_media":22426,"parent":0,"menu_order":0,"comment_status":"closed","ping_status":"closed","template":"","meta":{"_genesis_hide_title":false,"_genesis_hide_breadcrumbs":false,"_genesis_hide_singular_image":false,"_genesis_hide_footer_widgets":false,"_genesis_custom_body_class":"","_genesis_custom_post_class":"","_genesis_layout":"full-width-content","footnotes":""},"class_list":{"0":"post-2119","1":"page","2":"type-page","3":"status-publish","4":"has-post-thumbnail","6":"entry"},"featured_image_src":"https:\/\/www.portaldeinocuidad.com\/web\/wp-content\/uploads\/2022\/10\/certificacion-ifs-food-600x400.jpg","featured_image_src_square":"https:\/\/www.portaldeinocuidad.com\/web\/wp-content\/uploads\/2022\/10\/certificacion-ifs-food-600x600.jpg","_links":{"self":[{"href":"https:\/\/www.portaldeinocuidad.com\/web\/wp-json\/wp\/v2\/pages\/2119","targetHints":{"allow":["GET"]}}],"collection":[{"href":"https:\/\/www.portaldeinocuidad.com\/web\/wp-json\/wp\/v2\/pages"}],"about":[{"href":"https:\/\/www.portaldeinocuidad.com\/web\/wp-json\/wp\/v2\/types\/page"}],"author":[{"embeddable":true,"href":"https:\/\/www.portaldeinocuidad.com\/web\/wp-json\/wp\/v2\/users\/1"}],"replies":[{"embeddable":true,"href":"https:\/\/www.portaldeinocuidad.com\/web\/wp-json\/wp\/v2\/comments?post=2119"}],"version-history":[{"count":95,"href":"https:\/\/www.portaldeinocuidad.com\/web\/wp-json\/wp\/v2\/pages\/2119\/revisions"}],"predecessor-version":[{"id":29079,"href":"https:\/\/www.portaldeinocuidad.com\/web\/wp-json\/wp\/v2\/pages\/2119\/revisions\/29079"}],"wp:featuredmedia":[{"embeddable":true,"href":"https:\/\/www.portaldeinocuidad.com\/web\/wp-json\/wp\/v2\/media\/22426"}],"wp:attachment":[{"href":"https:\/\/www.portaldeinocuidad.com\/web\/wp-json\/wp\/v2\/media?parent=2119"}],"curies":[{"name":"wp","href":"https:\/\/api.w.org\/{rel}","templated":true}]}}