{"id":2106,"date":"2018-06-18T23:18:01","date_gmt":"2018-06-18T23:18:01","guid":{"rendered":"https:\/\/www.portaldeinocuidad.com\/web\/?page_id=2106"},"modified":"2024-10-08T20:16:06","modified_gmt":"2024-10-08T23:16:06","slug":"almacenamiento-en-la-industria-de-alimentos","status":"publish","type":"page","link":"https:\/\/www.portaldeinocuidad.com\/web\/almacenamiento-en-la-industria-de-alimentos\/","title":{"rendered":"Almacenamiento en la Industria de Alimentos"},"content":{"rendered":"\n<h2 class=\"wp-block-heading has-text-align-center\"><span style=\"color: #899b11;\">CURSO A DISTANCIA<\/span><\/h2>\n\n\n\n<h2 class=\"wp-block-heading has-text-align-center\">Ciclo \u201cEtapas clave para la producci\u00f3n de alimentos\u201d<\/h2>\n\n\n\n<p class=\"has-text-align-center\">Certificado por Portal de Inocuidad (ver m\u00e1s&nbsp;<a href=\"http:\/\/www.portaldeinocuidad.com\/RepositorioPortal\/CertificaciondePortaldeInocuidad.pdf\">aqu\u00ed<\/a>).<\/p>\n\n\n\n<p class=\"has-text-align-center\"><strong>PR\u00d3XIMAS FECHAS DE INICIO<\/strong><\/p>\n\n\n\n<p class=\"has-text-align-center\">A confirmar.<\/p>\n\n\n\n<p class=\"has-text-align-center\"><strong>DURACI\u00d3N:&nbsp;<\/strong>2 semanas (15 horas).<\/p>\n\n\n\n<p class=\"has-text-align-center has-very-light-gray-background-color has-background\">Si desea realizar esta capacitaci\u00f3n para su&nbsp;<strong>equipo de trabajo<\/strong>&nbsp;(a distancia o in company), u&nbsp;<strong>otra fecha<\/strong>&nbsp;para participar individualmente, por favor, escr\u00edbanos a contacto@portaldeinocuidad.com.<\/p>\n\n\n\n<h3 class=\"wp-block-heading\">TEMARIO<\/h3>\n\n\n\n<ul class=\"wp-block-list\">\n<li>Almacenamiento como valor agregado de la inocuidad.<\/li>\n\n\n\n<li>Identificaci\u00f3n y trazabilidad.<\/li>\n\n\n\n<li>Gesti\u00f3n de stocks y balance de masas.<\/li>\n\n\n\n<li>Almacenamiento como PCC.<\/li>\n\n\n\n<li>Controles en almacenamiento.<\/li>\n\n\n\n<li>Caso de \u00e9xito.<\/li>\n<\/ul>\n\n\n\n<h3 class=\"wp-block-heading\">METODOLOG\u00cdA<\/h3>\n\n\n\n<p>Ver los detalles de la metodolog\u00eda a distancia del curso&nbsp;<a rel=\"noreferrer noopener\" href=\"http:\/\/www.portaldeinocuidad.com\/RepositorioPortal\/PDF_Metodologia_2020.pdf\" target=\"_blank\">aqu\u00ed<\/a>.<\/p>\n\n\n\n<h3 class=\"wp-block-heading\">DOCENTE<\/h3>\n\n\n\n<p><a href=\"https:\/\/www.portaldeinocuidad.com\/web\/paula-feldman\/\" target=\"_blank\" rel=\"noopener noreferrer\">Paula Feldman<\/a>.<\/p>\n\n\n\n<h3 class=\"wp-block-heading\">INVERSI\u00d3N<\/h3>\n\n\n\n<p>u$s 100.-<\/p>\n\n\n\n<h3 class=\"wp-block-heading\">MEDIOS DE PAGO<\/h3>\n\n\n\n<p><strong>PAGO EN D\u00d3LARES<\/strong><\/p>\n\n\n\n<p><strong>Tarjeta de cr\u00e9dito via PayPal<\/strong><\/p>\n\n\n\n<p>u$s 100.-&nbsp;<strong><a href=\"https:\/\/www.paypal.com\/cgi-bin\/webscr?cmd=_s-xclick&amp;hosted_button_id=FKDEFJBPKFLSJ\" target=\"_blank\" rel=\"noreferrer noopener\">Para abonar click aqu\u00ed<\/a><\/strong>.<\/p>\n\n\n\n<p><a href=\"https:\/\/www.portaldeinocuidad.com\/web\/contacto\/\" target=\"_blank\" rel=\"noreferrer noopener\">Consultar aqu\u00ed por aranceles en su moneda local<\/a>.<\/p>\n\n\n\n<h3 class=\"wp-block-heading\">PASOS PARA INSCRIBIRSE AL CURSO<\/h3>\n\n\n\n<ol class=\"wp-block-list\">\n<li>Completar el siguiente formulario.<\/li>\n\n\n\n<li>Abonar el curso.<\/li>\n\n\n\n<li>Enviar su comprobante de pago a contacto@portaldeinocuidad.com.<\/li>\n<\/ol>\n\n\n\n<h4 class=\"wp-block-heading\">Complete el siguiente formulario para iniciar la inscripci\u00f3n al curso:<\/h4>\n\n\n\n<div id=\"zf_div_bhG8mSavUue15e0YpzKQAmou2wLFuKjaOQiF4kF4Ekk\"><\/div><script type=\"text\/javascript\">(function() {\ntry{\nvar f = document.createElement(\"iframe\");\nf.src = 'https:\/\/forms.zohopublic.com\/portaldeinocuidad\/form\/ContactUsxCursos\/formperma\/bhG8mSavUue15e0YpzKQAmou2wLFuKjaOQiF4kF4Ekk?zf_rszfm=1';\nf.style.border=\"none\";\nf.style.height=\"1812px\";\nf.style.width=\"90%\";\nf.style.transition=\"all 0.5s ease\";\nf.setAttribute(\"aria-label\", 'Contact\\x20Us\\x20x\\x20Cursos');\n\nvar d = document.getElementById(\"zf_div_bhG8mSavUue15e0YpzKQAmou2wLFuKjaOQiF4kF4Ekk\");\nd.appendChild(f);\nwindow.addEventListener('message', function (){\nvar evntData = event.data;\nif( evntData && evntData.constructor == String ){\nvar zf_ifrm_data = evntData.split(\"|\");\nif ( zf_ifrm_data.length == 2 || zf_ifrm_data.length == 3 ) {\nvar zf_perma = zf_ifrm_data[0];\nvar zf_ifrm_ht_nw = ( parseInt(zf_ifrm_data[1], 10) + 15 ) + \"px\";\nvar iframe = document.getElementById(\"zf_div_bhG8mSavUue15e0YpzKQAmou2wLFuKjaOQiF4kF4Ekk\").getElementsByTagName(\"iframe\")[0];\nif ( (iframe.src).indexOf('formperma') > 0 && (iframe.src).indexOf(zf_perma) > 0 ) {\nvar prevIframeHeight = iframe.style.height;\nvar zf_tout = false;\nif( zf_ifrm_data.length == 3 ) {\niframe.scrollIntoView();\nzf_tout = true;\n}\nif ( prevIframeHeight != zf_ifrm_ht_nw ) {\nif( zf_tout ) {\nsetTimeout(function(){\niframe.style.height = zf_ifrm_ht_nw;\n},500);\n} else {\niframe.style.height = zf_ifrm_ht_nw;\n}\n}\n}\n}\n}\n}, false);\n}catch(e){}\n})();<\/script>\n","protected":false},"excerpt":{"rendered":"<p>CURSO A DISTANCIA Ciclo \u201cEtapas clave para la producci\u00f3n de alimentos\u201d Certificado por Portal de Inocuidad (ver m\u00e1s&nbsp;aqu\u00ed). PR\u00d3XIMAS FECHAS DE INICIO A confirmar. DURACI\u00d3N:&nbsp;2 semanas (15 horas). Si desea realizar esta capacitaci\u00f3n para su&nbsp;equipo de trabajo&nbsp;(a distancia o in company), u&nbsp;otra fecha&nbsp;para participar individualmente, por favor, escr\u00edbanos a contacto@portaldeinocuidad.com. TEMARIO METODOLOG\u00cdA Ver los detalles [&hellip;]<\/p>\n","protected":false},"author":1,"featured_media":2313,"parent":0,"menu_order":0,"comment_status":"closed","ping_status":"closed","template":"","meta":{"_genesis_hide_title":false,"_genesis_hide_breadcrumbs":false,"_genesis_hide_singular_image":false,"_genesis_hide_footer_widgets":false,"_genesis_custom_body_class":"","_genesis_custom_post_class":"","_genesis_layout":"full-width-content","footnotes":""},"class_list":{"0":"post-2106","1":"page","2":"type-page","3":"status-publish","4":"has-post-thumbnail","6":"entry"},"featured_image_src":"https:\/\/www.portaldeinocuidad.com\/web\/wp-content\/uploads\/2018\/07\/ciclo-etapas-clave-para-la-produccion-de-alimentos.jpg","featured_image_src_square":"https:\/\/www.portaldeinocuidad.com\/web\/wp-content\/uploads\/2018\/07\/ciclo-etapas-clave-para-la-produccion-de-alimentos.jpg","_links":{"self":[{"href":"https:\/\/www.portaldeinocuidad.com\/web\/wp-json\/wp\/v2\/pages\/2106","targetHints":{"allow":["GET"]}}],"collection":[{"href":"https:\/\/www.portaldeinocuidad.com\/web\/wp-json\/wp\/v2\/pages"}],"about":[{"href":"https:\/\/www.portaldeinocuidad.com\/web\/wp-json\/wp\/v2\/types\/page"}],"author":[{"embeddable":true,"href":"https:\/\/www.portaldeinocuidad.com\/web\/wp-json\/wp\/v2\/users\/1"}],"replies":[{"embeddable":true,"href":"https:\/\/www.portaldeinocuidad.com\/web\/wp-json\/wp\/v2\/comments?post=2106"}],"version-history":[{"count":51,"href":"https:\/\/www.portaldeinocuidad.com\/web\/wp-json\/wp\/v2\/pages\/2106\/revisions"}],"predecessor-version":[{"id":27983,"href":"https:\/\/www.portaldeinocuidad.com\/web\/wp-json\/wp\/v2\/pages\/2106\/revisions\/27983"}],"wp:featuredmedia":[{"embeddable":true,"href":"https:\/\/www.portaldeinocuidad.com\/web\/wp-json\/wp\/v2\/media\/2313"}],"wp:attachment":[{"href":"https:\/\/www.portaldeinocuidad.com\/web\/wp-json\/wp\/v2\/media?parent=2106"}],"curies":[{"name":"wp","href":"https:\/\/api.w.org\/{rel}","templated":true}]}}