{"id":2085,"date":"2018-06-18T23:04:27","date_gmt":"2018-06-18T23:04:27","guid":{"rendered":"https:\/\/www.portaldeinocuidad.com\/web\/?page_id=2085"},"modified":"2024-09-19T12:12:07","modified_gmt":"2024-09-19T15:12:07","slug":"rotulado-y-publicidad-de-productos-envasados-argentina","status":"publish","type":"page","link":"https:\/\/www.portaldeinocuidad.com\/web\/rotulado-y-publicidad-de-productos-envasados-argentina\/","title":{"rendered":"Rotulado y Publicidad de Alimentos Envasados (solo para Argentina)"},"content":{"rendered":"\n<h2 class=\"wp-block-heading has-text-align-center\"><span style=\"color: #899b11;\">CURSO A DISTANCIA<\/span><\/h2>\n\n\n\n<p class=\"has-text-align-center\">Certificado por Portal de Inocuidad (ver m\u00e1s&nbsp;<a href=\"https:\/\/www.portaldeinocuidad.com\/web\/wp-content\/uploads\/2022\/02\/CertificaciondePortaldeInocuidad.pdf\" target=\"_blank\" rel=\"noreferrer noopener\">aqu\u00ed<\/a>).<\/p>\n\n\n\n<p class=\"has-text-align-center\"><strong>PR\u00d3XIMAS FECHAS DE INICIO<\/strong><\/p>\n\n\n\n<p class=\"has-text-align-center\">Martes 1 de abril de 2025.<\/p>\n\n\n\n<p class=\"has-text-align-center\"><strong>DURACI\u00d3N:&nbsp;<\/strong>6 semanas (80 horas).<\/p>\n\n\n\n<p class=\"has-text-align-center has-very-light-gray-background-color has-background\">Si desea realizar esta capacitaci\u00f3n para su&nbsp;<strong>equipo de trabajo<\/strong>&nbsp;(a distancia o in company), u&nbsp;<strong>otra fecha<\/strong>&nbsp;para participar individualmente, por favor, escr\u00edbanos a contacto@portaldeinocuidad.com.<\/p>\n\n\n\n<h3 class=\"wp-block-heading\">DESCRIPCI\u00d3N GENERAL<\/h3>\n\n\n\n<p>Obtenga las herramientas necesarias para el rotulado de alimentos envasados, cumpliendo con todas las legislaciones aplicables vigentes y brindando adecuada informaci\u00f3n al consumidor.<\/p>\n\n\n\n<h3 class=\"wp-block-heading\">OBJETIVO<\/h3>\n\n\n\n<p>El objetivo de este curso es proveer las herramientas necesarias para el rotulado de alimentos envasados, cumpliendo con todas las legislaciones aplicables vigentes y brindando adecuada informaci\u00f3n al consumidor.<\/p>\n\n\n\n<h3 class=\"wp-block-heading\">DIRIGIDO A<\/h3>\n\n\n\n<p>Personas que trabajen en de la Industria Alimentaria, vinculados a la tem\u00e1tica, que deseen adquirir conocimientos acerca de las normas para la rotulaci\u00f3n de alimentos envasados.<\/p>\n\n\n\n<h3 class=\"wp-block-heading\">TEMARIO<\/h3>\n\n\n\n<ul class=\"wp-block-list\">\n<li>Principios generales del rotulado.<\/li>\n\n\n\n<li>Informaci\u00f3n obligatoria.<\/li>\n\n\n\n<li>Declaraci\u00f3n de ingredientes y aditivos.<\/li>\n\n\n\n<li>Contenidos netos.<\/li>\n\n\n\n<li>Identificaci\u00f3n de origen.<\/li>\n\n\n\n<li>Vida \u00fatil e indicaciones de conservaci\u00f3n.<\/li>\n\n\n\n<li>Declaraci\u00f3n de Al\u00e9rgenos.<\/li>\n\n\n\n<li>Limitaciones en el contenido de Grasas Trans y Sodio en alimentos.<\/li>\n\n\n\n<li>Informaci\u00f3n nutricional obligatoria.<\/li>\n\n\n\n<li>Informaci\u00f3n nutricional complementaria.<\/li>\n\n\n\n<li>Alimentos Libre de Gluten.<\/li>\n<\/ul>\n\n\n\n<h3 class=\"wp-block-heading\">TESTIMONIOS<\/h3>\n\n\n\n<blockquote class=\"wp-block-quote is-layout-flow wp-block-quote-is-layout-flow\">\n<p>Este es el tercer curso que tomo con ustedes. S\u00ed lo recomendar\u00eda porque en general proporcionaron informaci\u00f3n relevante para mejorar lo que ya se tiene o bien entender por donde empezar. La modalidad siempre me ha gustado que sea en l\u00ednea para poder trabajar sin tanta presi\u00f3n, sobre todo cuando se trabaja. Los contenidos son completamente aplicables, ya que, son temas que forman parte del esquema de inocuidad que yo trabajo, entonces, toda esta informaci\u00f3n me servir\u00e1 para mejorar lo que ya tengo implementado.&nbsp;Voy a mejorar el procedimiento para la aprobaci\u00f3n de proveedores.<\/p>\n<cite>Martha de Argentina. 2020.<\/cite><\/blockquote>\n\n\n\n<blockquote class=\"wp-block-quote is-layout-flow wp-block-quote-is-layout-flow\">\n<p>El curso cumpli\u00f3 mis expectativas, me gust\u00f3 el material y me pareci\u00f3 enriquecedor. Hacer ejemplos con productos que encontramos en el mercado me gust\u00f3 ya que nos muestra ejemplos reales, claro est\u00e1 como dice el material, sin juzgar. <\/p>\n<cite> Jimena de Argentina. 2015.<\/cite><\/blockquote>\n\n\n\n<h3 class=\"wp-block-heading\">METODOLOG\u00cdA<\/h3>\n\n\n\n<p>Ver los detalles de la metodolog\u00eda a distancia del curso&nbsp;<a href=\"https:\/\/www.portaldeinocuidad.com\/web\/wp-content\/uploads\/2022\/02\/PDF_Metodologia.pdf\" target=\"_blank\" rel=\"noreferrer noopener\">aqu\u00ed<\/a>.<\/p>\n\n\n\n<h3 class=\"wp-block-heading\">DOCENTE<\/h3>\n\n\n\n<p><a href=\"https:\/\/www.portaldeinocuidad.com\/web\/maria-blasco\/\" target=\"_blank\" rel=\"noopener noreferrer\">Mar\u00eda Blasco<\/a>.<\/p>\n\n\n\n<h3 class=\"wp-block-heading\">INVERSI\u00d3N<\/h3>\n\n\n\n<p>u$s 180.-<br>u$s 150.- Ex-alumnos de Portal de Inocuidad. (Se solicitar\u00e1 informar nombre y fecha del curso).<br>u$s 120.- Estudiantes de carreras afines. (Se solicitar\u00e1 certificado de alumno regular).<\/p>\n\n\n\n<h3 class=\"wp-block-heading\">MEDIOS DE PAGO<\/h3>\n\n\n\n<p><strong>PAGO EN D\u00d3LARES<\/strong><\/p>\n\n\n\n<p><strong>Tarjeta de cr\u00e9dito via PayPal<\/strong><\/p>\n\n\n\n<p>u$s 180.-&nbsp;<a href=\"https:\/\/www.paypal.com\/cgi-bin\/webscr?cmd=_s-xclick&amp;hosted_button_id=7TBBAFSG7FVYN\" target=\"_blank\" rel=\"noreferrer noopener\"><strong>Para abonar click aqu\u00ed<\/strong><\/a>.<br>u$s 150.- Ex-alumnos de Portal de Inocuidad. (Se solicitar\u00e1 informar nombre y fecha del curso).&nbsp;<a href=\"https:\/\/www.paypal.com\/cgi-bin\/webscr?cmd=_s-xclick&amp;hosted_button_id=TKPZUMQKTUBAW\" target=\"_blank\" rel=\"noreferrer noopener\"><strong>Para abonar click aqu\u00ed<\/strong><\/a>.&nbsp;<br>u$s 120.- Estudiantes de carreras afines. (Se solicitar\u00e1 certificado de alumno regular).&nbsp;<strong><a href=\"https:\/\/www.paypal.com\/cgi-bin\/webscr?cmd=_s-xclick&amp;hosted_button_id=SUMGPF73BFGZE\" target=\"_blank\" rel=\"noreferrer noopener\">Para abonar click aqu\u00ed<\/a><\/strong>.<\/p>\n\n\n\n<p><a href=\"https:\/\/www.portaldeinocuidad.com\/web\/contacto\/\" target=\"_blank\" rel=\"noreferrer noopener\">Consultar aqu\u00ed por aranceles en su moneda local<\/a>.<\/p>\n\n\n\n<h3 class=\"wp-block-heading\">PASOS PARA INSCRIBIRSE AL CURSO<\/h3>\n\n\n\n<ol class=\"wp-block-list\">\n<li>Completar el siguiente formulario.<\/li>\n\n\n\n<li>Abonar el curso.<\/li>\n\n\n\n<li>Enviar su comprobante de pago a contacto@portaldeinocuidad.com.<br>\n(Si es un estudiante tambi\u00e9n enviar su certificado de alumno regular al mismo mail).<\/li>\n<\/ol>\n\n\n\n<h4 class=\"wp-block-heading\">Complete el siguiente formulario para iniciar la inscripci\u00f3n al curso:<\/h4>\n\n\n\n<div style=\"height:30px\" aria-hidden=\"true\" class=\"wp-block-spacer\"><\/div>\n\n\n\n<div id=\"zf_div_bhG8mSavUue15e0YpzKQAmou2wLFuKjaOQiF4kF4Ekk\"><\/div><script type=\"text\/javascript\">(function() {\ntry{\nvar f = document.createElement(\"iframe\");\nf.src = 'https:\/\/forms.zohopublic.com\/portaldeinocuidad\/form\/ContactUsxCursos\/formperma\/bhG8mSavUue15e0YpzKQAmou2wLFuKjaOQiF4kF4Ekk?zf_rszfm=1';\nf.style.border=\"none\";\nf.style.height=\"1812px\";\nf.style.width=\"90%\";\nf.style.transition=\"all 0.5s ease\";\nf.setAttribute(\"aria-label\", 'Contact\\x20Us\\x20x\\x20Cursos');\n\nvar d = document.getElementById(\"zf_div_bhG8mSavUue15e0YpzKQAmou2wLFuKjaOQiF4kF4Ekk\");\nd.appendChild(f);\nwindow.addEventListener('message', function (){\nvar evntData = event.data;\nif( evntData && evntData.constructor == String ){\nvar zf_ifrm_data = evntData.split(\"|\");\nif ( zf_ifrm_data.length == 2 || zf_ifrm_data.length == 3 ) {\nvar zf_perma = zf_ifrm_data[0];\nvar zf_ifrm_ht_nw = ( parseInt(zf_ifrm_data[1], 10) + 15 ) + \"px\";\nvar iframe = document.getElementById(\"zf_div_bhG8mSavUue15e0YpzKQAmou2wLFuKjaOQiF4kF4Ekk\").getElementsByTagName(\"iframe\")[0];\nif ( (iframe.src).indexOf('formperma') > 0 && (iframe.src).indexOf(zf_perma) > 0 ) {\nvar prevIframeHeight = iframe.style.height;\nvar zf_tout = false;\nif( zf_ifrm_data.length == 3 ) {\niframe.scrollIntoView();\nzf_tout = true;\n}\nif ( prevIframeHeight != zf_ifrm_ht_nw ) {\nif( zf_tout ) {\nsetTimeout(function(){\niframe.style.height = zf_ifrm_ht_nw;\n},500);\n} else {\niframe.style.height = zf_ifrm_ht_nw;\n}\n}\n}\n}\n}\n}, false);\n}catch(e){}\n})();<\/script>\n","protected":false},"excerpt":{"rendered":"<p>CURSO A DISTANCIA Certificado por Portal de Inocuidad (ver m\u00e1s&nbsp;aqu\u00ed). PR\u00d3XIMAS FECHAS DE INICIO Martes 1 de abril de 2025. DURACI\u00d3N:&nbsp;6 semanas (80 horas). Si desea realizar esta capacitaci\u00f3n para su&nbsp;equipo de trabajo&nbsp;(a distancia o in company), u&nbsp;otra fecha&nbsp;para participar individualmente, por favor, escr\u00edbanos a contacto@portaldeinocuidad.com. DESCRIPCI\u00d3N GENERAL Obtenga las herramientas necesarias para el rotulado [&hellip;]<\/p>\n","protected":false},"author":1,"featured_media":2271,"parent":0,"menu_order":0,"comment_status":"closed","ping_status":"closed","template":"","meta":{"_genesis_hide_title":false,"_genesis_hide_breadcrumbs":false,"_genesis_hide_singular_image":false,"_genesis_hide_footer_widgets":false,"_genesis_custom_body_class":"","_genesis_custom_post_class":"","_genesis_layout":"full-width-content","footnotes":""},"class_list":{"0":"post-2085","1":"page","2":"type-page","3":"status-publish","4":"has-post-thumbnail","6":"entry"},"featured_image_src":"https:\/\/www.portaldeinocuidad.com\/web\/wp-content\/uploads\/2018\/07\/curso-rotulado.jpg","featured_image_src_square":"https:\/\/www.portaldeinocuidad.com\/web\/wp-content\/uploads\/2018\/07\/curso-rotulado.jpg","_links":{"self":[{"href":"https:\/\/www.portaldeinocuidad.com\/web\/wp-json\/wp\/v2\/pages\/2085","targetHints":{"allow":["GET"]}}],"collection":[{"href":"https:\/\/www.portaldeinocuidad.com\/web\/wp-json\/wp\/v2\/pages"}],"about":[{"href":"https:\/\/www.portaldeinocuidad.com\/web\/wp-json\/wp\/v2\/types\/page"}],"author":[{"embeddable":true,"href":"https:\/\/www.portaldeinocuidad.com\/web\/wp-json\/wp\/v2\/users\/1"}],"replies":[{"embeddable":true,"href":"https:\/\/www.portaldeinocuidad.com\/web\/wp-json\/wp\/v2\/comments?post=2085"}],"version-history":[{"count":72,"href":"https:\/\/www.portaldeinocuidad.com\/web\/wp-json\/wp\/v2\/pages\/2085\/revisions"}],"predecessor-version":[{"id":27777,"href":"https:\/\/www.portaldeinocuidad.com\/web\/wp-json\/wp\/v2\/pages\/2085\/revisions\/27777"}],"wp:featuredmedia":[{"embeddable":true,"href":"https:\/\/www.portaldeinocuidad.com\/web\/wp-json\/wp\/v2\/media\/2271"}],"wp:attachment":[{"href":"https:\/\/www.portaldeinocuidad.com\/web\/wp-json\/wp\/v2\/media?parent=2085"}],"curies":[{"name":"wp","href":"https:\/\/api.w.org\/{rel}","templated":true}]}}