{"id":19899,"date":"2022-06-14T13:03:05","date_gmt":"2022-06-14T16:03:05","guid":{"rendered":"https:\/\/www.portaldeinocuidad.com\/web\/?page_id=19899"},"modified":"2025-04-01T19:07:11","modified_gmt":"2025-04-01T22:07:11","slug":"auditorias","status":"publish","type":"page","link":"https:\/\/www.portaldeinocuidad.com\/web\/auditorias\/","title":{"rendered":"Auditor\u00edas"},"content":{"rendered":"\n<h2 class=\"has-text-align-center wp-block-heading\">Auditor\u00edas de diagn\u00f3stico, internas, de proveedores y segunda parte<\/h2>\n\n\n\n<div style=\"height:30px\" aria-hidden=\"true\" class=\"wp-block-spacer\"><\/div>\n\n\n<div class=\"wp-block-image\">\n<figure class=\"alignright size-full is-resized\"><img loading=\"lazy\" decoding=\"async\" src=\"https:\/\/www.portaldeinocuidad.com\/web\/wp-content\/uploads\/2022\/06\/auditorias-de-inocuidad.jpg\" alt=\"\" class=\"wp-image-20097\" width=\"375\" height=\"375\" srcset=\"https:\/\/www.portaldeinocuidad.com\/web\/wp-content\/uploads\/2022\/06\/auditorias-de-inocuidad.jpg 500w, https:\/\/www.portaldeinocuidad.com\/web\/wp-content\/uploads\/2022\/06\/auditorias-de-inocuidad-300x300.jpg 300w, https:\/\/www.portaldeinocuidad.com\/web\/wp-content\/uploads\/2022\/06\/auditorias-de-inocuidad-150x150.jpg 150w, https:\/\/www.portaldeinocuidad.com\/web\/wp-content\/uploads\/2022\/06\/auditorias-de-inocuidad-100x100.jpg 100w\" sizes=\"auto, (max-width: 375px) 100vw, 375px\" \/><\/figure>\n<\/div>\n\n\n<h3 class=\"wp-block-heading\" style=\"font-size:26px\">En sitio y en forma remota<\/h3>\n\n\n\n<p class=\"has-medium-font-size\">Las auditor\u00edas que realizamos est\u00e1n dirigidas a identificar:<\/p>\n\n\n\n<ul class=\"has-medium-font-size wp-block-list\"><li>el conocimiento,<\/li><li>el estado,<\/li><li>la eficiencia y<\/li><li>la eficacia de la implementaci\u00f3n de una norma, un est\u00e1ndar o los requisitos legales.&nbsp;<\/li><\/ul>\n\n\n\n<div style=\"height:10px\" aria-hidden=\"true\" class=\"wp-block-spacer\"><\/div>\n\n\n\n<h2 class=\"wp-block-heading\" style=\"font-size:26px\">Expertos <\/h2>\n\n\n\n<p class=\"has-medium-font-size\">Nuestro equipo de expertos son exhaustivos&nbsp;en las observaciones y los informes que generan permiten reconocer:<\/p>\n\n\n\n<ul class=\"has-medium-font-size wp-block-list\"><li>no conformidades,<\/li><li>tendencias,<\/li><li>fallos comunes,<\/li><li>fortalezas,<\/li><li>oportunidades de mejora.<\/li><\/ul>\n\n\n\n<p class=\"has-medium-font-size\">En definitiva, los \u00edtems&nbsp;sobre los que trabajar, las variables para priorizarlos y establecer un ajustado plan de acci\u00f3n que mejore el desempe\u00f1o.&nbsp;<\/p>\n\n\n\n<p class=\"has-medium-font-size\">Las referencias con las que trabajamos son la legislaci\u00f3n de cada pa\u00eds, los requisitos de clientes y las normas voluntarias del marco GFSI. Nuestra objetividad, independencia, imparcialidad, experiencia y formaci\u00f3n t\u00e9cnica hacen la diferencia.<\/p>\n\n\n\n<div style=\"height:30px\" aria-hidden=\"true\" class=\"wp-block-spacer\"><\/div>\n\n\n\n<div class=\"wp-block-genesis-blocks-gb-columns gb-layout-columns-1 one-column gb-has-custom-background-color\" style=\"padding:35px;background-color:#f7f7f7\"><div class=\"gb-layout-column-wrap gb-block-layout-column-gap-2 gb-is-responsive-column\">\n<div class=\"wp-block-genesis-blocks-gb-column gb-block-layout-column\"><div class=\"gb-block-layout-column-inner\">\n<h2 class=\"has-text-align-center wp-block-heading\" style=\"font-size:24px\">Aplicaciones<\/h2>\n\n\n\n<div style=\"height:20px\" aria-hidden=\"true\" class=\"wp-block-spacer\"><\/div>\n\n\n\n<p class=\"has-medium-font-size\"><strong>Diagn\u00f3stico<\/strong>. En procesos de implementaci\u00f3n es \u00fatil contar con un informe de estado de situaci\u00f3n que permita planificar los pasos a seguir. Se entrega un plan PDCA con las brechas identificadas hacia el est\u00e1ndard certificable o la marca de cliente que se desea alcanzar.<\/p>\n\n\n\n<p class=\"has-medium-font-size\"><strong>Auditor\u00eda interna.<\/strong> Con sistemas ya implementados y\/o certificados, es una herramienta de autoevaluaci\u00f3n que permite reconocer debilidades y priorizar l\u00edneas de acci\u00f3n. Se generan inmediatamente elementos de asesor\u00eda sobre la marcha.<\/p>\n\n\n\n<p class=\"has-medium-font-size\"><strong>Evaluaci\u00f3n de proveedores y de segunda parte<\/strong>. El informe de auditor\u00eda puede utilizarse como respaldo objetivo para la selecci\u00f3n y seguimiento de sus proveedores de insumos, materias primas y procesos tercerizados, o para demostrar cumplimiento de requisitos legales.<\/p>\n<\/div><\/div>\n<\/div><\/div>\n\n\n\n<div style=\"height:30px\" aria-hidden=\"true\" class=\"wp-block-spacer\"><\/div>\n\n\n\n<p><strong><a href=\"https:\/\/www.portaldeinocuidad.com\/web\/clientes\/\" target=\"_blank\" rel=\"noreferrer noopener\">Conocer a nuestros clientes<\/a>.<\/strong><\/p>\n","protected":false},"excerpt":{"rendered":"<p>Auditor\u00edas de diagn\u00f3stico, internas, de proveedores y segunda parte En sitio y en forma remota Las auditor\u00edas que realizamos est\u00e1n dirigidas a identificar: el conocimiento, el estado, la eficiencia y la eficacia de la implementaci\u00f3n de una norma, un est\u00e1ndar o los requisitos legales.&nbsp; Expertos Nuestro equipo de expertos son exhaustivos&nbsp;en las observaciones y los [&hellip;]<\/p>\n","protected":false},"author":1,"featured_media":6638,"parent":0,"menu_order":0,"comment_status":"closed","ping_status":"closed","template":"","meta":{"_genesis_hide_title":false,"_genesis_hide_breadcrumbs":false,"_genesis_hide_singular_image":false,"_genesis_hide_footer_widgets":false,"_genesis_custom_body_class":"","_genesis_custom_post_class":"","_genesis_layout":"full-width-content","footnotes":""},"class_list":{"0":"post-19899","1":"page","2":"type-page","3":"status-publish","4":"has-post-thumbnail","6":"entry"},"featured_image_src":"https:\/\/www.portaldeinocuidad.com\/web\/wp-content\/uploads\/2019\/11\/etapas-de-la-auditoria-animada-ifs.jpg","featured_image_src_square":"https:\/\/www.portaldeinocuidad.com\/web\/wp-content\/uploads\/2019\/11\/etapas-de-la-auditoria-animada-ifs.jpg","_links":{"self":[{"href":"https:\/\/www.portaldeinocuidad.com\/web\/wp-json\/wp\/v2\/pages\/19899","targetHints":{"allow":["GET"]}}],"collection":[{"href":"https:\/\/www.portaldeinocuidad.com\/web\/wp-json\/wp\/v2\/pages"}],"about":[{"href":"https:\/\/www.portaldeinocuidad.com\/web\/wp-json\/wp\/v2\/types\/page"}],"author":[{"embeddable":true,"href":"https:\/\/www.portaldeinocuidad.com\/web\/wp-json\/wp\/v2\/users\/1"}],"replies":[{"embeddable":true,"href":"https:\/\/www.portaldeinocuidad.com\/web\/wp-json\/wp\/v2\/comments?post=19899"}],"version-history":[{"count":51,"href":"https:\/\/www.portaldeinocuidad.com\/web\/wp-json\/wp\/v2\/pages\/19899\/revisions"}],"predecessor-version":[{"id":20171,"href":"https:\/\/www.portaldeinocuidad.com\/web\/wp-json\/wp\/v2\/pages\/19899\/revisions\/20171"}],"wp:featuredmedia":[{"embeddable":true,"href":"https:\/\/www.portaldeinocuidad.com\/web\/wp-json\/wp\/v2\/media\/6638"}],"wp:attachment":[{"href":"https:\/\/www.portaldeinocuidad.com\/web\/wp-json\/wp\/v2\/media?parent=19899"}],"curies":[{"name":"wp","href":"https:\/\/api.w.org\/{rel}","templated":true}]}}