{"id":19751,"date":"2022-06-13T19:17:27","date_gmt":"2022-06-13T22:17:27","guid":{"rendered":"https:\/\/www.portaldeinocuidad.com\/web\/?page_id=19751"},"modified":"2025-05-27T21:20:56","modified_gmt":"2025-05-28T00:20:56","slug":"recursos","status":"publish","type":"page","link":"https:\/\/www.portaldeinocuidad.com\/web\/recursos\/","title":{"rendered":"Recursos"},"content":{"rendered":"\n<h2 class=\"wp-block-heading has-text-align-center\">Herramientas \u00fatiles<\/h2>\n\n\n\n<p class=\"has-text-align-center\" style=\"font-size:22px\">En esta secci\u00f3n compartimos algunos recursos destacados que dise\u00f1amos para nuestra comunidad de apasionados por la inocuidad alimentaria.<\/p>\n\n\n\n<div style=\"height:30px\" aria-hidden=\"true\" class=\"wp-block-spacer\"><\/div>\n\n\n\n<div class=\"wp-block-genesis-blocks-gb-columns gb-layout-columns-3 gb-3-col-equal\"><div class=\"gb-layout-column-wrap gb-block-layout-column-gap-2 gb-is-responsive-column\">\n<div class=\"wp-block-genesis-blocks-gb-column gb-block-layout-column\"><div class=\"gb-block-layout-column-inner\">\n<div class=\"wp-block-group\"><div class=\"wp-block-group__inner-container is-layout-flow wp-block-group-is-layout-flow\"><div class=\"wp-block-image is-style-rounded\">\n<figure class=\"aligncenter size-medium\"><a href=\"https:\/\/www.portaldeinocuidad.com\/web\/tag\/respuestas-inocuidad\/\" target=\"_blank\" rel=\"noreferrer noopener\"><img loading=\"lazy\" decoding=\"async\" width=\"300\" height=\"200\" src=\"https:\/\/www.portaldeinocuidad.com\/web\/wp-content\/uploads\/2023\/02\/respuestas-inocuidad-300x200.jpg\" alt=\"#RespuestasInocuidad\" class=\"wp-image-23300\" srcset=\"https:\/\/www.portaldeinocuidad.com\/web\/wp-content\/uploads\/2023\/02\/respuestas-inocuidad-300x200.jpg 300w, https:\/\/www.portaldeinocuidad.com\/web\/wp-content\/uploads\/2023\/02\/respuestas-inocuidad-1024x683.jpg 1024w, https:\/\/www.portaldeinocuidad.com\/web\/wp-content\/uploads\/2023\/02\/respuestas-inocuidad-768x512.jpg 768w, https:\/\/www.portaldeinocuidad.com\/web\/wp-content\/uploads\/2023\/02\/respuestas-inocuidad-640x427.jpg 640w, https:\/\/www.portaldeinocuidad.com\/web\/wp-content\/uploads\/2023\/02\/respuestas-inocuidad-600x400.jpg 600w, https:\/\/www.portaldeinocuidad.com\/web\/wp-content\/uploads\/2023\/02\/respuestas-inocuidad.jpg 1200w\" sizes=\"auto, (max-width: 300px) 100vw, 300px\" \/><\/a><\/figure>\n<\/div><\/div><\/div>\n\n\n\n<p class=\"has-text-align-center has-medium-font-size\"><strong><a href=\"https:\/\/www.portaldeinocuidad.com\/web\/tag\/respuestas-inocuidad\/\" target=\"_blank\" rel=\"noreferrer noopener\">#RespuestasInocuidad<\/a><\/strong><\/p>\n\n\n\n<p class=\"has-text-align-center\">Aqu\u00ed encontrar\u00e1n varias dudas, consultas, inquietudes, y sus respuestas. Todas las preguntas son bienvenidas.<\/p>\n<\/div><\/div>\n\n\n\n<div class=\"wp-block-genesis-blocks-gb-column gb-block-layout-column\"><div class=\"gb-block-layout-column-inner\"><div class=\"wp-block-image is-style-rounded\">\n<figure class=\"aligncenter size-medium\"><a href=\"https:\/\/www.portaldeinocuidad.com\/web\/certificaciones\/\" target=\"_blank\" rel=\"noreferrer noopener\"><img loading=\"lazy\" decoding=\"async\" width=\"300\" height=\"200\" src=\"https:\/\/www.portaldeinocuidad.com\/web\/wp-content\/uploads\/2022\/09\/certificaciones-inocuidad-alimentaria-300x200.jpg\" alt=\"\" class=\"wp-image-22065\" srcset=\"https:\/\/www.portaldeinocuidad.com\/web\/wp-content\/uploads\/2022\/09\/certificaciones-inocuidad-alimentaria-300x200.jpg 300w, https:\/\/www.portaldeinocuidad.com\/web\/wp-content\/uploads\/2022\/09\/certificaciones-inocuidad-alimentaria-1024x683.jpg 1024w, https:\/\/www.portaldeinocuidad.com\/web\/wp-content\/uploads\/2022\/09\/certificaciones-inocuidad-alimentaria-768x512.jpg 768w, https:\/\/www.portaldeinocuidad.com\/web\/wp-content\/uploads\/2022\/09\/certificaciones-inocuidad-alimentaria-640x427.jpg 640w, https:\/\/www.portaldeinocuidad.com\/web\/wp-content\/uploads\/2022\/09\/certificaciones-inocuidad-alimentaria-600x400.jpg 600w, https:\/\/www.portaldeinocuidad.com\/web\/wp-content\/uploads\/2022\/09\/certificaciones-inocuidad-alimentaria.jpg 1200w\" sizes=\"auto, (max-width: 300px) 100vw, 300px\" \/><\/a><\/figure>\n<\/div>\n\n\n<p class=\"has-text-align-center has-medium-font-size\"><strong><a rel=\"noreferrer noopener\" href=\"https:\/\/www.portaldeinocuidad.com\/web\/certificaciones\/\" target=\"_blank\">Certificaciones<\/a><\/strong><\/p>\n\n\n\n<p class=\"has-text-align-center\">En esta secci\u00f3n les facilitamos la informaci\u00f3n relevante sobre las certificaciones en inocuidad alimentaria: BRCGS Food, IFS Food y FSSC 22000.<\/p>\n<\/div><\/div>\n\n\n\n<div class=\"wp-block-genesis-blocks-gb-column gb-block-layout-column\"><div class=\"gb-block-layout-column-inner\"><div class=\"wp-block-image is-style-rounded\">\n<figure class=\"aligncenter size-medium\"><a href=\"https:\/\/www.portaldeinocuidad.com\/web\/glosario\/\" target=\"_blank\" rel=\"noreferrer noopener\"><img loading=\"lazy\" decoding=\"async\" width=\"300\" height=\"200\" src=\"https:\/\/www.portaldeinocuidad.com\/web\/wp-content\/uploads\/2022\/06\/r-glosario-300x200.jpg\" alt=\"\" class=\"wp-image-19963\" srcset=\"https:\/\/www.portaldeinocuidad.com\/web\/wp-content\/uploads\/2022\/06\/r-glosario-300x200.jpg 300w, https:\/\/www.portaldeinocuidad.com\/web\/wp-content\/uploads\/2022\/06\/r-glosario-1024x683.jpg 1024w, https:\/\/www.portaldeinocuidad.com\/web\/wp-content\/uploads\/2022\/06\/r-glosario-768x512.jpg 768w, https:\/\/www.portaldeinocuidad.com\/web\/wp-content\/uploads\/2022\/06\/r-glosario-640x427.jpg 640w, https:\/\/www.portaldeinocuidad.com\/web\/wp-content\/uploads\/2022\/06\/r-glosario-600x400.jpg 600w, https:\/\/www.portaldeinocuidad.com\/web\/wp-content\/uploads\/2022\/06\/r-glosario.jpg 1200w\" sizes=\"auto, (max-width: 300px) 100vw, 300px\" \/><\/a><\/figure>\n<\/div>\n\n\n<p class=\"has-text-align-center has-medium-font-size\"><strong><a rel=\"noreferrer noopener\" href=\"https:\/\/www.portaldeinocuidad.com\/web\/glosario\/\" target=\"_blank\">Glosario<\/a><\/strong><\/p>\n\n\n\n<p class=\"has-text-align-center\">&nbsp;Compartimos nuestro glosario con t\u00e9rminos que solemos usar en la&nbsp;industria de alimentos&nbsp;pero no siempre tienen la misma interpretaci\u00f3n.&nbsp;<\/p>\n<\/div><\/div>\n<\/div><\/div>\n\n\n\n<div style=\"height:30px\" aria-hidden=\"true\" class=\"wp-block-spacer\"><\/div>\n\n\n\n<div class=\"wp-block-genesis-blocks-gb-columns gb-layout-columns-3 gb-3-col-equal\"><div class=\"gb-layout-column-wrap gb-block-layout-column-gap-2 gb-is-responsive-column\">\n<div class=\"wp-block-genesis-blocks-gb-column gb-block-layout-column\"><div class=\"gb-block-layout-column-inner\"><div class=\"wp-block-image is-style-rounded\">\n<figure class=\"aligncenter size-medium\"><a href=\"https:\/\/www.portaldeinocuidad.com\/web\/tag\/carteleria-pi\/\" target=\"_blank\" rel=\"noreferrer noopener\"><img loading=\"lazy\" decoding=\"async\" width=\"300\" height=\"200\" src=\"https:\/\/www.portaldeinocuidad.com\/web\/wp-content\/uploads\/2021\/06\/carteleria-pi-vestimenta-industria-de-alimentos-300x200.jpg\" alt=\"Carteler\u00eda PI: Vestimenta en industria de alimentos (calzado, barbijo, guantes y armarios)\" class=\"wp-image-14296\" srcset=\"https:\/\/www.portaldeinocuidad.com\/web\/wp-content\/uploads\/2021\/06\/carteleria-pi-vestimenta-industria-de-alimentos-300x200.jpg 300w, https:\/\/www.portaldeinocuidad.com\/web\/wp-content\/uploads\/2021\/06\/carteleria-pi-vestimenta-industria-de-alimentos-1024x683.jpg 1024w, https:\/\/www.portaldeinocuidad.com\/web\/wp-content\/uploads\/2021\/06\/carteleria-pi-vestimenta-industria-de-alimentos-768x512.jpg 768w, https:\/\/www.portaldeinocuidad.com\/web\/wp-content\/uploads\/2021\/06\/carteleria-pi-vestimenta-industria-de-alimentos-640x427.jpg 640w, https:\/\/www.portaldeinocuidad.com\/web\/wp-content\/uploads\/2021\/06\/carteleria-pi-vestimenta-industria-de-alimentos.jpg 1200w\" sizes=\"auto, (max-width: 300px) 100vw, 300px\" \/><\/a><\/figure>\n<\/div>\n\n\n<p class=\"has-text-align-center has-medium-font-size\"><strong><a rel=\"noreferrer noopener\" href=\"https:\/\/www.portaldeinocuidad.com\/web\/tag\/carteleria-pi\/\" target=\"_blank\">Carteler\u00ed<\/a><a rel=\"noreferrer noopener\" href=\"https:\/\/www.portaldeinocuidad.com\/web\/tag\/carteleria-pi\/\" target=\"_blank\">a<\/a><\/strong><\/p>\n\n\n\n<p class=\"has-text-align-center\">Ponemos a disposici\u00f3n la presente Carteler\u00eda, es decir, im\u00e1genes de libre uso para utilizar en&nbsp;industrias de alimentos, como cartel recordatorio, manual o gu\u00eda. <\/p>\n<\/div><\/div>\n\n\n\n<div class=\"wp-block-genesis-blocks-gb-column gb-block-layout-column\"><div class=\"gb-block-layout-column-inner\"><div class=\"wp-block-image is-style-rounded\">\n<figure class=\"aligncenter size-medium\"><a href=\"https:\/\/www.portaldeinocuidad.com\/web\/tag\/entrevistas\/\" target=\"_blank\" rel=\"noreferrer noopener\"><img loading=\"lazy\" decoding=\"async\" width=\"300\" height=\"200\" src=\"https:\/\/www.portaldeinocuidad.com\/web\/wp-content\/uploads\/2022\/06\/r-entrevistas-300x200.jpg\" alt=\"\" class=\"wp-image-20024\" srcset=\"https:\/\/www.portaldeinocuidad.com\/web\/wp-content\/uploads\/2022\/06\/r-entrevistas-300x200.jpg 300w, https:\/\/www.portaldeinocuidad.com\/web\/wp-content\/uploads\/2022\/06\/r-entrevistas-1024x683.jpg 1024w, https:\/\/www.portaldeinocuidad.com\/web\/wp-content\/uploads\/2022\/06\/r-entrevistas-768x512.jpg 768w, https:\/\/www.portaldeinocuidad.com\/web\/wp-content\/uploads\/2022\/06\/r-entrevistas-640x427.jpg 640w, https:\/\/www.portaldeinocuidad.com\/web\/wp-content\/uploads\/2022\/06\/r-entrevistas-600x400.jpg 600w, https:\/\/www.portaldeinocuidad.com\/web\/wp-content\/uploads\/2022\/06\/r-entrevistas.jpg 1200w\" sizes=\"auto, (max-width: 300px) 100vw, 300px\" \/><\/a><\/figure>\n<\/div>\n\n\n<p class=\"has-text-align-center\"><strong><a href=\"https:\/\/www.portaldeinocuidad.com\/web\/tag\/entrevistas\/\" target=\"_blank\" rel=\"noreferrer noopener\">Entrevistas<\/a><a href=\"https:\/\/www.portaldeinocuidad.com\/web\/tag\/entrevistas-y-webinars\/\" target=\"_blank\" rel=\"noreferrer noopener\"> y Webinars<\/a><\/strong><\/p>\n\n\n\n<p class=\"has-text-align-center\">Aqu\u00ed encontrar\u00e1n las grabaciones de las entrevistas a los grandes referentes del sector y webinars gratuitos de gran valor.<\/p>\n<\/div><\/div>\n\n\n\n<div class=\"wp-block-genesis-blocks-gb-column gb-block-layout-column\"><div class=\"gb-block-layout-column-inner\"><div class=\"wp-block-image is-style-rounded\">\n<figure class=\"aligncenter size-medium\"><a href=\"https:\/\/www.portaldeinocuidad.com\/web\/tag\/2-minutos\/\" target=\"_blank\" rel=\"noreferrer noopener\"><img loading=\"lazy\" decoding=\"async\" width=\"300\" height=\"200\" src=\"https:\/\/www.portaldeinocuidad.com\/web\/wp-content\/uploads\/2022\/03\/inocuidad-en-2-minutos-planificacion-300x200.jpg\" alt=\"Inocuidad en 2 minutos: planificaci\u00f3n\" class=\"wp-image-18115\" srcset=\"https:\/\/www.portaldeinocuidad.com\/web\/wp-content\/uploads\/2022\/03\/inocuidad-en-2-minutos-planificacion-300x200.jpg 300w, https:\/\/www.portaldeinocuidad.com\/web\/wp-content\/uploads\/2022\/03\/inocuidad-en-2-minutos-planificacion-1024x683.jpg 1024w, https:\/\/www.portaldeinocuidad.com\/web\/wp-content\/uploads\/2022\/03\/inocuidad-en-2-minutos-planificacion-768x512.jpg 768w, https:\/\/www.portaldeinocuidad.com\/web\/wp-content\/uploads\/2022\/03\/inocuidad-en-2-minutos-planificacion-640x427.jpg 640w, https:\/\/www.portaldeinocuidad.com\/web\/wp-content\/uploads\/2022\/03\/inocuidad-en-2-minutos-planificacion-600x400.jpg 600w, https:\/\/www.portaldeinocuidad.com\/web\/wp-content\/uploads\/2022\/03\/inocuidad-en-2-minutos-planificacion.jpg 1200w\" sizes=\"auto, (max-width: 300px) 100vw, 300px\" \/><\/a><\/figure>\n<\/div>\n\n\n<p class=\"has-text-align-center\"><strong><a href=\"https:\/\/www.portaldeinocuidad.com\/web\/tag\/2-minutos\/\" target=\"_blank\" rel=\"noreferrer noopener\">Inocuidad en 2 Minutos<\/a><\/strong><\/p>\n\n\n\n<p class=\"has-text-align-center\">Buenos contenidos en videos para reflexionar sobre los temas que nos apasionan; todo en peque\u00f1as dosis para pensar y luego seguir con el d\u00eda.<\/p>\n<\/div><\/div>\n<\/div><\/div>\n\n\n\n<div style=\"height:30px\" aria-hidden=\"true\" class=\"wp-block-spacer\"><\/div>\n\n\n\n<div class=\"wp-block-genesis-blocks-gb-columns gb-layout-columns-3 gb-3-col-equal\"><div class=\"gb-layout-column-wrap gb-block-layout-column-gap-2 gb-is-responsive-column\">\n<div class=\"wp-block-genesis-blocks-gb-column gb-block-layout-column\"><div class=\"gb-block-layout-column-inner\"><div class=\"wp-block-image is-style-rounded\">\n<figure class=\"aligncenter size-medium\"><a href=\"https:\/\/www.portaldeinocuidad.com\/web\/tag\/escenas-de-auditorias\/\" target=\"_blank\" rel=\"noreferrer noopener\"><img loading=\"lazy\" decoding=\"async\" width=\"300\" height=\"200\" src=\"https:\/\/www.portaldeinocuidad.com\/web\/wp-content\/uploads\/2019\/12\/escenas-de-auditorias-detector-de-metales-300x200.jpg\" alt=\"Escenas de Auditor\u00edas: detectores de metales \" class=\"wp-image-7313\" srcset=\"https:\/\/www.portaldeinocuidad.com\/web\/wp-content\/uploads\/2019\/12\/escenas-de-auditorias-detector-de-metales-300x200.jpg 300w, https:\/\/www.portaldeinocuidad.com\/web\/wp-content\/uploads\/2019\/12\/escenas-de-auditorias-detector-de-metales-1024x683.jpg 1024w, https:\/\/www.portaldeinocuidad.com\/web\/wp-content\/uploads\/2019\/12\/escenas-de-auditorias-detector-de-metales-768x512.jpg 768w, https:\/\/www.portaldeinocuidad.com\/web\/wp-content\/uploads\/2019\/12\/escenas-de-auditorias-detector-de-metales-640x427.jpg 640w, https:\/\/www.portaldeinocuidad.com\/web\/wp-content\/uploads\/2019\/12\/escenas-de-auditorias-detector-de-metales.jpg 1200w\" sizes=\"auto, (max-width: 300px) 100vw, 300px\" \/><\/a><\/figure>\n<\/div>\n\n\n<p class=\"has-text-align-center has-medium-font-size\"><strong><a href=\"https:\/\/www.portaldeinocuidad.com\/web\/tag\/escenas-de-auditorias\/\">Serie \u00abEscenas de Auditor\u00edas\u00bb<\/a><\/strong> <\/p>\n\n\n\n<p class=\"has-text-align-center\">En estos videos, Leila Burin, nuestra&nbsp;Coordinadora Acad\u00e9mica, nos cuenta los aspectos de su vida profesional como experta y reconocida&nbsp;auditora.<\/p>\n<\/div><\/div>\n\n\n\n<div class=\"wp-block-genesis-blocks-gb-column gb-block-layout-column\"><div class=\"gb-block-layout-column-inner\"><div class=\"wp-block-image is-style-rounded\">\n<figure class=\"aligncenter size-medium\"><a href=\"https:\/\/www.portaldeinocuidad.com\/web\/tag\/serie-plagas\/\" target=\"_blank\" rel=\"noreferrer noopener\"><img loading=\"lazy\" decoding=\"async\" width=\"300\" height=\"200\" src=\"https:\/\/www.portaldeinocuidad.com\/web\/wp-content\/uploads\/2021\/03\/curso-plagas-2-300x200.jpg\" alt=\"\" class=\"wp-image-12827\" srcset=\"https:\/\/www.portaldeinocuidad.com\/web\/wp-content\/uploads\/2021\/03\/curso-plagas-2-300x200.jpg 300w, https:\/\/www.portaldeinocuidad.com\/web\/wp-content\/uploads\/2021\/03\/curso-plagas-2-1024x683.jpg 1024w, https:\/\/www.portaldeinocuidad.com\/web\/wp-content\/uploads\/2021\/03\/curso-plagas-2-768x512.jpg 768w, https:\/\/www.portaldeinocuidad.com\/web\/wp-content\/uploads\/2021\/03\/curso-plagas-2-640x427.jpg 640w, https:\/\/www.portaldeinocuidad.com\/web\/wp-content\/uploads\/2021\/03\/curso-plagas-2.jpg 1200w\" sizes=\"auto, (max-width: 300px) 100vw, 300px\" \/><\/a><\/figure>\n<\/div>\n\n\n<p class=\"has-text-align-center has-medium-font-size\"><strong><a href=\"https:\/\/www.portaldeinocuidad.com\/web\/tag\/serie-plagas\/\">Serie \u00abGes<\/a><a href=\"https:\/\/www.portaldeinocuidad.com\/web\/tag\/serie-plagas\/\" target=\"_blank\" rel=\"noreferrer noopener\">t<\/a><a href=\"https:\/\/www.portaldeinocuidad.com\/web\/tag\/serie-plagas\/\">i\u00f3n Integral de Plagas\u00bb<\/a><\/strong><\/p>\n\n\n\n<p class=\"has-text-align-center\">Presentamos esta serie de notas sobre las distintas plagas para conocerlas y entender la \u201cfibra\u201d de las mejores pr\u00e1cticas de manejo en nuestros sitios de producci\u00f3n. Por Ricardo Ferrario.<\/p>\n<\/div><\/div>\n\n\n\n<div class=\"wp-block-genesis-blocks-gb-column gb-block-layout-column\"><div class=\"gb-block-layout-column-inner\"><div class=\"wp-block-image is-style-rounded\">\n<figure class=\"aligncenter size-large\"><a href=\"https:\/\/www.portaldeinocuidad.com\/web\/tag\/serie-diseno-sanitario\/\" target=\"_blank\" rel=\"noreferrer noopener\"><img loading=\"lazy\" decoding=\"async\" width=\"1024\" height=\"683\" src=\"https:\/\/www.portaldeinocuidad.com\/web\/wp-content\/uploads\/2022\/08\/diseno-sanitario-puertas-y-paneleria-1024x683.jpg\" alt=\"Dise\u00f1o Higi\u00e9nico: c\u00f3mo seleccionar correctamente puertas y paneler\u00eda\" class=\"wp-image-21059\" srcset=\"https:\/\/www.portaldeinocuidad.com\/web\/wp-content\/uploads\/2022\/08\/diseno-sanitario-puertas-y-paneleria-1024x683.jpg 1024w, https:\/\/www.portaldeinocuidad.com\/web\/wp-content\/uploads\/2022\/08\/diseno-sanitario-puertas-y-paneleria-300x200.jpg 300w, https:\/\/www.portaldeinocuidad.com\/web\/wp-content\/uploads\/2022\/08\/diseno-sanitario-puertas-y-paneleria-768x512.jpg 768w, https:\/\/www.portaldeinocuidad.com\/web\/wp-content\/uploads\/2022\/08\/diseno-sanitario-puertas-y-paneleria-640x427.jpg 640w, https:\/\/www.portaldeinocuidad.com\/web\/wp-content\/uploads\/2022\/08\/diseno-sanitario-puertas-y-paneleria-600x400.jpg 600w, https:\/\/www.portaldeinocuidad.com\/web\/wp-content\/uploads\/2022\/08\/diseno-sanitario-puertas-y-paneleria.jpg 1200w\" sizes=\"auto, (max-width: 1024px) 100vw, 1024px\" \/><\/a><\/figure>\n<\/div>\n\n\n<p class=\"has-text-align-center has-medium-font-size\"><strong><a rel=\"noreferrer noopener\" href=\"https:\/\/www.portaldeinocuidad.com\/web\/tag\/serie-diseno-sanitario\/\" target=\"_blank\">Serie \u00abDise\u00f1o Sanitario\u00bb<\/a><\/strong><\/p>\n\n\n\n<p class=\"has-text-align-center\">Recorremos distintos aspectos del dise\u00f1o higi\u00e9nico, los criterios para su elecci\u00f3n, conocer los diferentes materiales, usos y tambi\u00e9n errores comunes. Por Construhigi\u00e9nica.<\/p>\n<\/div><\/div>\n<\/div><\/div>\n\n\n\n<div style=\"height:30px\" aria-hidden=\"true\" class=\"wp-block-spacer\"><\/div>\n\n\n\n<div class=\"wp-block-genesis-blocks-gb-columns gb-layout-columns-3 gb-3-col-equal\"><div class=\"gb-layout-column-wrap gb-block-layout-column-gap-2 gb-is-responsive-column\">\n<div class=\"wp-block-genesis-blocks-gb-column gb-block-layout-column\"><div class=\"gb-block-layout-column-inner\"><div class=\"wp-block-image is-style-rounded\">\n<figure class=\"aligncenter size-medium\"><a href=\"https:\/\/www.portaldeinocuidad.com\/web\/libro-gestion-integral-de-plagas\/\" target=\"_blank\" rel=\"noreferrer noopener\"><img loading=\"lazy\" decoding=\"async\" width=\"300\" height=\"200\" src=\"https:\/\/www.portaldeinocuidad.com\/web\/wp-content\/uploads\/2022\/03\/plagas-de-productos-almacenados-300x200.jpg\" alt=\"Causa Ra\u00edz - Plagas de Productos Almacenados\" class=\"wp-image-18089\" srcset=\"https:\/\/www.portaldeinocuidad.com\/web\/wp-content\/uploads\/2022\/03\/plagas-de-productos-almacenados-300x200.jpg 300w, https:\/\/www.portaldeinocuidad.com\/web\/wp-content\/uploads\/2022\/03\/plagas-de-productos-almacenados-1024x683.jpg 1024w, https:\/\/www.portaldeinocuidad.com\/web\/wp-content\/uploads\/2022\/03\/plagas-de-productos-almacenados-768x512.jpg 768w, https:\/\/www.portaldeinocuidad.com\/web\/wp-content\/uploads\/2022\/03\/plagas-de-productos-almacenados-640x427.jpg 640w, https:\/\/www.portaldeinocuidad.com\/web\/wp-content\/uploads\/2022\/03\/plagas-de-productos-almacenados-600x400.jpg 600w, https:\/\/www.portaldeinocuidad.com\/web\/wp-content\/uploads\/2022\/03\/plagas-de-productos-almacenados.jpg 1200w\" sizes=\"auto, (max-width: 300px) 100vw, 300px\" \/><\/a><\/figure>\n<\/div>\n\n\n<p class=\"has-text-align-center has-medium-font-size\"><a rel=\"noreferrer noopener\" href=\"https:\/\/www.portaldeinocuidad.com\/web\/libro-gestion-integral-de-plagas\/\" target=\"_blank\"><strong>Ebook \u00abGesti\u00f3n Integral de Plagas\u00bb<\/strong><\/a><\/p>\n\n\n\n<p class=\"has-text-align-center\">Es el primer libro a nivel mundial en reunir la informaci\u00f3n m\u00e1s importante del control de plagas abocada a todos los eslabones de la cadena agroalimentaria (Food Chain). Por Ricardo Ferrario.<\/p>\n<\/div><\/div>\n\n\n\n<div class=\"wp-block-genesis-blocks-gb-column gb-block-layout-column\"><div class=\"gb-block-layout-column-inner\">\n<div class=\"wp-block-group\"><div class=\"wp-block-group__inner-container is-layout-flow wp-block-group-is-layout-flow\">\n<div class=\"wp-block-group\"><div class=\"wp-block-group__inner-container is-layout-flow wp-block-group-is-layout-flow\"><div class=\"wp-block-image is-style-rounded\">\n<figure class=\"aligncenter size-medium\"><a href=\"https:\/\/www.portaldeinocuidad.com\/web\/libro-guardianes-del-grano\/\" target=\"_blank\" rel=\" noreferrer noopener\"><img loading=\"lazy\" decoding=\"async\" width=\"300\" height=\"200\" src=\"https:\/\/www.portaldeinocuidad.com\/web\/wp-content\/uploads\/2025\/03\/libro-guardianes-del-grano-cabecera-300x200.jpg\" alt=\"Libro &quot;Guardianes del Grano: Gesti\u00f3n Integral de Plagas de Productos Almacenados&quot;\" class=\"wp-image-28409\" srcset=\"https:\/\/www.portaldeinocuidad.com\/web\/wp-content\/uploads\/2025\/03\/libro-guardianes-del-grano-cabecera-300x200.jpg 300w, https:\/\/www.portaldeinocuidad.com\/web\/wp-content\/uploads\/2025\/03\/libro-guardianes-del-grano-cabecera-1024x683.jpg 1024w, https:\/\/www.portaldeinocuidad.com\/web\/wp-content\/uploads\/2025\/03\/libro-guardianes-del-grano-cabecera-768x512.jpg 768w, https:\/\/www.portaldeinocuidad.com\/web\/wp-content\/uploads\/2025\/03\/libro-guardianes-del-grano-cabecera-640x427.jpg 640w, https:\/\/www.portaldeinocuidad.com\/web\/wp-content\/uploads\/2025\/03\/libro-guardianes-del-grano-cabecera-600x400.jpg 600w, https:\/\/www.portaldeinocuidad.com\/web\/wp-content\/uploads\/2025\/03\/libro-guardianes-del-grano-cabecera.jpg 1200w\" sizes=\"auto, (max-width: 300px) 100vw, 300px\" \/><\/a><\/figure>\n<\/div>\n\n\n<p class=\"has-text-align-center has-medium-font-size\"><a href=\"https:\/\/www.portaldeinocuidad.com\/web\/libro-guardianes-del-grano\/\" target=\"_blank\" rel=\"noreferrer noopener\"><strong>Ebook \u00abGuardianes del Grano: Gesti\u00f3n Integral de Plagas de Productos Almacenados\u00bb<\/strong><\/a><\/p>\n\n\n\n<p class=\"has-text-align-center\">Estrategias avanzadas para el control de plagas de productos almacenados en la cadena agroalimentaria. Por Ricardo Ferrario y Gonzalo Ferrario.<\/p>\n<\/div><\/div>\n<\/div><\/div>\n<\/div><\/div>\n\n\n\n<div class=\"wp-block-genesis-blocks-gb-column gb-block-layout-column\"><div class=\"gb-block-layout-column-inner\"><div class=\"wp-block-image is-style-rounded\">\n<figure class=\"aligncenter size-medium\"><a href=\"https:\/\/www.portaldeinocuidad.com\/web\/blog\/\" target=\"_blank\" rel=\"noreferrer noopener\"><img loading=\"lazy\" decoding=\"async\" width=\"300\" height=\"200\" src=\"https:\/\/www.portaldeinocuidad.com\/web\/wp-content\/uploads\/2022\/06\/articulos-300x200.jpg\" alt=\"\" class=\"wp-image-19926\" srcset=\"https:\/\/www.portaldeinocuidad.com\/web\/wp-content\/uploads\/2022\/06\/articulos-300x200.jpg 300w, https:\/\/www.portaldeinocuidad.com\/web\/wp-content\/uploads\/2022\/06\/articulos-1024x683.jpg 1024w, https:\/\/www.portaldeinocuidad.com\/web\/wp-content\/uploads\/2022\/06\/articulos-768x512.jpg 768w, https:\/\/www.portaldeinocuidad.com\/web\/wp-content\/uploads\/2022\/06\/articulos-640x427.jpg 640w, https:\/\/www.portaldeinocuidad.com\/web\/wp-content\/uploads\/2022\/06\/articulos-600x400.jpg 600w, https:\/\/www.portaldeinocuidad.com\/web\/wp-content\/uploads\/2022\/06\/articulos.jpg 1200w\" sizes=\"auto, (max-width: 300px) 100vw, 300px\" \/><\/a><\/figure>\n<\/div>\n\n\n<p class=\"has-text-align-center\"><strong><a rel=\"noreferrer noopener\" href=\"https:\/\/www.portaldeinocuidad.com\/web\/blog\/\" data-type=\"page\" data-id=\"107\" target=\"_blank\">Blog<\/a><\/strong><\/p>\n\n\n\n<p class=\"has-text-align-center\">Y mucho m\u00e1s en nuestro&nbsp;blog que&nbsp;aborda temas de inter\u00e9s, novedades del sector y servicios \u00fatiles.&nbsp;Expertos comparten todo lo que saben.<\/p>\n<\/div><\/div>\n<\/div><\/div>\n","protected":false},"excerpt":{"rendered":"<p>Herramientas \u00fatiles En esta secci\u00f3n compartimos algunos recursos destacados que dise\u00f1amos para nuestra comunidad de apasionados por la inocuidad alimentaria.<\/p>\n","protected":false},"author":1,"featured_media":19754,"parent":0,"menu_order":0,"comment_status":"closed","ping_status":"closed","template":"","meta":{"_genesis_hide_title":false,"_genesis_hide_breadcrumbs":false,"_genesis_hide_singular_image":false,"_genesis_hide_footer_widgets":false,"_genesis_custom_body_class":"","_genesis_custom_post_class":"","_genesis_layout":"full-width-content","footnotes":""},"class_list":{"0":"post-19751","1":"page","2":"type-page","3":"status-publish","4":"has-post-thumbnail","6":"entry"},"featured_image_src":"https:\/\/www.portaldeinocuidad.com\/web\/wp-content\/uploads\/2022\/06\/recursos-600x400.jpg","featured_image_src_square":"https:\/\/www.portaldeinocuidad.com\/web\/wp-content\/uploads\/2022\/06\/recursos-600x600.jpg","_links":{"self":[{"href":"https:\/\/www.portaldeinocuidad.com\/web\/wp-json\/wp\/v2\/pages\/19751","targetHints":{"allow":["GET"]}}],"collection":[{"href":"https:\/\/www.portaldeinocuidad.com\/web\/wp-json\/wp\/v2\/pages"}],"about":[{"href":"https:\/\/www.portaldeinocuidad.com\/web\/wp-json\/wp\/v2\/types\/page"}],"author":[{"embeddable":true,"href":"https:\/\/www.portaldeinocuidad.com\/web\/wp-json\/wp\/v2\/users\/1"}],"replies":[{"embeddable":true,"href":"https:\/\/www.portaldeinocuidad.com\/web\/wp-json\/wp\/v2\/comments?post=19751"}],"version-history":[{"count":123,"href":"https:\/\/www.portaldeinocuidad.com\/web\/wp-json\/wp\/v2\/pages\/19751\/revisions"}],"predecessor-version":[{"id":29484,"href":"https:\/\/www.portaldeinocuidad.com\/web\/wp-json\/wp\/v2\/pages\/19751\/revisions\/29484"}],"wp:featuredmedia":[{"embeddable":true,"href":"https:\/\/www.portaldeinocuidad.com\/web\/wp-json\/wp\/v2\/media\/19754"}],"wp:attachment":[{"href":"https:\/\/www.portaldeinocuidad.com\/web\/wp-json\/wp\/v2\/media?parent=19751"}],"curies":[{"name":"wp","href":"https:\/\/api.w.org\/{rel}","templated":true}]}}