{"id":19581,"date":"2022-06-06T20:58:20","date_gmt":"2022-06-06T23:58:20","guid":{"rendered":"https:\/\/www.portaldeinocuidad.com\/web\/?page_id=19581"},"modified":"2022-06-22T11:48:32","modified_gmt":"2022-06-22T14:48:32","slug":"glosario","status":"publish","type":"page","link":"https:\/\/www.portaldeinocuidad.com\/web\/glosario\/","title":{"rendered":"Glosario"},"content":{"rendered":"\n<h2 class=\"has-text-align-center wp-block-heading\">T\u00e9rminos de la industria de alimentos<\/h2>\n\n\n\n<p class=\"has-text-align-center has-medium-font-size\">Hay varios t\u00e9rminos que com\u00fanmente se utilizan en la&nbsp;<strong>industria de alimentos&nbsp;<\/strong>pero no siempre tienen la misma interpretaci\u00f3n. Para que podamos tener todas las definiciones a mano como una base de referencia, como disparador de debate y de acuerdo en la comunidad de Portal de Inocuidad, elaboramos este&nbsp;<strong>Glosario<\/strong>.<\/p>\n\n\n\n<p class=\"has-text-align-center has-medium-font-size\">Es un recurso gratuito para compartir con su equipo, abrir din\u00e1micas de debate y seguir mejorando la gesti\u00f3n de nuestro sector. <\/p>\n\n\n\n<p class=\"has-text-align-center has-background\" style=\"background-color:#e5f3fb;font-size:22px\"><strong>\u00a1Solicite el Glosario Portal de Inocuidad!<\/strong><\/p>\n\n\n<div class=\"wp-block-image\">\n<figure class=\"aligncenter size-large is-resized\"><img loading=\"lazy\" decoding=\"async\" src=\"https:\/\/www.portaldeinocuidad.com\/web\/wp-content\/uploads\/2021\/07\/glosario-pi-caratula-1024x1024.jpg\" alt=\"Glosario Portal de Inocuidad.\" class=\"wp-image-14654\" width=\"512\" height=\"512\" srcset=\"https:\/\/www.portaldeinocuidad.com\/web\/wp-content\/uploads\/2021\/07\/glosario-pi-caratula-1024x1024.jpg 1024w, https:\/\/www.portaldeinocuidad.com\/web\/wp-content\/uploads\/2021\/07\/glosario-pi-caratula-300x300.jpg 300w, https:\/\/www.portaldeinocuidad.com\/web\/wp-content\/uploads\/2021\/07\/glosario-pi-caratula-150x150.jpg 150w, https:\/\/www.portaldeinocuidad.com\/web\/wp-content\/uploads\/2021\/07\/glosario-pi-caratula-768x768.jpg 768w, https:\/\/www.portaldeinocuidad.com\/web\/wp-content\/uploads\/2021\/07\/glosario-pi-caratula-100x100.jpg 100w, https:\/\/www.portaldeinocuidad.com\/web\/wp-content\/uploads\/2021\/07\/glosario-pi-caratula-640x640.jpg 640w, https:\/\/www.portaldeinocuidad.com\/web\/wp-content\/uploads\/2021\/07\/glosario-pi-caratula.jpg 1081w\" sizes=\"auto, (max-width: 512px) 100vw, 512px\" \/><\/figure>\n<\/div>\n\n\n<div style=\"height:30px\" aria-hidden=\"true\" class=\"wp-block-spacer\"><\/div>\n\n\n\n<p class=\"has-text-align-center has-medium-font-size\">En breve podr\u00e1 descargar el glosario en su formato .pdf. <br><strong><a href=\"https:\/\/www.portaldeinocuidad.com\/web\/tag\/glosario-pi\/\" target=\"_blank\" rel=\"noreferrer noopener\">Mientras lo invitamos a consultarlo online.<\/a><\/strong><\/p>\n","protected":false},"excerpt":{"rendered":"<p>T\u00e9rminos de la industria de alimentos Hay varios t\u00e9rminos que com\u00fanmente se utilizan en la&nbsp;industria de alimentos&nbsp;pero no siempre tienen la misma interpretaci\u00f3n. Para que podamos tener todas las definiciones a mano como una base de referencia, como disparador de debate y de acuerdo en la comunidad de Portal de Inocuidad, elaboramos este&nbsp;Glosario. Es un [&hellip;]<\/p>\n","protected":false},"author":1,"featured_media":19779,"parent":0,"menu_order":0,"comment_status":"closed","ping_status":"closed","template":"","meta":{"_genesis_hide_title":false,"_genesis_hide_breadcrumbs":false,"_genesis_hide_singular_image":false,"_genesis_hide_footer_widgets":false,"_genesis_custom_body_class":"","_genesis_custom_post_class":"","_genesis_layout":"full-width-content","footnotes":""},"class_list":{"0":"post-19581","1":"page","2":"type-page","3":"status-publish","4":"has-post-thumbnail","6":"entry"},"featured_image_src":"https:\/\/www.portaldeinocuidad.com\/web\/wp-content\/uploads\/2022\/06\/el-glosario-600x400.jpg","featured_image_src_square":"https:\/\/www.portaldeinocuidad.com\/web\/wp-content\/uploads\/2022\/06\/el-glosario-600x600.jpg","_links":{"self":[{"href":"https:\/\/www.portaldeinocuidad.com\/web\/wp-json\/wp\/v2\/pages\/19581","targetHints":{"allow":["GET"]}}],"collection":[{"href":"https:\/\/www.portaldeinocuidad.com\/web\/wp-json\/wp\/v2\/pages"}],"about":[{"href":"https:\/\/www.portaldeinocuidad.com\/web\/wp-json\/wp\/v2\/types\/page"}],"author":[{"embeddable":true,"href":"https:\/\/www.portaldeinocuidad.com\/web\/wp-json\/wp\/v2\/users\/1"}],"replies":[{"embeddable":true,"href":"https:\/\/www.portaldeinocuidad.com\/web\/wp-json\/wp\/v2\/comments?post=19581"}],"version-history":[{"count":13,"href":"https:\/\/www.portaldeinocuidad.com\/web\/wp-json\/wp\/v2\/pages\/19581\/revisions"}],"predecessor-version":[{"id":20294,"href":"https:\/\/www.portaldeinocuidad.com\/web\/wp-json\/wp\/v2\/pages\/19581\/revisions\/20294"}],"wp:featuredmedia":[{"embeddable":true,"href":"https:\/\/www.portaldeinocuidad.com\/web\/wp-json\/wp\/v2\/media\/19779"}],"wp:attachment":[{"href":"https:\/\/www.portaldeinocuidad.com\/web\/wp-json\/wp\/v2\/media?parent=19581"}],"curies":[{"name":"wp","href":"https:\/\/api.w.org\/{rel}","templated":true}]}}