{"id":19271,"date":"2022-05-31T20:04:55","date_gmt":"2022-05-31T23:04:55","guid":{"rendered":"https:\/\/www.portaldeinocuidad.com\/web\/?page_id=19271"},"modified":"2025-05-05T16:34:50","modified_gmt":"2025-05-05T19:34:50","slug":"cursos-a-distancia-in-company","status":"publish","type":"page","link":"https:\/\/www.portaldeinocuidad.com\/web\/cursos-a-distancia-in-company\/","title":{"rendered":"Cursos a distancia In Company"},"content":{"rendered":"\n<h2 class=\"wp-block-heading has-text-align-center\">Entrenamiento para equipos<\/h2>\n\n\n\n<div style=\"height:30px\" aria-hidden=\"true\" class=\"wp-block-spacer\"><\/div>\n\n\n\n<div class=\"wp-block-columns is-layout-flex wp-container-core-columns-is-layout-9d6595d7 wp-block-columns-is-layout-flex\">\n<div class=\"wp-block-column is-layout-flow wp-block-column-is-layout-flow\">\n<p class=\"has-medium-font-size\">Recomendamos la modalidad In Company para grupos de empleados de una misma empresa, para asesores y sus clientes, o para equipos mixtos conformados por clientes y proveedores.<\/p>\n\n\n\n<p class=\"has-medium-font-size\">Dada la amplitud de temas que tenemos en cartera, podemos ofrecer cursos con contenidos espec\u00edficamente adecuados a las caracter\u00edsticas de su empresa, sus procesos y locaci\u00f3n, as\u00ed como a su din\u00e1mica y disponibilidad horaria.<\/p>\n\n\n\n<p class=\"has-medium-font-size\">El requisito es que sean al menos 5 participantes para poder abrirlo de <strong>modo&nbsp;exclusivo<\/strong>.<\/p>\n<\/div>\n\n\n\n<div class=\"wp-block-column is-layout-flow wp-block-column-is-layout-flow\"><div class=\"wp-block-image\">\n<figure class=\"aligncenter size-full is-resized\"><img loading=\"lazy\" decoding=\"async\" width=\"500\" height=\"500\" src=\"https:\/\/www.portaldeinocuidad.com\/web\/wp-content\/uploads\/2022\/05\/capacitacion-a-distancia-in-company.jpg\" alt=\"Cursos a distancia In Company\n\" class=\"wp-image-19282\" style=\"width:375px;height:375px\" srcset=\"https:\/\/www.portaldeinocuidad.com\/web\/wp-content\/uploads\/2022\/05\/capacitacion-a-distancia-in-company.jpg 500w, https:\/\/www.portaldeinocuidad.com\/web\/wp-content\/uploads\/2022\/05\/capacitacion-a-distancia-in-company-300x300.jpg 300w, https:\/\/www.portaldeinocuidad.com\/web\/wp-content\/uploads\/2022\/05\/capacitacion-a-distancia-in-company-150x150.jpg 150w, https:\/\/www.portaldeinocuidad.com\/web\/wp-content\/uploads\/2022\/05\/capacitacion-a-distancia-in-company-100x100.jpg 100w\" sizes=\"auto, (max-width: 500px) 100vw, 500px\" \/><\/figure>\n<\/div><\/div>\n<\/div>\n\n\n\n<div class=\"wp-block-genesis-blocks-gb-columns gb-layout-columns-1 one-column\"><div class=\"gb-layout-column-wrap gb-block-layout-column-gap-2 gb-is-responsive-column\">\n<div class=\"wp-block-genesis-blocks-gb-column gb-block-layout-column\"><div class=\"gb-block-layout-column-inner gb-has-custom-background-color\" style=\"padding:25px;background-color:#f7f7f7\">\n<h3 class=\"wp-block-heading has-text-align-center\">Beneficios<\/h3>\n\n\n\n<div style=\"height:20px\" aria-hidden=\"true\" class=\"wp-block-spacer\"><\/div>\n\n\n\n<ul class=\"wp-block-list has-medium-font-size\">\n<li>Planes y cursos a medida.<\/li>\n\n\n\n<li>Fecha de inicio, duraci\u00f3n, profundidad en el tratamiento, horarios, modalidades de tratamiento y evaluaci\u00f3n, flexibles y en funci\u00f3n de los objetivos planteados.<\/li>\n\n\n\n<li>Aplicaci\u00f3n directa de lo aprendido a los procesos y documentos.<\/li>\n\n\n\n<li>Mejora del sistema de la empresa.<\/li>\n\n\n\n<li>Reducci\u00f3n de costos de traslado.<\/li>\n\n\n\n<li>Reducci\u00f3n de tiempos.<\/li>\n\n\n\n<li>Acceso a los mejores profesionales, residentes en distintas partes del mundo.<\/li>\n<\/ul>\n<\/div><\/div>\n<\/div><\/div>\n\n\n\n<div style=\"height:30px\" aria-hidden=\"true\" class=\"wp-block-spacer\"><\/div>\n\n\n\n<p class=\"has-text-align-center has-background\" style=\"background-color:#e4f2fa;font-size:22px\"><a href=\"https:\/\/www.portaldeinocuidad.com\/web\/capacitacion-blend\/\" target=\"_blank\" rel=\"noreferrer noopener\"><strong>Ver los temas de cursos<\/strong>.<\/a><\/p>\n\n\n\n<div style=\"height:30px\" aria-hidden=\"true\" class=\"wp-block-spacer\"><\/div>\n\n\n\n<p class=\"has-text-align-center has-medium-font-size\">Entrene a su equipo del modo m\u00e1s eficiente y efectivo. <\/p>\n\n\n\n<p class=\"has-text-align-center\" style=\"font-size:22px\"><a href=\"https:\/\/www.portaldeinocuidad.com\/web\/contacto\/\" target=\"_blank\" rel=\"noreferrer noopener\"><strong>\u00a1Solic\u00edtenos una propuesta!<\/strong><\/a><\/p>\n","protected":false},"excerpt":{"rendered":"<p>Entrenamiento para equipos Recomendamos la modalidad In Company para grupos de empleados de una misma empresa, para asesores y sus clientes, o para equipos mixtos conformados por clientes y proveedores. Dada la amplitud de temas que tenemos en cartera, podemos ofrecer cursos con contenidos espec\u00edficamente adecuados a las caracter\u00edsticas de su empresa, sus procesos y [&hellip;]<\/p>\n","protected":false},"author":1,"featured_media":19269,"parent":0,"menu_order":0,"comment_status":"closed","ping_status":"closed","template":"","meta":{"_genesis_hide_title":false,"_genesis_hide_breadcrumbs":false,"_genesis_hide_singular_image":false,"_genesis_hide_footer_widgets":false,"_genesis_custom_body_class":"","_genesis_custom_post_class":"","_genesis_layout":"full-width-content","footnotes":""},"class_list":{"0":"post-19271","1":"page","2":"type-page","3":"status-publish","4":"has-post-thumbnail","6":"entry"},"featured_image_src":"https:\/\/www.portaldeinocuidad.com\/web\/wp-content\/uploads\/2022\/05\/capacitacion-inocuidad-600x400.jpg","featured_image_src_square":"https:\/\/www.portaldeinocuidad.com\/web\/wp-content\/uploads\/2022\/05\/capacitacion-inocuidad-600x600.jpg","_links":{"self":[{"href":"https:\/\/www.portaldeinocuidad.com\/web\/wp-json\/wp\/v2\/pages\/19271","targetHints":{"allow":["GET"]}}],"collection":[{"href":"https:\/\/www.portaldeinocuidad.com\/web\/wp-json\/wp\/v2\/pages"}],"about":[{"href":"https:\/\/www.portaldeinocuidad.com\/web\/wp-json\/wp\/v2\/types\/page"}],"author":[{"embeddable":true,"href":"https:\/\/www.portaldeinocuidad.com\/web\/wp-json\/wp\/v2\/users\/1"}],"replies":[{"embeddable":true,"href":"https:\/\/www.portaldeinocuidad.com\/web\/wp-json\/wp\/v2\/comments?post=19271"}],"version-history":[{"count":16,"href":"https:\/\/www.portaldeinocuidad.com\/web\/wp-json\/wp\/v2\/pages\/19271\/revisions"}],"predecessor-version":[{"id":29296,"href":"https:\/\/www.portaldeinocuidad.com\/web\/wp-json\/wp\/v2\/pages\/19271\/revisions\/29296"}],"wp:featuredmedia":[{"embeddable":true,"href":"https:\/\/www.portaldeinocuidad.com\/web\/wp-json\/wp\/v2\/media\/19269"}],"wp:attachment":[{"href":"https:\/\/www.portaldeinocuidad.com\/web\/wp-json\/wp\/v2\/media?parent=19271"}],"curies":[{"name":"wp","href":"https:\/\/api.w.org\/{rel}","templated":true}]}}