{"id":1891,"date":"2018-06-14T04:27:57","date_gmt":"2018-06-14T07:27:57","guid":{"rendered":"https:\/\/www.portaldeinocuidad.com\/web\/?page_id=1891"},"modified":"2026-03-10T11:10:45","modified_gmt":"2026-03-10T14:10:45","slug":"brc-food","status":"publish","type":"page","link":"https:\/\/www.portaldeinocuidad.com\/web\/brc-food\/","title":{"rendered":"BRCGS Food (\u00faltima versi\u00f3n)"},"content":{"rendered":"\n<h2 class=\"wp-block-heading has-text-align-center\"><span style=\"color: #899b11;\">CURSO A DISTANCIA<\/span><\/h2>\n\n\n\n<p class=\"has-text-align-center\">Certificado por Portal de Inocuidad (ver m\u00e1s&nbsp;<a rel=\"noreferrer noopener\" href=\"https:\/\/www.portaldeinocuidad.com\/web\/wp-content\/uploads\/2022\/02\/CertificaciondePortaldeInocuidad.pdf\" target=\"_blank\">aqu\u00ed<\/a>).<\/p>\n\n\n\n<p class=\"has-text-align-center\">COMIENCE YA. El curso est\u00e1 siempre disponible.<\/p>\n\n\n\n<p class=\"has-text-align-center\"><strong>DURACI\u00d3N:&nbsp;<\/strong>4 semanas.<\/p>\n\n\n\n<div class=\"wp-block-genesis-blocks-gb-columns gb-layout-columns-1 one-column\"><div class=\"gb-layout-column-wrap gb-block-layout-column-gap-2 gb-is-responsive-column\">\n<div class=\"wp-block-genesis-blocks-gb-column gb-block-layout-column\"><div class=\"gb-block-layout-column-inner gb-has-custom-background-color\" style=\"margin-top:20px;margin-bottom:20px;padding-top:40px;padding-right:20px;padding-bottom:20px;padding-left:20px;background-color:#f0f8fc\">\n<p class=\"has-text-align-center has-black-color has-text-color\" style=\"font-size:24px\"><strong>:: BRCGS (\u00faltima versi\u00f3n) en Portal de Inocuidad no es un curso oficial ::<\/strong><\/p>\n\n\n\n<p class=\"has-text-align-center has-medium-font-size\">Es m\u00e1s que eso, es un circuito de entrenamiento en el que los participantes&nbsp;<strong>adquieren competencias para la implementaci\u00f3n&nbsp;<\/strong>correcta de requisitos y el&nbsp;<strong>correcto desempe\u00f1o en procesos de auditor\u00eda<\/strong>&nbsp;de certificaci\u00f3n.<br>En Portal de Inocuidad&nbsp;<strong>somos expertos en este tipo de procesos de acompa\u00f1amiento y de aplicaci\u00f3n directa<\/strong>&nbsp;en la pr\u00e1ctica de la Industria de alimentos.<\/p>\n<\/div><\/div>\n<\/div><\/div>\n\n\n\n<div style=\"height:30px\" aria-hidden=\"true\" class=\"wp-block-spacer\"><\/div>\n\n\n\n<p class=\"has-text-align-center has-very-light-gray-background-color has-background\">Si desea realizar esta capacitaci\u00f3n para su&nbsp;<strong>equipo de trabajo<\/strong>&nbsp;(a distancia o in company), por favor, escr\u00edbanos a contacto@portaldeinocuidad.com.<\/p>\n\n\n\n<h3 class=\"wp-block-heading\">DESCRIPCI\u00d3N GENERAL<\/h3>\n\n\n\n<p>Conozca la nueva versi\u00f3n de la norma, interprete los requisitos para una exitosa implementaci\u00f3n y p\u00f3ngalos en pr\u00e1ctica a trav\u00e9s de ejercicios de aplicaci\u00f3n sobre casos reales.<\/p>\n\n\n\n<h3 class=\"wp-block-heading\">OBJETIVO<\/h3>\n\n\n\n<p>Este curso tiene por objeto que los participantes conozcan los cambios de la nueva versi\u00f3n de la norma, interpreten los requisitos para una exitosa implementaci\u00f3n de acuerdo a cada caracter\u00edstica de producto y proceso y los pongan en pr\u00e1ctica a trav\u00e9s de ejercicios y formatos de ayuda de reportes, plantillas, etc.; de aplicaci\u00f3n sobre cada categor\u00eda de producto.<\/p>\n\n\n\n<h3 class=\"wp-block-heading\">DIRIGIDO A<\/h3>\n\n\n\n<p>Personas que se desempe\u00f1en en niveles gerenciales, en niveles t\u00e9cnicos de producci\u00f3n, mantenimiento, calidad, laboratorio y en equipo HACCP, en empresas agroalimentarias, de log\u00edstica, organismos oficiales, as\u00ed como tambi\u00e9n consultores y estudiantes que deseen estar actualizados con las \u00faltimas normativas de certificaci\u00f3n.<\/p>\n\n\n\n<h3 class=\"wp-block-heading\">TEMARIO<\/h3>\n\n\n\n<p>Historia BRCGS y enfoque mundial. Esquema de la norma, gesti\u00f3n de NC, clasificaci\u00f3n de hallazgos.<\/p>\n\n\n\n<p><strong>Cap\u00edtulos:<\/strong><\/p>\n\n\n\n<ol class=\"wp-block-list\">\n<li>Compromiso del Equipo Directivo.<\/li>\n\n\n\n<li>El plan de seguridad alimentaria: APPCC.<\/li>\n\n\n\n<li>Sistema de gesti\u00f3n de la calidad y seguridad alimentaria.<\/li>\n\n\n\n<li>Normas relativas al establecimiento.<\/li>\n\n\n\n<li>Control del Producto.<\/li>\n\n\n\n<li>Control de Procesos.<\/li>\n\n\n\n<li>Personal.<\/li>\n\n\n\n<li>Zonas de alto riesgo, cuidados especiales y cuidados especiales a temperatura ambiente.<\/li>\n\n\n\n<li>Requisitos aplicables a los productos mercadeados (comercializados).  <\/li>\n<\/ol>\n\n\n\n<p>Al finalizar cada cap\u00edtulo se hacen ejercicios de entendimiento, aplicados a diferentes categor\u00edas de productos. <\/p>\n\n\n\n<h3 class=\"wp-block-heading\">DOCENTE<\/h3>\n\n\n\n<p><a aria-label=\"Paula Feldman (se abre en una nueva pesta\u00f1a)\" href=\"https:\/\/www.portaldeinocuidad.com\/web\/paula-feldman\/\" target=\"_blank\" rel=\"noreferrer noopener\">Paula Feldman<\/a>.<br><a rel=\"noreferrer noopener\" href=\"https:\/\/www.portaldeinocuidad.com\/web\/leila-burin\/\" target=\"_blank\">Leila Burin<\/a>.<\/p>\n\n\n\n<h3 class=\"wp-block-heading\">INVERSI\u00d3N<\/h3>\n\n\n\n<p>Sala abierta U$D 100.-<br><strong>Con certificaci\u00f3n U$D 150.-<\/strong><br><a href=\"https:\/\/zfrmz.com\/RlJDeHXU0IiGDFwu5WEG\" target=\"_blank\" rel=\"noreferrer noopener\">Modalidad \u00abBlend\u00bb, solicitar cotizaci\u00f3n aqu\u00ed<\/a>.<\/p>\n\n\n\n<h3 class=\"wp-block-heading\">MEDIOS DE PAGO<\/h3>\n\n\n\n<p><strong>PAGO EN D\u00d3LARES<\/strong><\/p>\n\n\n\n<p>Tarjeta de cr\u00e9dito via PayPal<\/p>\n\n\n\n<p><strong><a href=\"https:\/\/www.paypal.com\/cgi-bin\/webscr?cmd=_s-xclick&amp;hosted_button_id=FKDEFJBPKFLSJ\" target=\"_blank\" rel=\"noreferrer noopener\">u$s 100.- Sin certificaci\u00f3n, para abonar click aqu\u00ed<\/a>.<br><a href=\"https:\/\/www.paypal.com\/cgi-bin\/webscr?cmd=_s-xclick&amp;hosted_button_id=5GHL6GFC6QXE6\" target=\"_blank\" rel=\"noreferrer noopener\">u$s 150.- Con certificaci\u00f3n, para abonar click aqu\u00ed<\/a>.<\/strong><\/p>\n\n\n\n<p>&nbsp;<a href=\"https:\/\/www.portaldeinocuidad.com\/web\/contacto\/\" target=\"_blank\" rel=\"noreferrer noopener\">Consultar aqu\u00ed por aranceles en su moneda local y otras formas de pago<\/a>.<\/p>\n\n\n\n<h3 class=\"wp-block-heading\">PASOS PARA INSCRIBIRSE AL CURSO<\/h3>\n\n\n\n<ol class=\"wp-block-list\">\n<li>Completar el siguiente formulario.<\/li>\n\n\n\n<li>Abonar el curso.<\/li>\n\n\n\n<li>Enviar su comprobante de pago a contacto@portaldeinocuidad.com.<\/li>\n<\/ol>\n\n\n\n<h4 class=\"wp-block-heading\">Complete el siguiente formulario para iniciar la inscripci\u00f3n al curso:<\/h4>\n\n\n\n<div style=\"height:30px\" aria-hidden=\"true\" class=\"wp-block-spacer\"><\/div>\n\n\n\n<iframe aria-label='Contact Us x Cursos 2025' frameborder=\"0\" style=\"height:500px;width:99%;border:none;\" src='https:\/\/forms.zohopublic.com\/portaldeinocuidad\/form\/ContactUsxCursos2025\/formperma\/qrSIscM9lcM8pTeEG68oDU_nRWSeajSbm24bs5_In5E'><\/iframe>\n","protected":false},"excerpt":{"rendered":"<p>CURSO A DISTANCIA Certificado por Portal de Inocuidad (ver m\u00e1s&nbsp;aqu\u00ed). COMIENCE YA. El curso est\u00e1 siempre disponible. DURACI\u00d3N:&nbsp;4 semanas. Si desea realizar esta capacitaci\u00f3n para su&nbsp;equipo de trabajo&nbsp;(a distancia o in company), por favor, escr\u00edbanos a contacto@portaldeinocuidad.com. DESCRIPCI\u00d3N GENERAL Conozca la nueva versi\u00f3n de la norma, interprete los requisitos para una exitosa implementaci\u00f3n y p\u00f3ngalos [&hellip;]<\/p>\n","protected":false},"author":1,"featured_media":20479,"parent":0,"menu_order":0,"comment_status":"closed","ping_status":"closed","template":"","meta":{"_genesis_hide_title":false,"_genesis_hide_breadcrumbs":false,"_genesis_hide_singular_image":false,"_genesis_hide_footer_widgets":false,"_genesis_custom_body_class":"","_genesis_custom_post_class":"","_genesis_layout":"full-width-content","footnotes":""},"class_list":{"0":"post-1891","1":"page","2":"type-page","3":"status-publish","4":"has-post-thumbnail","6":"entry"},"featured_image_src":"https:\/\/www.portaldeinocuidad.com\/web\/wp-content\/uploads\/2022\/07\/curso-brcgs-600x400.jpg","featured_image_src_square":"https:\/\/www.portaldeinocuidad.com\/web\/wp-content\/uploads\/2022\/07\/curso-brcgs-600x600.jpg","_links":{"self":[{"href":"https:\/\/www.portaldeinocuidad.com\/web\/wp-json\/wp\/v2\/pages\/1891","targetHints":{"allow":["GET"]}}],"collection":[{"href":"https:\/\/www.portaldeinocuidad.com\/web\/wp-json\/wp\/v2\/pages"}],"about":[{"href":"https:\/\/www.portaldeinocuidad.com\/web\/wp-json\/wp\/v2\/types\/page"}],"author":[{"embeddable":true,"href":"https:\/\/www.portaldeinocuidad.com\/web\/wp-json\/wp\/v2\/users\/1"}],"replies":[{"embeddable":true,"href":"https:\/\/www.portaldeinocuidad.com\/web\/wp-json\/wp\/v2\/comments?post=1891"}],"version-history":[{"count":113,"href":"https:\/\/www.portaldeinocuidad.com\/web\/wp-json\/wp\/v2\/pages\/1891\/revisions"}],"predecessor-version":[{"id":30646,"href":"https:\/\/www.portaldeinocuidad.com\/web\/wp-json\/wp\/v2\/pages\/1891\/revisions\/30646"}],"wp:featuredmedia":[{"embeddable":true,"href":"https:\/\/www.portaldeinocuidad.com\/web\/wp-json\/wp\/v2\/media\/20479"}],"wp:attachment":[{"href":"https:\/\/www.portaldeinocuidad.com\/web\/wp-json\/wp\/v2\/media?parent=1891"}],"curies":[{"name":"wp","href":"https:\/\/api.w.org\/{rel}","templated":true}]}}