{"id":1889,"date":"2018-06-14T04:22:57","date_gmt":"2018-06-14T04:22:57","guid":{"rendered":"https:\/\/www.portaldeinocuidad.com\/web\/?page_id=1889"},"modified":"2025-04-01T19:18:43","modified_gmt":"2025-04-01T22:18:43","slug":"analisis-de-riesgos-in-plant","status":"publish","type":"page","link":"https:\/\/www.portaldeinocuidad.com\/web\/analisis-de-riesgos-in-plant\/","title":{"rendered":"An\u00e1lisis de Riesgos IN-PLANT"},"content":{"rendered":"\n<h2 class=\"wp-block-heading has-text-align-center\"><span style=\"color: #899b11;\">CURSO A DISTANCIA<\/span><\/h2>\n\n\n\n<p class=\"has-text-align-center\">Certificado por Portal de Inocuidad (ver m\u00e1s&nbsp;<a href=\"https:\/\/www.portaldeinocuidad.com\/web\/wp-content\/uploads\/2022\/02\/CertificaciondePortaldeInocuidad.pdf\" target=\"_blank\" rel=\"noreferrer noopener\">aqu\u00ed<\/a>).<\/p>\n\n\n\n<p class=\"has-text-align-center\">COMIENCE YA. El curso est\u00e1 siempre disponible.<\/p>\n\n\n\n<p class=\"has-text-align-center\"><strong>DURACI\u00d3N:&nbsp;<\/strong>4 semanas.<\/p>\n\n\n\n<p class=\"has-text-align-center has-very-light-gray-background-color has-background\">Si desea realizar esta capacitaci\u00f3n para su&nbsp;<strong>equipo de trabajo<\/strong>&nbsp;(a distancia o in company), por favor, escr\u00edbanos a contacto@portaldeinocuidad.com.<\/p>\n\n\n\n<h3 class=\"wp-block-heading\">DESCRIPCI\u00d3N GENERAL<\/h3>\n\n\n\n<p>Poder efectuar las ponderaciones de riesgo para cada planta y l\u00ednea de proceso en particular.<\/p>\n\n\n\n<h3 class=\"wp-block-heading\">OBJETIVO<\/h3>\n\n\n\n<p>Poder efectuar las ponderaciones de riesgo para cada planta y l\u00ednea de proceso en particular.<\/p>\n\n\n\n<p>Los objetivos espec\u00edficos son:<\/p>\n\n\n\n<ul class=\"wp-block-list\">\n<li>Diferenciar entre peligro y riesgo<\/li>\n\n\n\n<li>Identificar fuentes de informaci\u00f3n v\u00e1lidas<\/li>\n\n\n\n<li>Aplicar el An\u00e1lisis de Riesgo a situaciones particulares<\/li>\n\n\n\n<li>Delinear un Plan efectivo de gesti\u00f3n de riesgos<\/li>\n<\/ul>\n\n\n\n<h3 class=\"wp-block-heading\">DIRIGIDO A<\/h3>\n\n\n\n<p>Personas que se desempe\u00f1en en niveles gerenciales, en niveles t\u00e9cnicos de producci\u00f3n, mantenimiento, calidad, laboratorio y en equipo HACCP, en empresas agroalimentarias, de log\u00edstica, organismos oficiales.<\/p>\n\n\n\n<h3 class=\"wp-block-heading\">TEMARIO<\/h3>\n\n\n\n<ul class=\"wp-block-list\">\n<li>Introducci\u00f3n a los sistemas de Aseguramiento de Inocuidad Alimentaria: HACCP<\/li>\n\n\n\n<li>Peligros y Riesgos<\/li>\n\n\n\n<li>An\u00e1lisis de Peligros: Severidad y Probabilidad<\/li>\n\n\n\n<li>An\u00e1lisis de Riesgo Poblacional<\/li>\n\n\n\n<li>Evaluaci\u00f3n de Riesgos in-company<\/li>\n\n\n\n<li>Gesti\u00f3n de Riesgos<\/li>\n\n\n\n<li>Comunicaci\u00f3n de Riesgos<\/li>\n\n\n\n<li>An\u00e1lisis de casos de aplicaci\u00f3n<\/li>\n\n\n\n<li>Conclusiones<\/li>\n\n\n\n<li>Cierre del curso.<\/li>\n<\/ul>\n\n\n\n<h3 class=\"wp-block-heading\">DOCENTE<\/h3>\n\n\n\n<p><a href=\"https:\/\/www.portaldeinocuidad.com\/web\/leila-burin\/\" target=\"_blank\" rel=\"noopener noreferrer\">Leila Burin<\/a>.<\/p>\n\n\n\n<h3 class=\"wp-block-heading\">INVERSI\u00d3N<\/h3>\n\n\n\n<p>Sala abierta U$D 100.-<br><strong>Con certificaci\u00f3n U$D 150.-<\/strong><br><a href=\"https:\/\/zfrmz.com\/RlJDeHXU0IiGDFwu5WEG\" target=\"_blank\" rel=\"noreferrer noopener\">Modalidad \u00abBlend\u00bb, solicitar cotizaci\u00f3n aqu\u00ed<\/a>.<\/p>\n\n\n\n<h3 class=\"wp-block-heading\">MEDIOS DE PAGO<\/h3>\n\n\n\n<p><strong>PAGO EN D\u00d3LARES<\/strong><\/p>\n\n\n\n<p>Tarjeta de cr\u00e9dito via PayPal<\/p>\n\n\n\n<p><strong><a href=\"https:\/\/www.paypal.com\/cgi-bin\/webscr?cmd=_s-xclick&amp;hosted_button_id=FKDEFJBPKFLSJ\" target=\"_blank\" rel=\"noreferrer noopener\">u$s 100.- Sin certificaci\u00f3n, para abonar click aqu\u00ed<\/a>.<br><a href=\"https:\/\/www.paypal.com\/cgi-bin\/webscr?cmd=_s-xclick&amp;hosted_button_id=5GHL6GFC6QXE6\" target=\"_blank\" rel=\"noreferrer noopener\">u$s 150.- Con certificaci\u00f3n, para abonar click aqu\u00ed<\/a>.<\/strong><\/p>\n\n\n\n<p>&nbsp;<a href=\"https:\/\/www.portaldeinocuidad.com\/web\/contacto\/\" target=\"_blank\" rel=\"noreferrer noopener\">Consultar aqu\u00ed por aranceles en su moneda local y otras formas de pago<\/a>.<\/p>\n\n\n\n<h3 class=\"wp-block-heading\">PASOS PARA INSCRIBIRSE AL CURSO<\/h3>\n\n\n\n<ol class=\"wp-block-list\">\n<li>Completar el siguiente formulario.<\/li>\n\n\n\n<li>Abonar el curso.<\/li>\n\n\n\n<li>Enviar su comprobante de pago a contacto@portaldeinocuidad.com.<\/li>\n<\/ol>\n\n\n\n<h4 class=\"wp-block-heading\">Complete el siguiente formulario para iniciar la inscripci\u00f3n al curso:<\/h4>\n\n\n\n<div style=\"height:30px\" aria-hidden=\"true\" class=\"wp-block-spacer\"><\/div>\n\n\n\n<iframe aria-label='Contact Us x Cursos 2025' frameborder=\"0\" style=\"height:500px;width:99%;border:none;\" src='https:\/\/forms.zohopublic.com\/portaldeinocuidad\/form\/ContactUsxCursos2025\/formperma\/qrSIscM9lcM8pTeEG68oDU_nRWSeajSbm24bs5_In5E'><\/iframe>\n","protected":false},"excerpt":{"rendered":"<p>CURSO A DISTANCIA Certificado por Portal de Inocuidad (ver m\u00e1s&nbsp;aqu\u00ed). COMIENCE YA. El curso est\u00e1 siempre disponible. DURACI\u00d3N:&nbsp;4 semanas. Si desea realizar esta capacitaci\u00f3n para su&nbsp;equipo de trabajo&nbsp;(a distancia o in company), por favor, escr\u00edbanos a contacto@portaldeinocuidad.com. DESCRIPCI\u00d3N GENERAL Poder efectuar las ponderaciones de riesgo para cada planta y l\u00ednea de proceso en particular. OBJETIVO [&hellip;]<\/p>\n","protected":false},"author":1,"featured_media":2066,"parent":0,"menu_order":0,"comment_status":"closed","ping_status":"closed","template":"","meta":{"_genesis_hide_title":false,"_genesis_hide_breadcrumbs":false,"_genesis_hide_singular_image":false,"_genesis_hide_footer_widgets":false,"_genesis_custom_body_class":"","_genesis_custom_post_class":"","_genesis_layout":"full-width-content","footnotes":""},"class_list":{"0":"post-1889","1":"page","2":"type-page","3":"status-publish","4":"has-post-thumbnail","6":"entry"},"featured_image_src":"https:\/\/www.portaldeinocuidad.com\/web\/wp-content\/uploads\/2018\/06\/curso-analisis-de-riesgos.jpg","featured_image_src_square":"https:\/\/www.portaldeinocuidad.com\/web\/wp-content\/uploads\/2018\/06\/curso-analisis-de-riesgos.jpg","_links":{"self":[{"href":"https:\/\/www.portaldeinocuidad.com\/web\/wp-json\/wp\/v2\/pages\/1889","targetHints":{"allow":["GET"]}}],"collection":[{"href":"https:\/\/www.portaldeinocuidad.com\/web\/wp-json\/wp\/v2\/pages"}],"about":[{"href":"https:\/\/www.portaldeinocuidad.com\/web\/wp-json\/wp\/v2\/types\/page"}],"author":[{"embeddable":true,"href":"https:\/\/www.portaldeinocuidad.com\/web\/wp-json\/wp\/v2\/users\/1"}],"replies":[{"embeddable":true,"href":"https:\/\/www.portaldeinocuidad.com\/web\/wp-json\/wp\/v2\/comments?post=1889"}],"version-history":[{"count":74,"href":"https:\/\/www.portaldeinocuidad.com\/web\/wp-json\/wp\/v2\/pages\/1889\/revisions"}],"predecessor-version":[{"id":29088,"href":"https:\/\/www.portaldeinocuidad.com\/web\/wp-json\/wp\/v2\/pages\/1889\/revisions\/29088"}],"wp:featuredmedia":[{"embeddable":true,"href":"https:\/\/www.portaldeinocuidad.com\/web\/wp-json\/wp\/v2\/media\/2066"}],"wp:attachment":[{"href":"https:\/\/www.portaldeinocuidad.com\/web\/wp-json\/wp\/v2\/media?parent=1889"}],"curies":[{"name":"wp","href":"https:\/\/api.w.org\/{rel}","templated":true}]}}