{"id":1851,"date":"2018-06-14T02:52:44","date_gmt":"2018-06-14T02:52:44","guid":{"rendered":"https:\/\/www.portaldeinocuidad.com\/web\/?page_id=1851"},"modified":"2025-02-27T10:10:27","modified_gmt":"2025-02-27T13:10:27","slug":"ricardo-ferrario","status":"publish","type":"page","link":"https:\/\/www.portaldeinocuidad.com\/web\/ricardo-ferrario\/","title":{"rendered":"Ricardo Ferrario"},"content":{"rendered":"<div class=\"wp-block-image is-resized is-style-rounded\">\n<figure class=\"alignleft size-full\"><img loading=\"lazy\" decoding=\"async\" width=\"200\" height=\"200\" src=\"https:\/\/www.portaldeinocuidad.com\/web\/wp-content\/uploads\/2022\/03\/ricardo-ferrario-200x200-1.jpg\" alt=\"\" class=\"wp-image-18428\" srcset=\"https:\/\/www.portaldeinocuidad.com\/web\/wp-content\/uploads\/2022\/03\/ricardo-ferrario-200x200-1.jpg 200w, https:\/\/www.portaldeinocuidad.com\/web\/wp-content\/uploads\/2022\/03\/ricardo-ferrario-200x200-1-150x150.jpg 150w, https:\/\/www.portaldeinocuidad.com\/web\/wp-content\/uploads\/2022\/03\/ricardo-ferrario-200x200-1-100x100.jpg 100w\" sizes=\"auto, (max-width: 200px) 100vw, 200px\" \/><\/figure>\n<\/div>\n\n\n<p>T\u00e9cnico Qu\u00edmico.<br>Especialista en GIP en la Industria Alimentaria.<br>Socio Gerente de Clean City desde el a\u00f1o 1997.<br>Trabaj\u00f3 en el manual de MIP desarrollado por la Secretar\u00eda de Agricultura, Ganader\u00eda, Pesca y Alimentos dentro del Programa Calidad de los Alimentos Argentinos.<br>Docente en la carrera de Postgrado de la Ceica de la UCA.<br>Docente en la carrera de Postgrado de la EMIP de la Universidad de Mor\u00f3n.<br>Ha dictado numerosos cursos de capacitaci\u00f3n en el tema GIP para laboratorios como Bayer, Chemotecnica y Anasac en Argentina, Chile, Uruguay, en la Universidad de Aswan en Egipto y Argelia para la Asociaci\u00f3n de Controladores de Plagas del Continente Ar\u00e1bigo, y empresas de control de plagas en distintos pa\u00edses de Am\u00e9rica.<br>Colaborador con la empresa Canada Glint Inc. para trabajar en forma conjunta en planes de entrenamiento, concientizaci\u00f3n y talleres para fomentar el desarrollo juvenil en proyectos de servicios en \u00c1frica.<br>Fue el Fundador del Portal Infoplagas.com, primer portal de habla hispana referido al tema MIP en Argentina.<br>Ha desarrollado el primer Sistema de Control de Gesti\u00f3n On Line para servicios de GIP en Argentina el cual opera en varios pa\u00edses del mundo.<br>Recibi\u00f3 capacitaci\u00f3n de los programas y auditor\u00edas de MIP en Argentina y Estados Unidos por parte de la NPMA y AIB Internacional.<br>Desarroll\u00f3 trabajos en campo durante dos a\u00f1os con industrias alimenticias y laboratorio multinacionales para el desarrollo de su segundo libro.<br>Autor de los libros: <a href=\"https:\/\/www.portaldeinocuidad.com\/web\/libro-gestion-integral-de-plagas\/\" target=\"_blank\" rel=\"noopener noreferrer\"><strong>\u00abGesti\u00f3n Integral de Plagas. El futuro en tus manos\u00bb<\/strong><\/a> y \u201cGuardianes del Grano\u201d.<\/p>\n","protected":false},"excerpt":{"rendered":"<p>T\u00e9cnico Qu\u00edmico.Especialista en GIP en la Industria Alimentaria.Socio Gerente de Clean City desde el a\u00f1o 1997.Trabaj\u00f3 en el manual de MIP desarrollado por la Secretar\u00eda de Agricultura, Ganader\u00eda, Pesca y Alimentos dentro del Programa Calidad de los Alimentos Argentinos.Docente en la carrera de Postgrado de la Ceica de la UCA.Docente en la carrera de Postgrado [&hellip;]<\/p>\n","protected":false},"author":1,"featured_media":19665,"parent":0,"menu_order":0,"comment_status":"closed","ping_status":"closed","template":"","meta":{"_genesis_hide_title":false,"_genesis_hide_breadcrumbs":false,"_genesis_hide_singular_image":false,"_genesis_hide_footer_widgets":false,"_genesis_custom_body_class":"","_genesis_custom_post_class":"","_genesis_layout":"full-width-content","footnotes":""},"class_list":{"0":"post-1851","1":"page","2":"type-page","3":"status-publish","4":"has-post-thumbnail","6":"entry"},"featured_image_src":"https:\/\/www.portaldeinocuidad.com\/web\/wp-content\/uploads\/2022\/06\/nosotros-600x400.jpg","featured_image_src_square":"https:\/\/www.portaldeinocuidad.com\/web\/wp-content\/uploads\/2022\/06\/nosotros-600x600.jpg","_links":{"self":[{"href":"https:\/\/www.portaldeinocuidad.com\/web\/wp-json\/wp\/v2\/pages\/1851","targetHints":{"allow":["GET"]}}],"collection":[{"href":"https:\/\/www.portaldeinocuidad.com\/web\/wp-json\/wp\/v2\/pages"}],"about":[{"href":"https:\/\/www.portaldeinocuidad.com\/web\/wp-json\/wp\/v2\/types\/page"}],"author":[{"embeddable":true,"href":"https:\/\/www.portaldeinocuidad.com\/web\/wp-json\/wp\/v2\/users\/1"}],"replies":[{"embeddable":true,"href":"https:\/\/www.portaldeinocuidad.com\/web\/wp-json\/wp\/v2\/comments?post=1851"}],"version-history":[{"count":14,"href":"https:\/\/www.portaldeinocuidad.com\/web\/wp-json\/wp\/v2\/pages\/1851\/revisions"}],"predecessor-version":[{"id":28290,"href":"https:\/\/www.portaldeinocuidad.com\/web\/wp-json\/wp\/v2\/pages\/1851\/revisions\/28290"}],"wp:featuredmedia":[{"embeddable":true,"href":"https:\/\/www.portaldeinocuidad.com\/web\/wp-json\/wp\/v2\/media\/19665"}],"wp:attachment":[{"href":"https:\/\/www.portaldeinocuidad.com\/web\/wp-json\/wp\/v2\/media?parent=1851"}],"curies":[{"name":"wp","href":"https:\/\/api.w.org\/{rel}","templated":true}]}}