{"id":1831,"date":"2018-06-14T02:02:23","date_gmt":"2018-06-14T02:02:23","guid":{"rendered":"https:\/\/www.portaldeinocuidad.com\/web\/?page_id=1831"},"modified":"2025-05-27T21:58:39","modified_gmt":"2025-05-28T00:58:39","slug":"plagas","status":"publish","type":"page","link":"https:\/\/www.portaldeinocuidad.com\/web\/plagas\/","title":{"rendered":"Gesti\u00f3n Integral de Plagas"},"content":{"rendered":"\n<h2 class=\"wp-block-heading has-text-align-center\"><span style=\"color: #7ba10a;\">CURSO A DISTANCIA<\/span><\/h2>\n\n\n\n<p class=\"has-text-align-center\">Certificado por Portal de Inocuidad (ver m\u00e1s&nbsp;<a href=\"https:\/\/www.portaldeinocuidad.com\/web\/wp-content\/uploads\/2022\/02\/CertificaciondePortaldeInocuidad.pdf\" target=\"_blank\" rel=\"noreferrer noopener\">aqu\u00ed<\/a>).<\/p>\n\n\n\n<p class=\"has-text-align-center\">COMIENCE YA. El curso est\u00e1 siempre disponible.<\/p>\n\n\n\n<p class=\"has-text-align-center\"><strong>DURACI\u00d3N:&nbsp;<\/strong>4 semanas.<\/p>\n\n\n\n<p class=\"has-text-align-center has-very-light-gray-background-color has-background\">Si desea realizar esta capacitaci\u00f3n para su&nbsp;<strong>equipo de trabajo<\/strong>&nbsp;(a distancia o in company), por favor, escr\u00edbanos a contacto@portaldeinocuidad.com.<\/p>\n\n\n\n<h3 class=\"wp-block-heading\">DESCRIPCI\u00d3N GENERAL<\/h3>\n\n\n\n<p>Conozca las plagas que amenazan las plantas de alimentos y c\u00f3mo dise\u00f1ar y controlar un Programa de Manejo Integrado.<\/p>\n\n\n\n<h3 class=\"wp-block-heading\">OBJETIVO<\/h3>\n\n\n\n<p>Los participantes aprender\u00e1n c\u00f3mo dise\u00f1ar y controlar un programa de Manejo Integrado de Plagas.<\/p>\n\n\n\n<h3 class=\"wp-block-heading\">DIRIGIDO A<\/h3>\n\n\n\n<p>Personas que se desempe\u00f1en como responsables del control de plagas tanto desde las \u00e1reas de calidad, mantenimiento y seguridad e higiene de empresas agroalimentarias y afines (log\u00edstica, organismos oficiales, etc.)<\/p>\n\n\n\n<h3 class=\"wp-block-heading\">TEMARIO<\/h3>\n\n\n\n<ul class=\"wp-block-list\">\n<li>Introducci\u00f3n.<\/li>\n\n\n\n<li>Biolog\u00eda y reconocimiento de plagas m\u00e1s comunes.<\/li>\n\n\n\n<li>Legislaci\u00f3n aplicable y referencias bibliogr\u00e1ficas.<\/li>\n\n\n\n<li>Implementaci\u00f3n de Programas de Manejo Integrado de Plagas.\n<ul class=\"wp-block-list\">\n<li>An\u00e1lisis y diagn\u00f3stico.<\/li>\n\n\n\n<li>Planificaci\u00f3n del programa.<\/li>\n\n\n\n<li>Puesta en marcha.<\/li>\n<\/ul>\n<\/li>\n\n\n\n<li>Control de gesti\u00f3n del programa de control.<\/li>\n<\/ul>\n\n\n\n<h3 class=\"wp-block-heading\">TESTIMONIOS<\/h3>\n\n\n\n<blockquote class=\"wp-block-quote is-layout-flow wp-block-quote-is-layout-flow\">\n<p>Mis expectativas se cumplieron satisfactoriamente. El material fue importante para la comprensi\u00f3n del concepto de GIP y de gran apoyo para la realizaci\u00f3n de los trabajos pr\u00e1cticos, que al estar basados sobre casos reales le dieron mayor inter\u00e9s. Me ser\u00e1 de utilidad en mi funci\u00f3n de auditor de proveedores para tener una visi\u00f3n m\u00e1s integral a la hora de evaluar sus planes de manejo de plagas y en caso de ser necesario, brindarles una gu\u00eda para implementar un sistema GIP en su establecimientos en el marco de la mejora continua. Cabe destacar y agradecer el soporte de Ricardo, que con todo su conocimiento y experiencia ha aportado nuevas ideas y conceptos, y esclareci\u00f3 los distintos temas y dudas que fueron surgiendo durante el curso.<\/p>\n<cite>Gabriel D. 2023.<\/cite><\/blockquote>\n\n\n\n<blockquote class=\"wp-block-quote is-layout-flow wp-block-quote-is-layout-flow\">\n<p>Ciertamente, ha excedido mis expectativas.&nbsp;Tengo la impresi\u00f3n que no solo me ha ayudado sino que ha despertado una gran hambre por seguir aprendiendo sobre este tema en particular. Adem\u00e1s, ha creado, aun m\u00e1s fuerte una gran responsabilidad por realizar mi trabajo cada d\u00eda con gran profesionalismo. Nuestra Profesi\u00f3n es una GRAN RESPONSABILIDAD y estoy dispuesto a llevarla correctamente.&nbsp;Aprender una nueva forma de pensar es uno de los logros para m\u00ed de este curso. Cada tema, cada ejercicio, cada intercambio de ideas ha logrado un cambio de paradigma que es posible.&nbsp;<\/p>\n<cite>Jos\u00e9 S. 2020.<\/cite><\/blockquote>\n\n\n\n<blockquote class=\"wp-block-quote is-layout-flow wp-block-quote-is-layout-flow\">\n<p>Antes que nada quiero dar mi m\u00e1s profundo agradecimiento a Ricardo, la disposici\u00f3n y el feedback siempre aportando a cada trabajo enviado y adem\u00e1s de transmitir su experiencia y profesionalismo en cada momento. As\u00ed mismo al equipo de Portal de Inocuidad por el seguimiento y brindar las oportunidades para las videollamadas realizadas. El curso ha cumplido mis expectativas, me llevo un excelente material adem\u00e1s de crecimiento compartido el cual quiero transformar a experiencias una vez aplicadas.<\/p>\n<cite>Luis M. 2020<\/cite><\/blockquote>\n\n\n\n<h3 class=\"wp-block-heading\">DOCENTE<\/h3>\n\n\n\n<p><a href=\"https:\/\/www.portaldeinocuidad.com\/web\/ricardo-ferrario\/\" target=\"_blank\" rel=\"noopener noreferrer\">Ricardo Ferrario<\/a>.<\/p>\n\n\n\n<h3 class=\"wp-block-heading\">INVERSI\u00d3N<\/h3>\n\n\n\n<p>Sala abierta U$D 100.-<br><strong>Con certificaci\u00f3n U$D 150.-<\/strong><br><a href=\"https:\/\/zfrmz.com\/RlJDeHXU0IiGDFwu5WEG\" target=\"_blank\" rel=\"noreferrer noopener\">Modalidad \u00abBlend\u00bb, solicitar cotizaci\u00f3n aqu\u00ed<\/a>.<\/p>\n\n\n\n<h3 class=\"wp-block-heading\">MEDIOS DE PAGO<\/h3>\n\n\n\n<p><strong>PAGO EN D\u00d3LARES<\/strong><\/p>\n\n\n\n<p>Tarjeta de cr\u00e9dito via PayPal<\/p>\n\n\n\n<p><strong><a href=\"https:\/\/www.paypal.com\/cgi-bin\/webscr?cmd=_s-xclick&amp;hosted_button_id=FKDEFJBPKFLSJ\" target=\"_blank\" rel=\"noreferrer noopener\">u$s 100.- Sin certificaci\u00f3n, para abonar click aqu\u00ed<\/a>.<br><a href=\"https:\/\/www.paypal.com\/cgi-bin\/webscr?cmd=_s-xclick&amp;hosted_button_id=5GHL6GFC6QXE6\" target=\"_blank\" rel=\"noreferrer noopener\">u$s 150.- Con certificaci\u00f3n, para abonar click aqu\u00ed<\/a>.<\/strong><\/p>\n\n\n\n<p>&nbsp;<a href=\"https:\/\/www.portaldeinocuidad.com\/web\/contacto\/\" target=\"_blank\" rel=\"noreferrer noopener\">Consultar aqu\u00ed por aranceles en su moneda local y otras formas de pago<\/a>.<\/p>\n\n\n\n<h3 class=\"wp-block-heading\">PASOS PARA INSCRIBIRSE AL CURSO<\/h3>\n\n\n\n<ol class=\"wp-block-list\">\n<li>Completar el siguiente formulario.<\/li>\n\n\n\n<li>Abonar el curso.<\/li>\n\n\n\n<li>Enviar su comprobante de pago a contacto@portaldeinocuidad.com.<\/li>\n<\/ol>\n\n\n\n<h4 class=\"wp-block-heading\">Complete el siguiente formulario para iniciar la inscripci\u00f3n al curso:<\/h4>\n\n\n\n<div style=\"height:30px\" aria-hidden=\"true\" class=\"wp-block-spacer\"><\/div>\n\n\n\n<div id=\"zf_div_qrSIscM9lcM8pTeEG68oDU_nRWSeajSbm24bs5_In5E\"><\/div>\n<script type=\"text\/javascript\">\n(function() {\n  try {\n    var f = document.createElement(\"iframe\");\n    f.src = 'https:\/\/forms.zohopublic.com\/portaldeinocuidad\/form\/ContactUsxCursos2025\/formperma\/qrSIscM9lcM8pTeEG68oDU_nRWSeajSbm24bs5_In5E?zf_rszfm=1';\n    f.style.border = \"none\";\n    f.style.height = \"1232px\";\n    f.style.width = \"90%\";\n    f.style.transition = \"all 0.5s ease\";\n    f.setAttribute(\"aria-label\", 'Contact\\x20Us\\x20x\\x20Cursos\\x202025');\n   \n    var d = document.getElementById(\"zf_div_qrSIscM9lcM8pTeEG68oDU_nRWSeajSbm24bs5_In5E\");\n    d.appendChild(f);\n\n    window.addEventListener('message', function(event) {\n      var evntData = event.data;\n      if (evntData && typeof evntData === 'string') {\n        \/\/ Detecta env\u00edo exitoso del formulario\n        if (evntData.indexOf('zf_frame_submit_success') !== -1) {\n          window.location.href = \"https:\/\/www.portaldeinocuidad.com\/web\/gracias-por-escribirnos\/\";\n        }\n\n        var zf_ifrm_data = evntData.split(\"|\");\n        if (zf_ifrm_data.length == 2 || zf_ifrm_data.length == 3) {\n          var zf_perma = zf_ifrm_data[0];\n          var zf_ifrm_ht_nw = (parseInt(zf_ifrm_data[1], 10) + 15) + \"px\";\n          var iframe = d.getElementsByTagName(\"iframe\")[0];\n          if ((iframe.src).indexOf('formperma') > 0 && (iframe.src).indexOf(zf_perma) > 0) {\n            var prevIframeHeight = iframe.style.height;\n            var zf_tout = false;\n            if (zf_ifrm_data.length == 3) {\n              iframe.scrollIntoView();\n              zf_tout = true;\n            }\n            if (prevIframeHeight != zf_ifrm_ht_nw) {\n              if (zf_tout) {\n                setTimeout(function() {\n                  iframe.style.height = zf_ifrm_ht_nw;\n                }, 500);\n              } else {\n                iframe.style.height = zf_ifrm_ht_nw;\n              }\n            }\n          }\n        }\n      }\n    }, false);\n  } catch (e) {}\n})();\n<\/script>\n","protected":false},"excerpt":{"rendered":"<p>CURSO A DISTANCIA Certificado por Portal de Inocuidad (ver m\u00e1s&nbsp;aqu\u00ed). COMIENCE YA. El curso est\u00e1 siempre disponible. DURACI\u00d3N:&nbsp;4 semanas. Si desea realizar esta capacitaci\u00f3n para su&nbsp;equipo de trabajo&nbsp;(a distancia o in company), por favor, escr\u00edbanos a contacto@portaldeinocuidad.com. DESCRIPCI\u00d3N GENERAL Conozca las plagas que amenazan las plantas de alimentos y c\u00f3mo dise\u00f1ar y controlar un Programa [&hellip;]<\/p>\n","protected":false},"author":1,"featured_media":1840,"parent":0,"menu_order":0,"comment_status":"closed","ping_status":"closed","template":"","meta":{"_genesis_hide_title":false,"_genesis_hide_breadcrumbs":false,"_genesis_hide_singular_image":false,"_genesis_hide_footer_widgets":false,"_genesis_custom_body_class":"","_genesis_custom_post_class":"","_genesis_layout":"full-width-content","footnotes":""},"class_list":{"0":"post-1831","1":"page","2":"type-page","3":"status-publish","4":"has-post-thumbnail","6":"entry"},"featured_image_src":"https:\/\/www.portaldeinocuidad.com\/web\/wp-content\/uploads\/2018\/06\/curso-plagas.jpg","featured_image_src_square":"https:\/\/www.portaldeinocuidad.com\/web\/wp-content\/uploads\/2018\/06\/curso-plagas.jpg","_links":{"self":[{"href":"https:\/\/www.portaldeinocuidad.com\/web\/wp-json\/wp\/v2\/pages\/1831","targetHints":{"allow":["GET"]}}],"collection":[{"href":"https:\/\/www.portaldeinocuidad.com\/web\/wp-json\/wp\/v2\/pages"}],"about":[{"href":"https:\/\/www.portaldeinocuidad.com\/web\/wp-json\/wp\/v2\/types\/page"}],"author":[{"embeddable":true,"href":"https:\/\/www.portaldeinocuidad.com\/web\/wp-json\/wp\/v2\/users\/1"}],"replies":[{"embeddable":true,"href":"https:\/\/www.portaldeinocuidad.com\/web\/wp-json\/wp\/v2\/comments?post=1831"}],"version-history":[{"count":173,"href":"https:\/\/www.portaldeinocuidad.com\/web\/wp-json\/wp\/v2\/pages\/1831\/revisions"}],"predecessor-version":[{"id":29486,"href":"https:\/\/www.portaldeinocuidad.com\/web\/wp-json\/wp\/v2\/pages\/1831\/revisions\/29486"}],"wp:featuredmedia":[{"embeddable":true,"href":"https:\/\/www.portaldeinocuidad.com\/web\/wp-json\/wp\/v2\/media\/1840"}],"wp:attachment":[{"href":"https:\/\/www.portaldeinocuidad.com\/web\/wp-json\/wp\/v2\/media?parent=1831"}],"curies":[{"name":"wp","href":"https:\/\/api.w.org\/{rel}","templated":true}]}}