{"id":1799,"date":"2018-06-13T21:45:45","date_gmt":"2018-06-13T21:45:45","guid":{"rendered":"https:\/\/www.portaldeinocuidad.com\/web\/?page_id=1799"},"modified":"2025-05-27T18:59:26","modified_gmt":"2025-05-27T21:59:26","slug":"capacitacion","status":"publish","type":"page","link":"https:\/\/www.portaldeinocuidad.com\/web\/capacitacion\/","title":{"rendered":"Capacitaci\u00f3n"},"content":{"rendered":"\n<h2 class=\"wp-block-heading has-text-align-center\">Beneficios de capacitarse en Portal de Inocuidad<\/h2>\n\n\n\n<div style=\"height:30px\" aria-hidden=\"true\" class=\"wp-block-spacer\"><\/div>\n\n\n<div class=\"wp-block-image\">\n<figure class=\"alignright size-full is-resized\"><img loading=\"lazy\" decoding=\"async\" width=\"500\" height=\"500\" src=\"https:\/\/www.portaldeinocuidad.com\/web\/wp-content\/uploads\/2022\/05\/beneficios-de-capacitarse-pi.jpg\" alt=\"Beneficios de capacitarse en Portal de Inocuidad.\" class=\"wp-image-19192\" style=\"width:375px;height:375px\" srcset=\"https:\/\/www.portaldeinocuidad.com\/web\/wp-content\/uploads\/2022\/05\/beneficios-de-capacitarse-pi.jpg 500w, https:\/\/www.portaldeinocuidad.com\/web\/wp-content\/uploads\/2022\/05\/beneficios-de-capacitarse-pi-300x300.jpg 300w, https:\/\/www.portaldeinocuidad.com\/web\/wp-content\/uploads\/2022\/05\/beneficios-de-capacitarse-pi-150x150.jpg 150w, https:\/\/www.portaldeinocuidad.com\/web\/wp-content\/uploads\/2022\/05\/beneficios-de-capacitarse-pi-100x100.jpg 100w\" sizes=\"auto, (max-width: 500px) 100vw, 500px\" \/><\/figure>\n<\/div>\n\n\n<p class=\"has-text-align-left has-medium-font-size\">Obtenga herramientas suficientes para poder interpretar los contenidos e implementarlos adecuadamente.<\/p>\n\n\n\n<p class=\"has-medium-font-size\">Los docentes de Portal de Inocuidad son expertos muy reconocidos en su disciplina, generosos con su conocimiento y experiencia. Aproveche la interacci\u00f3n con personas interesadas en estos temas alrededor del mundo. <\/p>\n\n\n\n<p class=\"has-medium-font-size\">\u00bfYa decidi\u00f3 en qu\u00e9 se capacitar\u00e1 este a\u00f1o? \u00bfTiene definida la capacitaci\u00f3n de su equipo? <\/p>\n\n\n\n<p class=\"has-medium-font-size\">Podemos ayudarlo a planificar el calendario de cursos y entrenamientos para usted y su empresa. <a rel=\"noreferrer noopener\" href=\"https:\/\/www.portaldeinocuidad.com\/web\/contacto\/\" target=\"_blank\">\u00a1Conversemos!<\/a><\/p>\n\n\n\n<h2 class=\"wp-block-heading\">Modalidades<\/h2>\n\n\n\n<div style=\"height:20px\" aria-hidden=\"true\" class=\"wp-block-spacer\"><\/div>\n\n\n\n<p class=\"has-black-color has-text-color\" style=\"font-size:22px\"><strong>Cursos de Capacitaci\u00f3n Blend<\/strong><\/p>\n\n\n\n<div class=\"wp-block-columns is-layout-flex wp-container-core-columns-is-layout-9d6595d7 wp-block-columns-is-layout-flex\">\n<div class=\"wp-block-column is-layout-flow wp-block-column-is-layout-flow\">\n<p class=\"has-medium-font-size\">Se puede realizar de forma presencial, virtual o h\u00edbrida. Con docente, con tutor o de forma autodidacta. Se puede dise\u00f1ar y ejecutar en el momento y lugar que necesite la empresa; adem\u00e1s es posible combinar temas y m\u00f3dulos para responder a las distintas necesidades, siempre con actividades pr\u00e1cticas de aplicaci\u00f3n.<br><a href=\"https:\/\/www.portaldeinocuidad.com\/web\/capacitacion-blend\/\" data-type=\"page\" data-id=\"3119\" target=\"_blank\" rel=\"noreferrer noopener\">Ver Capacitaci\u00f3n Blend<\/a>.<\/p>\n<\/div>\n\n\n\n<div class=\"wp-block-column is-layout-flow wp-block-column-is-layout-flow\">\n<p class=\"has-background\" style=\"background-color:#f7f7f7\"><em>\u00abAgradezco al Portal de Inocuidad y a su equipo por su excelente disposici\u00f3n y dedicaci\u00f3n con el alumnado para su motivaci\u00f3n en el aprendizaje.\u201d<\/em><br>Diego \u2013 Ex Alumno Curso de An\u00e1lisis de Sensorial de Alimentos.<\/p>\n<\/div>\n<\/div>\n\n\n\n<p class=\"has-black-color has-text-color\" style=\"font-size:22px\"><strong>Cursos a distancia In Company&nbsp;<\/strong><\/p>\n\n\n\n<div class=\"wp-block-columns is-layout-flex wp-container-core-columns-is-layout-9d6595d7 wp-block-columns-is-layout-flex\">\n<div class=\"wp-block-column is-layout-flow wp-block-column-is-layout-flow\">\n<p class=\"has-medium-font-size\">Son un servicio de Portal de Inocuidad para entrenar al personal de las empresas en diversos temas espec\u00edficos con la comodidad de poder distribuir los horarios de la forma m\u00e1s conveniente y eficiente dado que no es necesario reunir a todas las personas en el mismo momento para el desarrollo de todos los temas. Por otra parte, es la \u00fanica forma de contar con la combinaci\u00f3n de los mejores profesionales residentes en distintas partes del mundo.<br><a rel=\"noreferrer noopener\" href=\"https:\/\/www.portaldeinocuidad.com\/web\/cursos-a-distancia-in-company\/\" target=\"_blank\">Conocer m\u00e1s sobre la modalidad<\/a>.<a rel=\"noreferrer noopener\" href=\"https:\/\/www.portaldeinocuidad.com\/web\/cursos-a-distancia-in-company\/\" target=\"_blank\"><br><\/a><\/p>\n<\/div>\n\n\n\n<div class=\"wp-block-column is-layout-flow wp-block-column-is-layout-flow\">\n<p class=\"has-background\" style=\"background-color:#f7f7f7\"><em>\u00abEstoy m\u00e1s que complacida con los conocimientos adquiridos en este curso. La din\u00e1mica me parece excelente, porque me mantuvo motivada todo el tiempo y ni hablar de la informaci\u00f3n, los videos explicativos todo fue excelente. La facilitadora me encant\u00f3 porque siempre me retroaliment\u00f3 acerca de las actividades\u00bb<\/em>.<br>Nurkis &#8211; Ex Alumna del Curso Food Defense y Fraude Alimentario.<\/p>\n<\/div>\n<\/div>\n\n\n\n<p class=\"has-black-color has-text-color\" style=\"font-size:22px\"><strong>Cursos en Sala Abierta<\/strong><\/p>\n\n\n\n<div class=\"wp-block-columns is-layout-flex wp-container-core-columns-is-layout-9d6595d7 wp-block-columns-is-layout-flex\">\n<div class=\"wp-block-column is-layout-flow wp-block-column-is-layout-flow\">\n<p class=\"has-medium-font-size\">En esta modalidad, por su parte, el participante tiene acceso durante 4 semanas al material del curso y un espacio de consultas generales, si bien no se cuenta con actividades pr\u00e1cticas. Esta opci\u00f3n est\u00e1 especialmente indicada para quienes requieren conocer el tema y tienen la necesidad de implementarlo en el corto plazo.<br>En forma complementaria, se puede optar por dar un examen para obtener el certificado y confirmar el aprendizaje sobre la interpretaci\u00f3n y pr\u00e1cticas de implementaci\u00f3n. <br><a rel=\"noreferrer noopener\" href=\"https:\/\/www.portaldeinocuidad.com\/web\/cursos-sala-abierta\/\" target=\"_blank\">Ver Cursos Sala Abierta<\/a>.<\/p>\n\n\n\n<p class=\"has-medium-font-size\"><strong><a href=\"https:\/\/www.portaldeinocuidad.com\/web\/clientes\/\" target=\"_blank\" rel=\"noreferrer noopener\">Conocer a nuestros clientes<\/a>.<\/strong><\/p>\n<\/div>\n\n\n\n<div class=\"wp-block-column is-layout-flow wp-block-column-is-layout-flow\">\n<p class=\"has-background\" style=\"background-color:#f7f7f7\"><em>\u00abFue una experiencia enriquecedora. Logr\u00e9 afianzar y adquirir nuevos conocimientos. Los felicito por su excelente calidad en todos los sentidos: contenidos, respeto, compromiso, disponibilidad.&nbsp;Muchas gracias\u00bb.<\/em><br>Fernando \u2013 Ex Alumno Curso de Trazabilidad.<\/p>\n<\/div>\n<\/div>\n\n\n\n<div class=\"wp-block-genesis-blocks-gb-columns gb-layout-columns-1 one-column\"><div class=\"gb-layout-column-wrap gb-block-layout-column-gap-2 gb-is-responsive-column\">\n<div class=\"wp-block-genesis-blocks-gb-column gb-block-layout-column\"><div class=\"gb-block-layout-column-inner gb-has-custom-background-color\" style=\"padding:30px;background-color:#f7f7f7\">\n<p class=\"has-text-align-center has-black-color has-text-color\" style=\"font-size:24px\"><strong>Recursos \u00fatiles para su planificaci\u00f3n<\/strong><\/p>\n\n\n\n<div style=\"height:10px\" aria-hidden=\"true\" class=\"wp-block-spacer\"><\/div>\n\n\n\n<div class=\"wp-block-genesis-blocks-gb-columns gb-layout-columns-3 gb-3-col-equal\"><div class=\"gb-layout-column-wrap gb-block-layout-column-gap-2 gb-is-responsive-column\">\n<div class=\"wp-block-genesis-blocks-gb-column gb-block-layout-column\"><div class=\"gb-block-layout-column-inner\"><div class=\"wp-block-image is-style-rounded\">\n<figure class=\"aligncenter size-medium\"><img loading=\"lazy\" decoding=\"async\" width=\"300\" height=\"200\" src=\"https:\/\/www.portaldeinocuidad.com\/web\/wp-content\/uploads\/2022\/06\/temas-portal-300x200.jpg\" alt=\"Temas Portal de Inocuidad\" class=\"wp-image-19627\" srcset=\"https:\/\/www.portaldeinocuidad.com\/web\/wp-content\/uploads\/2022\/06\/temas-portal-300x200.jpg 300w, https:\/\/www.portaldeinocuidad.com\/web\/wp-content\/uploads\/2022\/06\/temas-portal-1024x683.jpg 1024w, https:\/\/www.portaldeinocuidad.com\/web\/wp-content\/uploads\/2022\/06\/temas-portal-768x512.jpg 768w, https:\/\/www.portaldeinocuidad.com\/web\/wp-content\/uploads\/2022\/06\/temas-portal-640x427.jpg 640w, https:\/\/www.portaldeinocuidad.com\/web\/wp-content\/uploads\/2022\/06\/temas-portal-600x400.jpg 600w, https:\/\/www.portaldeinocuidad.com\/web\/wp-content\/uploads\/2022\/06\/temas-portal.jpg 1200w\" sizes=\"auto, (max-width: 300px) 100vw, 300px\" \/><\/figure>\n<\/div>\n\n\n<p class=\"has-text-align-center\"><a href=\"https:\/\/drive.google.com\/file\/d\/1hTyCCtLYLnvyyVMkjlwyUUSOXw3IQxkA\/view?usp=drive_link\" target=\"_blank\" rel=\"noreferrer noopener\">Descargar Temas<\/a><\/p>\n<\/div><\/div>\n\n\n\n<div class=\"wp-block-genesis-blocks-gb-column gb-block-layout-column\"><div class=\"gb-block-layout-column-inner\"><div class=\"wp-block-image is-style-rounded\">\n<figure class=\"aligncenter size-medium\"><img loading=\"lazy\" decoding=\"async\" width=\"300\" height=\"200\" src=\"https:\/\/www.portaldeinocuidad.com\/web\/wp-content\/uploads\/2022\/05\/cursos-sala-abierta-300x200.jpg\" alt=\"Cursos Sala Abierrta\" class=\"wp-image-19264\" srcset=\"https:\/\/www.portaldeinocuidad.com\/web\/wp-content\/uploads\/2022\/05\/cursos-sala-abierta-300x200.jpg 300w, https:\/\/www.portaldeinocuidad.com\/web\/wp-content\/uploads\/2022\/05\/cursos-sala-abierta-1024x683.jpg 1024w, https:\/\/www.portaldeinocuidad.com\/web\/wp-content\/uploads\/2022\/05\/cursos-sala-abierta-768x512.jpg 768w, https:\/\/www.portaldeinocuidad.com\/web\/wp-content\/uploads\/2022\/05\/cursos-sala-abierta-640x427.jpg 640w, https:\/\/www.portaldeinocuidad.com\/web\/wp-content\/uploads\/2022\/05\/cursos-sala-abierta-600x400.jpg 600w, https:\/\/www.portaldeinocuidad.com\/web\/wp-content\/uploads\/2022\/05\/cursos-sala-abierta.jpg 1200w\" sizes=\"auto, (max-width: 300px) 100vw, 300px\" \/><\/figure>\n<\/div>\n\n\n<p class=\"has-text-align-center\"><a href=\"https:\/\/drive.google.com\/file\/d\/1uMFvEuIG83c0MMFqgKEgwv6BzZiMwBDR\/view?usp=drive_link\" target=\"_blank\" rel=\"noreferrer noopener\">Metodolog\u00eda Sala Abierta<\/a><\/p>\n<\/div><\/div>\n\n\n\n<div class=\"wp-block-genesis-blocks-gb-column gb-block-layout-column\"><div class=\"gb-block-layout-column-inner\"><div class=\"wp-block-image is-style-rounded\">\n<figure class=\"aligncenter size-medium\"><img loading=\"lazy\" decoding=\"async\" width=\"300\" height=\"200\" src=\"https:\/\/www.portaldeinocuidad.com\/web\/wp-content\/uploads\/2022\/05\/cursos-sala-abierta-300x200.jpg\" alt=\"Cursos Sala Abierrta\" class=\"wp-image-19264\" srcset=\"https:\/\/www.portaldeinocuidad.com\/web\/wp-content\/uploads\/2022\/05\/cursos-sala-abierta-300x200.jpg 300w, https:\/\/www.portaldeinocuidad.com\/web\/wp-content\/uploads\/2022\/05\/cursos-sala-abierta-1024x683.jpg 1024w, https:\/\/www.portaldeinocuidad.com\/web\/wp-content\/uploads\/2022\/05\/cursos-sala-abierta-768x512.jpg 768w, https:\/\/www.portaldeinocuidad.com\/web\/wp-content\/uploads\/2022\/05\/cursos-sala-abierta-640x427.jpg 640w, https:\/\/www.portaldeinocuidad.com\/web\/wp-content\/uploads\/2022\/05\/cursos-sala-abierta-600x400.jpg 600w, https:\/\/www.portaldeinocuidad.com\/web\/wp-content\/uploads\/2022\/05\/cursos-sala-abierta.jpg 1200w\" sizes=\"auto, (max-width: 300px) 100vw, 300px\" \/><\/figure>\n<\/div>\n\n\n<p class=\"has-text-align-center\"><a href=\"https:\/\/www.portaldeinocuidad.com\/web\/cursos-a-distancia-in-company\/\" target=\"_blank\" rel=\"noreferrer noopener\">Metodolog\u00eda In Company<\/a><\/p>\n<\/div><\/div>\n<\/div><\/div>\n<\/div><\/div>\n<\/div><\/div>\n\n\n\n<div style=\"height:30px\" aria-hidden=\"true\" class=\"wp-block-spacer\"><\/div>\n\n\n\n<p class=\"has-text-align-center\" style=\"font-size:22px\"><strong>Podemos ayudarlo a planificar el calendario de cursos y entrenamientos para usted y su empresa.&nbsp;<a rel=\"noreferrer noopener\" href=\"https:\/\/www.portaldeinocuidad.com\/web\/contacto\/\" target=\"_blank\">\u00a1Conversemos!<\/a><\/strong><\/p>\n","protected":false},"excerpt":{"rendered":"<p>Beneficios de capacitarse en Portal de Inocuidad Obtenga herramientas suficientes para poder interpretar los contenidos e implementarlos adecuadamente. Los docentes de Portal de Inocuidad son expertos muy reconocidos en su disciplina, generosos con su conocimiento y experiencia. Aproveche la interacci\u00f3n con personas interesadas en estos temas alrededor del mundo. \u00bfYa decidi\u00f3 en qu\u00e9 se capacitar\u00e1 [&hellip;]<\/p>\n","protected":false},"author":1,"featured_media":3537,"parent":0,"menu_order":0,"comment_status":"closed","ping_status":"closed","template":"","meta":{"_genesis_hide_title":false,"_genesis_hide_breadcrumbs":false,"_genesis_hide_singular_image":false,"_genesis_hide_footer_widgets":false,"_genesis_custom_body_class":"","_genesis_custom_post_class":"","_genesis_layout":"full-width-content","footnotes":""},"class_list":{"0":"post-1799","1":"page","2":"type-page","3":"status-publish","4":"has-post-thumbnail","6":"entry"},"featured_image_src":"https:\/\/www.portaldeinocuidad.com\/web\/wp-content\/uploads\/2019\/03\/slider-capacitacion-incompany.jpg","featured_image_src_square":"https:\/\/www.portaldeinocuidad.com\/web\/wp-content\/uploads\/2019\/03\/slider-capacitacion-incompany.jpg","_links":{"self":[{"href":"https:\/\/www.portaldeinocuidad.com\/web\/wp-json\/wp\/v2\/pages\/1799","targetHints":{"allow":["GET"]}}],"collection":[{"href":"https:\/\/www.portaldeinocuidad.com\/web\/wp-json\/wp\/v2\/pages"}],"about":[{"href":"https:\/\/www.portaldeinocuidad.com\/web\/wp-json\/wp\/v2\/types\/page"}],"author":[{"embeddable":true,"href":"https:\/\/www.portaldeinocuidad.com\/web\/wp-json\/wp\/v2\/users\/1"}],"replies":[{"embeddable":true,"href":"https:\/\/www.portaldeinocuidad.com\/web\/wp-json\/wp\/v2\/comments?post=1799"}],"version-history":[{"count":85,"href":"https:\/\/www.portaldeinocuidad.com\/web\/wp-json\/wp\/v2\/pages\/1799\/revisions"}],"predecessor-version":[{"id":29452,"href":"https:\/\/www.portaldeinocuidad.com\/web\/wp-json\/wp\/v2\/pages\/1799\/revisions\/29452"}],"wp:featuredmedia":[{"embeddable":true,"href":"https:\/\/www.portaldeinocuidad.com\/web\/wp-json\/wp\/v2\/media\/3537"}],"wp:attachment":[{"href":"https:\/\/www.portaldeinocuidad.com\/web\/wp-json\/wp\/v2\/media?parent=1799"}],"curies":[{"name":"wp","href":"https:\/\/api.w.org\/{rel}","templated":true}]}}