{"id":1797,"date":"2018-06-13T21:35:26","date_gmt":"2018-06-13T21:35:26","guid":{"rendered":"https:\/\/www.portaldeinocuidad.com\/web\/?page_id=1797"},"modified":"2025-09-17T13:34:45","modified_gmt":"2025-09-17T16:34:45","slug":"roberto-sabuqui","status":"publish","type":"page","link":"https:\/\/www.portaldeinocuidad.com\/web\/roberto-sabuqui\/","title":{"rendered":"Roberto Sabuqui"},"content":{"rendered":"<div class=\"wp-block-image is-resized is-style-rounded\">\n<figure class=\"alignleft size-full\"><img loading=\"lazy\" decoding=\"async\" width=\"200\" height=\"200\" src=\"https:\/\/www.portaldeinocuidad.com\/web\/wp-content\/uploads\/2022\/03\/roberto-sabuqui-200x200-1.png\" alt=\"\" class=\"wp-image-18414\" srcset=\"https:\/\/www.portaldeinocuidad.com\/web\/wp-content\/uploads\/2022\/03\/roberto-sabuqui-200x200-1.png 200w, https:\/\/www.portaldeinocuidad.com\/web\/wp-content\/uploads\/2022\/03\/roberto-sabuqui-200x200-1-150x150.png 150w, https:\/\/www.portaldeinocuidad.com\/web\/wp-content\/uploads\/2022\/03\/roberto-sabuqui-200x200-1-100x100.png 100w\" sizes=\"auto, (max-width: 200px) 100vw, 200px\" \/><\/figure>\n<\/div>\n\n\n<p>Director en <a href=\"http:\/\/www.sabuquikaizen.com.ar\/\" target=\"_blank\" rel=\"noreferrer noopener\">Sabuqui Kaizen<\/a>. <br>Desarrolla actividad privada en Empresas de diferentes rubros: Alimenticio, Farmac\u00e9utico, Servicios Log\u00edsticos, Packaging, etc.<br>Licenciado en Administraci\u00f3n Agraria UADE. Diploma en Direcci\u00f3n de Empresas UNLZ. Capacitador y Auditor L\u00edder en distintos programas de IPACE. Designado por concurso, Examinador y Coordinador del Premio Nacional a la Calidad \u2013 Sector Privado. Participante del curso PQPS Program de la A.O.T.S. (Tokyo Kenshu Center 2012).<br>Asesor Certificado en Tecnolog\u00edas de Gesti\u00f3n, INTI\/OAA, desde 2019.<br>Miembro de AATG Asociaci\u00f3n de Asesores en Tecnolog\u00edas de Gesti\u00f3n.<br>Docente IAEA \u2013ADIMRA, Organizaci\u00f3n de la Producci\u00f3n, y Metodolog\u00eda 5s.<br>INET \u2013AOTS Programa 5s para Instituciones T\u00e9cnico Educativas. 2019-2020.<br>The Executive Program on Production Management2\u2013 [EPPM2] (Nagoya KC 2018).<br>The Program on Production Management for 5S\/Kaizen Facilitators in Latin America [LAPM] (Osaka KC 2015).<br>APICS U.S.A. Asistente a Congresos Supply Chain 2014-2015.<\/p>\n","protected":false},"excerpt":{"rendered":"<p>Director en Sabuqui Kaizen. Desarrolla actividad privada en Empresas de diferentes rubros: Alimenticio, Farmac\u00e9utico, Servicios Log\u00edsticos, Packaging, etc.Licenciado en Administraci\u00f3n Agraria UADE. Diploma en Direcci\u00f3n de Empresas UNLZ. Capacitador y Auditor L\u00edder en distintos programas de IPACE. Designado por concurso, Examinador y Coordinador del Premio Nacional a la Calidad \u2013 Sector Privado. Participante del curso [&hellip;]<\/p>\n","protected":false},"author":1,"featured_media":19665,"parent":0,"menu_order":0,"comment_status":"closed","ping_status":"closed","template":"","meta":{"_genesis_hide_title":false,"_genesis_hide_breadcrumbs":false,"_genesis_hide_singular_image":false,"_genesis_hide_footer_widgets":false,"_genesis_custom_body_class":"","_genesis_custom_post_class":"","_genesis_layout":"full-width-content","footnotes":""},"class_list":{"0":"post-1797","1":"page","2":"type-page","3":"status-publish","4":"has-post-thumbnail","6":"entry"},"featured_image_src":"https:\/\/www.portaldeinocuidad.com\/web\/wp-content\/uploads\/2022\/06\/nosotros-600x400.jpg","featured_image_src_square":"https:\/\/www.portaldeinocuidad.com\/web\/wp-content\/uploads\/2022\/06\/nosotros-600x600.jpg","_links":{"self":[{"href":"https:\/\/www.portaldeinocuidad.com\/web\/wp-json\/wp\/v2\/pages\/1797","targetHints":{"allow":["GET"]}}],"collection":[{"href":"https:\/\/www.portaldeinocuidad.com\/web\/wp-json\/wp\/v2\/pages"}],"about":[{"href":"https:\/\/www.portaldeinocuidad.com\/web\/wp-json\/wp\/v2\/types\/page"}],"author":[{"embeddable":true,"href":"https:\/\/www.portaldeinocuidad.com\/web\/wp-json\/wp\/v2\/users\/1"}],"replies":[{"embeddable":true,"href":"https:\/\/www.portaldeinocuidad.com\/web\/wp-json\/wp\/v2\/comments?post=1797"}],"version-history":[{"count":8,"href":"https:\/\/www.portaldeinocuidad.com\/web\/wp-json\/wp\/v2\/pages\/1797\/revisions"}],"predecessor-version":[{"id":30032,"href":"https:\/\/www.portaldeinocuidad.com\/web\/wp-json\/wp\/v2\/pages\/1797\/revisions\/30032"}],"wp:featuredmedia":[{"embeddable":true,"href":"https:\/\/www.portaldeinocuidad.com\/web\/wp-json\/wp\/v2\/media\/19665"}],"wp:attachment":[{"href":"https:\/\/www.portaldeinocuidad.com\/web\/wp-json\/wp\/v2\/media?parent=1797"}],"curies":[{"name":"wp","href":"https:\/\/api.w.org\/{rel}","templated":true}]}}