{"id":1775,"date":"2018-06-13T21:24:39","date_gmt":"2018-06-13T21:24:39","guid":{"rendered":"https:\/\/www.portaldeinocuidad.com\/web\/?page_id=1775"},"modified":"2022-06-08T00:02:05","modified_gmt":"2022-06-08T03:02:05","slug":"cecilia-anso","status":"publish","type":"page","link":"https:\/\/www.portaldeinocuidad.com\/web\/cecilia-anso\/","title":{"rendered":"Cecilia Ans\u00f3"},"content":{"rendered":"\n<div class=\"wp-block-image is-style-rounded\"><figure class=\"alignleft size-full is-resized\"><img loading=\"lazy\" decoding=\"async\" src=\"https:\/\/www.portaldeinocuidad.com\/web\/wp-content\/uploads\/2022\/03\/cecilia-anso-200x200-1.jpg\" alt=\"\" class=\"wp-image-18427\" width=\"150\" height=\"150\" srcset=\"https:\/\/www.portaldeinocuidad.com\/web\/wp-content\/uploads\/2022\/03\/cecilia-anso-200x200-1.jpg 200w, https:\/\/www.portaldeinocuidad.com\/web\/wp-content\/uploads\/2022\/03\/cecilia-anso-200x200-1-150x150.jpg 150w, https:\/\/www.portaldeinocuidad.com\/web\/wp-content\/uploads\/2022\/03\/cecilia-anso-200x200-1-100x100.jpg 100w\" sizes=\"auto, (max-width: 150px) 100vw, 150px\" \/><\/figure><\/div>\n\n\n\n<p>Licenciada en Nutrici\u00f3n.<br>Graduada en la UBA en el a\u00f1o 1999.<br>Capacita a manipuladores de alimentos en inocuidad alimentaria para empresas de Argentina y Chile.<br>Realiza asesoramiento en el \u00e1rea privada en Gesti\u00f3n de Servicios de Alimentaci\u00f3n.<br>Fue responsable de la supervisi\u00f3n y control de la gesti\u00f3n en servicios de alimentaci\u00f3n de numerosas empresas privadas en Argentina entre 2000 y 2006.<br>Fue docente de Seguridad e Higiene de los Alimentos en el Instituto Argentino de Gastronom\u00eda.<\/p>\n","protected":false},"excerpt":{"rendered":"<p>Licenciada en Nutrici\u00f3n.Graduada en la UBA en el a\u00f1o 1999.Capacita a manipuladores de alimentos en inocuidad alimentaria para empresas de Argentina y Chile.Realiza asesoramiento en el \u00e1rea privada en Gesti\u00f3n de Servicios de Alimentaci\u00f3n.Fue responsable de la supervisi\u00f3n y control de la gesti\u00f3n en servicios de alimentaci\u00f3n de numerosas empresas privadas en Argentina entre 2000 [&hellip;]<\/p>\n","protected":false},"author":1,"featured_media":19665,"parent":0,"menu_order":0,"comment_status":"closed","ping_status":"closed","template":"","meta":{"_genesis_hide_title":false,"_genesis_hide_breadcrumbs":false,"_genesis_hide_singular_image":false,"_genesis_hide_footer_widgets":false,"_genesis_custom_body_class":"","_genesis_custom_post_class":"","_genesis_layout":"full-width-content","footnotes":""},"class_list":{"0":"post-1775","1":"page","2":"type-page","3":"status-publish","4":"has-post-thumbnail","6":"entry"},"featured_image_src":"https:\/\/www.portaldeinocuidad.com\/web\/wp-content\/uploads\/2022\/06\/nosotros-600x400.jpg","featured_image_src_square":"https:\/\/www.portaldeinocuidad.com\/web\/wp-content\/uploads\/2022\/06\/nosotros-600x600.jpg","_links":{"self":[{"href":"https:\/\/www.portaldeinocuidad.com\/web\/wp-json\/wp\/v2\/pages\/1775","targetHints":{"allow":["GET"]}}],"collection":[{"href":"https:\/\/www.portaldeinocuidad.com\/web\/wp-json\/wp\/v2\/pages"}],"about":[{"href":"https:\/\/www.portaldeinocuidad.com\/web\/wp-json\/wp\/v2\/types\/page"}],"author":[{"embeddable":true,"href":"https:\/\/www.portaldeinocuidad.com\/web\/wp-json\/wp\/v2\/users\/1"}],"replies":[{"embeddable":true,"href":"https:\/\/www.portaldeinocuidad.com\/web\/wp-json\/wp\/v2\/comments?post=1775"}],"version-history":[{"count":7,"href":"https:\/\/www.portaldeinocuidad.com\/web\/wp-json\/wp\/v2\/pages\/1775\/revisions"}],"predecessor-version":[{"id":18532,"href":"https:\/\/www.portaldeinocuidad.com\/web\/wp-json\/wp\/v2\/pages\/1775\/revisions\/18532"}],"wp:featuredmedia":[{"embeddable":true,"href":"https:\/\/www.portaldeinocuidad.com\/web\/wp-json\/wp\/v2\/media\/19665"}],"wp:attachment":[{"href":"https:\/\/www.portaldeinocuidad.com\/web\/wp-json\/wp\/v2\/media?parent=1775"}],"curies":[{"name":"wp","href":"https:\/\/api.w.org\/{rel}","templated":true}]}}