{"id":1769,"date":"2018-06-13T21:21:10","date_gmt":"2018-06-13T21:21:10","guid":{"rendered":"https:\/\/www.portaldeinocuidad.com\/web\/?page_id=1769"},"modified":"2025-02-27T13:17:20","modified_gmt":"2025-02-27T16:17:20","slug":"estefania-arizaga-collantes","status":"publish","type":"page","link":"https:\/\/www.portaldeinocuidad.com\/web\/estefania-arizaga-collantes\/","title":{"rendered":"Estefan\u00eda Ar\u00edzaga Collantes"},"content":{"rendered":"<div class=\"wp-block-image is-resized is-style-rounded\">\n<figure class=\"alignleft size-full\"><img loading=\"lazy\" decoding=\"async\" width=\"200\" height=\"200\" src=\"https:\/\/www.portaldeinocuidad.com\/web\/wp-content\/uploads\/2022\/03\/estefania-arizaga-200x200-1.jpg\" alt=\"\" class=\"wp-image-18463\" srcset=\"https:\/\/www.portaldeinocuidad.com\/web\/wp-content\/uploads\/2022\/03\/estefania-arizaga-200x200-1.jpg 200w, https:\/\/www.portaldeinocuidad.com\/web\/wp-content\/uploads\/2022\/03\/estefania-arizaga-200x200-1-150x150.jpg 150w, https:\/\/www.portaldeinocuidad.com\/web\/wp-content\/uploads\/2022\/03\/estefania-arizaga-200x200-1-100x100.jpg 100w\" sizes=\"auto, (max-width: 200px) 100vw, 200px\" \/><\/figure>\n<\/div>\n\n\n<p>M\u00e9dico Veterinario Zootecnista (UCE- Ecuador). Magister Scientiae en Agronegocios y Especialista en Sistemas de Gesti\u00f3n de Calidad e Inocuidad Alimentaria\u00a0 (Universidad Nacional Agraria de La Molina- Per\u00fa).<br>Docente a nivel de pregrado y postgrado en instituciones de educaci\u00f3n superior.<br>Consultor, capacitador y exponente en temas de calidad e inocuidad, formulaci\u00f3n y evaluaci\u00f3n de proyectos, gesti\u00f3n de negocios para PYMES: agronegocios, alimentarias, servicios de restaurantes, hoteles y afines.\u00a0\u00a0 Trainer de Controles Preventivos FSMA (FSCPA- USA).<br><a href=\"https:\/\/fspca.my.site.com\/FSPCA\/s\/profile\/0050d0000062fdzAAA?language=en_US&amp;tabset-9d1f2=3\" target=\"_blank\" rel=\"noreferrer noopener\">FSPCA Lead Instructor.<\/a><\/p>\n","protected":false},"excerpt":{"rendered":"<p>M\u00e9dico Veterinario Zootecnista (UCE- Ecuador). Magister Scientiae en Agronegocios y Especialista en Sistemas de Gesti\u00f3n de Calidad e Inocuidad Alimentaria\u00a0 (Universidad Nacional Agraria de La Molina- Per\u00fa).Docente a nivel de pregrado y postgrado en instituciones de educaci\u00f3n superior.Consultor, capacitador y exponente en temas de calidad e inocuidad, formulaci\u00f3n y evaluaci\u00f3n de proyectos, gesti\u00f3n de negocios [&hellip;]<\/p>\n","protected":false},"author":1,"featured_media":19665,"parent":0,"menu_order":0,"comment_status":"closed","ping_status":"closed","template":"","meta":{"_genesis_hide_title":false,"_genesis_hide_breadcrumbs":false,"_genesis_hide_singular_image":false,"_genesis_hide_footer_widgets":false,"_genesis_custom_body_class":"","_genesis_custom_post_class":"","_genesis_layout":"full-width-content","footnotes":""},"class_list":{"0":"post-1769","1":"page","2":"type-page","3":"status-publish","4":"has-post-thumbnail","6":"entry"},"featured_image_src":"https:\/\/www.portaldeinocuidad.com\/web\/wp-content\/uploads\/2022\/06\/nosotros-600x400.jpg","featured_image_src_square":"https:\/\/www.portaldeinocuidad.com\/web\/wp-content\/uploads\/2022\/06\/nosotros-600x600.jpg","_links":{"self":[{"href":"https:\/\/www.portaldeinocuidad.com\/web\/wp-json\/wp\/v2\/pages\/1769","targetHints":{"allow":["GET"]}}],"collection":[{"href":"https:\/\/www.portaldeinocuidad.com\/web\/wp-json\/wp\/v2\/pages"}],"about":[{"href":"https:\/\/www.portaldeinocuidad.com\/web\/wp-json\/wp\/v2\/types\/page"}],"author":[{"embeddable":true,"href":"https:\/\/www.portaldeinocuidad.com\/web\/wp-json\/wp\/v2\/users\/1"}],"replies":[{"embeddable":true,"href":"https:\/\/www.portaldeinocuidad.com\/web\/wp-json\/wp\/v2\/comments?post=1769"}],"version-history":[{"count":9,"href":"https:\/\/www.portaldeinocuidad.com\/web\/wp-json\/wp\/v2\/pages\/1769\/revisions"}],"predecessor-version":[{"id":28313,"href":"https:\/\/www.portaldeinocuidad.com\/web\/wp-json\/wp\/v2\/pages\/1769\/revisions\/28313"}],"wp:featuredmedia":[{"embeddable":true,"href":"https:\/\/www.portaldeinocuidad.com\/web\/wp-json\/wp\/v2\/media\/19665"}],"wp:attachment":[{"href":"https:\/\/www.portaldeinocuidad.com\/web\/wp-json\/wp\/v2\/media?parent=1769"}],"curies":[{"name":"wp","href":"https:\/\/api.w.org\/{rel}","templated":true}]}}