{"id":1765,"date":"2018-06-13T21:19:16","date_gmt":"2018-06-13T21:19:16","guid":{"rendered":"https:\/\/www.portaldeinocuidad.com\/web\/?page_id=1765"},"modified":"2018-06-18T12:56:47","modified_gmt":"2018-06-18T12:56:47","slug":"juan-fernando-bermudez","status":"publish","type":"page","link":"https:\/\/www.portaldeinocuidad.com\/web\/juan-fernando-bermudez\/","title":{"rendered":"Juan Fernando Berm\u00fadez"},"content":{"rendered":"<p><img loading=\"lazy\" decoding=\"async\" class=\"size-full wp-image-1978 alignleft\" src=\"https:\/\/www.portaldeinocuidad.com\/web\/wp-content\/uploads\/2018\/06\/juan-bermudez.jpg\" alt=\"Juan Berm\u00fadez.\" width=\"114\" height=\"140\" \/>Profesional en Ciencia y Tecnolog\u00eda de Alimentos (Universidad de Antioquia \u2013 Colombia); Magister en Gerencia de Programas de Inocuidad Alimentaria (UCI-Costa Rica).<br \/>\nConsultor y formador en el campo de la inocuidad alimentaria en MyPIMES en Andess S.A. e Interactuar Famiempresas (Medell\u00edn, Colombia).<br \/>\nDocente universitario en el programa de Ingenier\u00eda de Alimentos y tutor virtual en cursos de extensi\u00f3n en el campo de inocuidad alimentaria en la de la Universidad de Antioquia. Se desempe\u00f1\u00f3 como inspector sanitario en el sector de alimentos en La Direcci\u00f3n Seccional de Salud de Antioquia (2002-2007).<\/p>\n","protected":false},"excerpt":{"rendered":"<p>Profesional en Ciencia y Tecnolog\u00eda de Alimentos (Universidad de Antioquia \u2013 Colombia); Magister en Gerencia de Programas de Inocuidad Alimentaria (UCI-Costa Rica). Consultor y formador en el campo de la inocuidad alimentaria en MyPIMES en Andess S.A. e Interactuar Famiempresas (Medell\u00edn, Colombia). Docente universitario en el programa de Ingenier\u00eda de Alimentos y tutor virtual en [&hellip;]<\/p>\n","protected":false},"author":1,"featured_media":1801,"parent":0,"menu_order":0,"comment_status":"closed","ping_status":"closed","template":"","meta":{"_genesis_hide_title":false,"_genesis_hide_breadcrumbs":false,"_genesis_hide_singular_image":false,"_genesis_hide_footer_widgets":false,"_genesis_custom_body_class":"","_genesis_custom_post_class":"","_genesis_layout":"","footnotes":""},"class_list":{"0":"post-1765","1":"page","2":"type-page","3":"status-publish","4":"has-post-thumbnail","6":"entry"},"featured_image_src":"https:\/\/www.portaldeinocuidad.com\/web\/wp-content\/uploads\/2018\/06\/nosotros.jpg","featured_image_src_square":"https:\/\/www.portaldeinocuidad.com\/web\/wp-content\/uploads\/2018\/06\/nosotros.jpg","_links":{"self":[{"href":"https:\/\/www.portaldeinocuidad.com\/web\/wp-json\/wp\/v2\/pages\/1765","targetHints":{"allow":["GET"]}}],"collection":[{"href":"https:\/\/www.portaldeinocuidad.com\/web\/wp-json\/wp\/v2\/pages"}],"about":[{"href":"https:\/\/www.portaldeinocuidad.com\/web\/wp-json\/wp\/v2\/types\/page"}],"author":[{"embeddable":true,"href":"https:\/\/www.portaldeinocuidad.com\/web\/wp-json\/wp\/v2\/users\/1"}],"replies":[{"embeddable":true,"href":"https:\/\/www.portaldeinocuidad.com\/web\/wp-json\/wp\/v2\/comments?post=1765"}],"version-history":[{"count":2,"href":"https:\/\/www.portaldeinocuidad.com\/web\/wp-json\/wp\/v2\/pages\/1765\/revisions"}],"predecessor-version":[{"id":1979,"href":"https:\/\/www.portaldeinocuidad.com\/web\/wp-json\/wp\/v2\/pages\/1765\/revisions\/1979"}],"wp:featuredmedia":[{"embeddable":true,"href":"https:\/\/www.portaldeinocuidad.com\/web\/wp-json\/wp\/v2\/media\/1801"}],"wp:attachment":[{"href":"https:\/\/www.portaldeinocuidad.com\/web\/wp-json\/wp\/v2\/media?parent=1765"}],"curies":[{"name":"wp","href":"https:\/\/api.w.org\/{rel}","templated":true}]}}