{"id":1763,"date":"2018-06-13T21:17:53","date_gmt":"2018-06-13T21:17:53","guid":{"rendered":"https:\/\/www.portaldeinocuidad.com\/web\/?page_id=1763"},"modified":"2024-03-19T12:45:32","modified_gmt":"2024-03-19T15:45:32","slug":"registrese","status":"publish","type":"page","link":"https:\/\/www.portaldeinocuidad.com\/web\/registrese\/","title":{"rendered":"Reg\u00edstrese"},"content":{"rendered":"\n<p>Peri\u00f3dicamente enviamos por correo electr\u00f3nico, nuestros boletines con informaci\u00f3n sobre las novedades, cursos, documentos de referencia y otros contenidos relacionados con la inocuidad de los alimentos. Los invitamos a continuar siendo parte de esta comunidad y aprovechamos para agradecerles su inter\u00e9s y apoyo.<\/p>\n\n\n\n<p>A continuaci\u00f3n les presentamos un formulario que pueden rellenar de forma completamente voluntaria. Estos datos nos ayudan a conocer mejor a nuestros suscriptores. En cualquier momento que deseen, pueden modificar sus datos o darse de baja envi\u00e1ndonos un correo a <a href=\"mailto:contacto@portaldeinocuidad.com\">contacto@portaldeinocuidad.com<\/a>.<\/p>\n\n\n\n<p>Muchas gracias por su tiempo.<\/p>\n\n\n\n<div style=\"height:33px\" aria-hidden=\"true\" class=\"wp-block-spacer\"><\/div>\n\n\n\n<div id=\"zf_div_0LoBJnydUDpiRcNPnKxN74x2QwbHSh-jv9AsJYiunAc\"><\/div><script type=\"text\/javascript\">(function() {\ntry{\nvar f = document.createElement(\"iframe\");\nf.src = 'https:\/\/forms.zohopublic.com\/portaldeinocuidad\/form\/ClientDetails\/formperma\/0LoBJnydUDpiRcNPnKxN74x2QwbHSh-jv9AsJYiunAc?zf_rszfm=1';\nf.style.border=\"none\";\nf.style.height=\"978px\";\nf.style.width=\"90%\";\nf.style.transition=\"all 0.5s ease\";\nvar d = document.getElementById(\"zf_div_0LoBJnydUDpiRcNPnKxN74x2QwbHSh-jv9AsJYiunAc\");\nd.appendChild(f);\nwindow.addEventListener('message', function (){\nvar evntData = event.data;\nif( evntData && evntData.constructor == String ){\nvar zf_ifrm_data = evntData.split(\"|\");\nif ( zf_ifrm_data.length == 2 ) {\nvar zf_perma = zf_ifrm_data[0];\nvar zf_ifrm_ht_nw = ( parseInt(zf_ifrm_data[1], 10) + 15 ) + \"px\";\nvar iframe = document.getElementById(\"zf_div_0LoBJnydUDpiRcNPnKxN74x2QwbHSh-jv9AsJYiunAc\").getElementsByTagName(\"iframe\")[0];\nif ( (iframe.src).indexOf('formperma') > 0 && (iframe.src).indexOf(zf_perma) > 0 ) {\nvar prevIframeHeight = iframe.style.height;\nif ( prevIframeHeight != zf_ifrm_ht_nw ) {\niframe.style.height = zf_ifrm_ht_nw;\n}\n}\n}\n}\n}, false);\n}catch(e){}\n})();<\/script>\n","protected":false},"excerpt":{"rendered":"<p>Peri\u00f3dicamente enviamos por correo electr\u00f3nico, nuestros boletines con informaci\u00f3n sobre las novedades, cursos, documentos de referencia y otros contenidos relacionados con la inocuidad de los alimentos. Los invitamos a continuar siendo parte de esta comunidad y aprovechamos para agradecerles su inter\u00e9s y apoyo. A continuaci\u00f3n les presentamos un formulario que pueden rellenar de forma completamente [&hellip;]<\/p>\n","protected":false},"author":1,"featured_media":19647,"parent":0,"menu_order":0,"comment_status":"closed","ping_status":"closed","template":"","meta":{"_genesis_hide_title":false,"_genesis_hide_breadcrumbs":false,"_genesis_hide_singular_image":false,"_genesis_hide_footer_widgets":false,"_genesis_custom_body_class":"","_genesis_custom_post_class":"","_genesis_layout":"full-width-content","footnotes":""},"class_list":{"0":"post-1763","1":"page","2":"type-page","3":"status-publish","4":"has-post-thumbnail","6":"entry"},"featured_image_src":"https:\/\/www.portaldeinocuidad.com\/web\/wp-content\/uploads\/2022\/06\/registrarse-al-news-600x400.jpg","featured_image_src_square":"https:\/\/www.portaldeinocuidad.com\/web\/wp-content\/uploads\/2022\/06\/registrarse-al-news-600x600.jpg","_links":{"self":[{"href":"https:\/\/www.portaldeinocuidad.com\/web\/wp-json\/wp\/v2\/pages\/1763","targetHints":{"allow":["GET"]}}],"collection":[{"href":"https:\/\/www.portaldeinocuidad.com\/web\/wp-json\/wp\/v2\/pages"}],"about":[{"href":"https:\/\/www.portaldeinocuidad.com\/web\/wp-json\/wp\/v2\/types\/page"}],"author":[{"embeddable":true,"href":"https:\/\/www.portaldeinocuidad.com\/web\/wp-json\/wp\/v2\/users\/1"}],"replies":[{"embeddable":true,"href":"https:\/\/www.portaldeinocuidad.com\/web\/wp-json\/wp\/v2\/comments?post=1763"}],"version-history":[{"count":31,"href":"https:\/\/www.portaldeinocuidad.com\/web\/wp-json\/wp\/v2\/pages\/1763\/revisions"}],"predecessor-version":[{"id":22228,"href":"https:\/\/www.portaldeinocuidad.com\/web\/wp-json\/wp\/v2\/pages\/1763\/revisions\/22228"}],"wp:featuredmedia":[{"embeddable":true,"href":"https:\/\/www.portaldeinocuidad.com\/web\/wp-json\/wp\/v2\/media\/19647"}],"wp:attachment":[{"href":"https:\/\/www.portaldeinocuidad.com\/web\/wp-json\/wp\/v2\/media?parent=1763"}],"curies":[{"name":"wp","href":"https:\/\/api.w.org\/{rel}","templated":true}]}}