{"id":1759,"date":"2018-06-13T21:14:50","date_gmt":"2018-06-13T21:14:50","guid":{"rendered":"https:\/\/www.portaldeinocuidad.com\/web\/?page_id=1759"},"modified":"2025-05-16T10:58:34","modified_gmt":"2025-05-16T13:58:34","slug":"consultoria","status":"publish","type":"page","link":"https:\/\/www.portaldeinocuidad.com\/web\/consultoria\/","title":{"rendered":"Consultor\u00eda"},"content":{"rendered":"\n<h2 class=\"wp-block-heading has-text-align-center\">Consultor\u00eda, Asistencia T\u00e9cnica y Mentor\u00eda<\/h2>\n\n\n\n<div style=\"height:30px\" aria-hidden=\"true\" class=\"wp-block-spacer\"><\/div>\n\n\n\n<div class=\"wp-block-genesis-blocks-gb-columns gb-layout-columns-2 gb-2-col-equal\"><div class=\"gb-layout-column-wrap gb-block-layout-column-gap-2 gb-is-responsive-column\">\n<div class=\"wp-block-genesis-blocks-gb-column gb-block-layout-column\"><div class=\"gb-block-layout-column-inner\">\n<p class=\"has-medium-font-size\">Realizamos <strong>Consultor\u00eda, Asistencia T\u00e9cnica y <a href=\"https:\/\/www.portaldeinocuidad.com\/web\/mentoring-para-empresas-de-alimentos\/\" target=\"_blank\" rel=\"noreferrer noopener\">Mentor\u00eda<\/a> <\/strong>a medida de sus necesidades, confidencial y validados con respaldo t\u00e9cnico-cient\u00edfico.<\/p>\n\n\n\n<p class=\"has-medium-font-size\">Ya sea implementaci\u00f3n de normas, planificaci\u00f3n de ampliaciones y adecuaciones, redefinir procesos y materiales, o documentar y registrar sistemas de gesti\u00f3n, un experto de nuestro staff estar\u00e1 a su disposici\u00f3n para asesorarlo y acompa\u00f1arlo en el proceso.<br><br>Tenemos respuesta a sus inquietudes sobre BPM, Prerrequisitos, HACCP, BRCGS, IFS, FSSC22000 e ISO22000, entre muchos otros.<\/p>\n\n\n\n<p class=\"has-medium-font-size\"><strong><a href=\"https:\/\/www.portaldeinocuidad.com\/web\/clientes\/\" target=\"_blank\" rel=\"noreferrer noopener\">Nuestros clientes<\/a>.<\/strong><\/p>\n<\/div><\/div>\n\n\n\n<div class=\"wp-block-genesis-blocks-gb-column gb-block-layout-column\"><div class=\"gb-block-layout-column-inner\">\n<figure class=\"wp-block-image size-full is-resized\"><img loading=\"lazy\" decoding=\"async\" width=\"500\" height=\"500\" src=\"https:\/\/www.portaldeinocuidad.com\/web\/wp-content\/uploads\/2022\/05\/consultoria-agroalimentaria.jpg\" alt=\"Consultor\u00eda, Asistencia T\u00e9cnica y Mentorirng.\" class=\"wp-image-19306\" style=\"width:375px;height:375px\" srcset=\"https:\/\/www.portaldeinocuidad.com\/web\/wp-content\/uploads\/2022\/05\/consultoria-agroalimentaria.jpg 500w, https:\/\/www.portaldeinocuidad.com\/web\/wp-content\/uploads\/2022\/05\/consultoria-agroalimentaria-300x300.jpg 300w, https:\/\/www.portaldeinocuidad.com\/web\/wp-content\/uploads\/2022\/05\/consultoria-agroalimentaria-150x150.jpg 150w, https:\/\/www.portaldeinocuidad.com\/web\/wp-content\/uploads\/2022\/05\/consultoria-agroalimentaria-100x100.jpg 100w\" sizes=\"auto, (max-width: 500px) 100vw, 500px\" \/><\/figure>\n<\/div><\/div>\n<\/div><\/div>\n\n\n\n<p class=\"has-text-align-center has-background has-medium-font-size\" style=\"background-color:#e4f2fa\"><a href=\"https:\/\/www.portaldeinocuidad.com\/web\/mentoring-para-empresas-de-alimentos\/\" target=\"_blank\" rel=\"noreferrer noopener\">Conocer m\u00e1s sobre el servicio de Mentor\u00eda.<\/a><\/p>\n\n\n\n<div class=\"wp-block-genesis-blocks-gb-columns gb-layout-columns-1 one-column\"><div class=\"gb-layout-column-wrap gb-block-layout-column-gap-2 gb-is-responsive-column\">\n<div class=\"wp-block-genesis-blocks-gb-column gb-block-layout-column\"><div class=\"gb-block-layout-column-inner gb-has-custom-background-color\" style=\"padding:45px;background-color:#f7f7f7\">\n<p class=\"has-text-align-center\" style=\"font-size:22px\"><strong>Algunos testimonios de clientes satisfechos:<\/strong><\/p>\n\n\n\n<div class=\"wp-block-genesis-blocks-gb-columns gb-layout-columns-2 gb-2-col-equal gb-has-custom-background-color\" style=\"padding:20px;background-color:#eeeded\"><div class=\"gb-layout-column-wrap gb-block-layout-column-gap-2 gb-is-responsive-column\">\n<div class=\"wp-block-genesis-blocks-gb-column gb-block-layout-column\"><div class=\"gb-block-layout-column-inner\">\n<p><strong>Maia Ranzatto<\/strong><br><strong>Gerente de Servicios Operativos<\/strong><br><strong>Gente de La Pampa SA<\/strong><\/p>\n\n\n\n<div class=\"wp-block-group\"><div class=\"wp-block-group__inner-container is-layout-flow wp-block-group-is-layout-flow\">\n<p><em>\u201cIniciamos nuestra relaci\u00f3n con Portal de Inocuidad durante el proyecto de implementaci\u00f3n de mejoras dirigidas a cumplir con FSSC 22000 y trabajamos juntos durante 18 meses, luego de los cuales logramos tener un sistema robusto sostenible en el tiempo. <\/em><\/p>\n\n\n\n<p><em>Me brindaron respuestas espec\u00edficas a nuestras consultas y gracias a su capacidad de resoluci\u00f3n y su experiencia pudimos aplicar la soluci\u00f3n m\u00e1s pr\u00e1ctica a nuestros procesos.<\/em><\/p>\n\n\n\n<p><em>Recomiendo ampliamente el servicio de Mentor\u00eda, ya que me permiti\u00f3 solucionar en el momento lo que trababa el avance y conocer las soluciones que se aplican en otras industrias.\u201d<\/em><\/p>\n<\/div><\/div>\n<\/div><\/div>\n\n\n\n<div class=\"wp-block-genesis-blocks-gb-column gb-block-layout-column\"><div class=\"gb-block-layout-column-inner\">\n<p><strong>Viviana Restovich<\/strong><br><strong>Gerente Calidad <\/strong><br><strong>Arre Beef&nbsp; S.A.<\/strong><\/p>\n\n\n\n<p><em>\u00abEl contar con un certificado BRCGS le garantiza a nuestros clientes que la empresa cuenta con un sistema de gesti\u00f3n din\u00e1mico, vivo, que reacciona y se adapta a la problem\u00e1tica del d\u00eda a d\u00eda. Muchos clientes establecen como condici\u00f3n contar con esta certificaci\u00f3n voluntaria para establecer una relaci\u00f3n comercial .<\/em><\/p>\n\n\n\n<p><em>El hecho de cumplimentar las regulaciones tanto nacionales como internacionales y cumplir con todos los prerrequisitos &nbsp;del sistema de gesti\u00f3n, hace al negocio m\u00e1s rentable ya que evita serios extra por reclamos, devoluciones, decomisos y recalls.<\/em><\/p>\n\n\n\n<p><em>Hemos logrado grandes avances en el control del impacto ambiental, previniendo contaminaciones, a trav\u00e9s de la concientizaci\u00f3n del personal en el cumplimiento de las pr\u00e1cticas establecidas en el sistema de gesti\u00f3n que contribuyen a este fin.\u00bb<\/em><\/p>\n<\/div><\/div>\n<\/div><\/div>\n\n\n\n<div class=\"wp-block-columns is-layout-flex wp-container-core-columns-is-layout-9d6595d7 wp-block-columns-is-layout-flex\">\n<div class=\"wp-block-column has-background is-layout-flow wp-block-column-is-layout-flow\" style=\"background-color:#f7f7f7\"><\/div>\n\n\n\n<div class=\"wp-block-column is-layout-flow wp-block-column-is-layout-flow\"><\/div>\n<\/div>\n<\/div><\/div>\n<\/div><\/div>\n\n\n\n<div style=\"height:30px\" aria-hidden=\"true\" class=\"wp-block-spacer\"><\/div>\n\n\n\n<p class=\"has-text-align-center has-medium-font-size\">\u00bfPreparado para iniciar su proyecto?<\/p>\n\n\n\n<p class=\"has-text-align-center has-medium-font-size\"><a href=\"https:\/\/www.portaldeinocuidad.com\/web\/contacto\/\" data-type=\"page\" data-id=\"104\" target=\"_blank\" rel=\"noreferrer noopener\">Estamos listos para empezar a trabajar juntos<\/a>.<\/p>\n","protected":false},"excerpt":{"rendered":"<p>Consultor\u00eda, Asistencia T\u00e9cnica y Mentor\u00eda Conocer m\u00e1s sobre el servicio de Mentor\u00eda. \u00bfPreparado para iniciar su proyecto? Estamos listos para empezar a trabajar juntos.<\/p>\n","protected":false},"author":1,"featured_media":19305,"parent":0,"menu_order":0,"comment_status":"closed","ping_status":"closed","template":"","meta":{"_genesis_hide_title":false,"_genesis_hide_breadcrumbs":false,"_genesis_hide_singular_image":false,"_genesis_hide_footer_widgets":false,"_genesis_custom_body_class":"","_genesis_custom_post_class":"","_genesis_layout":"full-width-content","footnotes":""},"class_list":{"0":"post-1759","1":"page","2":"type-page","3":"status-publish","4":"has-post-thumbnail","6":"entry"},"featured_image_src":"https:\/\/www.portaldeinocuidad.com\/web\/wp-content\/uploads\/2022\/05\/consultoria-calidad-alimentaria-600x400.jpg","featured_image_src_square":"https:\/\/www.portaldeinocuidad.com\/web\/wp-content\/uploads\/2022\/05\/consultoria-calidad-alimentaria-600x600.jpg","_links":{"self":[{"href":"https:\/\/www.portaldeinocuidad.com\/web\/wp-json\/wp\/v2\/pages\/1759","targetHints":{"allow":["GET"]}}],"collection":[{"href":"https:\/\/www.portaldeinocuidad.com\/web\/wp-json\/wp\/v2\/pages"}],"about":[{"href":"https:\/\/www.portaldeinocuidad.com\/web\/wp-json\/wp\/v2\/types\/page"}],"author":[{"embeddable":true,"href":"https:\/\/www.portaldeinocuidad.com\/web\/wp-json\/wp\/v2\/users\/1"}],"replies":[{"embeddable":true,"href":"https:\/\/www.portaldeinocuidad.com\/web\/wp-json\/wp\/v2\/comments?post=1759"}],"version-history":[{"count":44,"href":"https:\/\/www.portaldeinocuidad.com\/web\/wp-json\/wp\/v2\/pages\/1759\/revisions"}],"predecessor-version":[{"id":29323,"href":"https:\/\/www.portaldeinocuidad.com\/web\/wp-json\/wp\/v2\/pages\/1759\/revisions\/29323"}],"wp:featuredmedia":[{"embeddable":true,"href":"https:\/\/www.portaldeinocuidad.com\/web\/wp-json\/wp\/v2\/media\/19305"}],"wp:attachment":[{"href":"https:\/\/www.portaldeinocuidad.com\/web\/wp-json\/wp\/v2\/media?parent=1759"}],"curies":[{"name":"wp","href":"https:\/\/api.w.org\/{rel}","templated":true}]}}