{"id":1757,"date":"2018-06-13T21:12:37","date_gmt":"2018-06-13T21:12:37","guid":{"rendered":"https:\/\/www.portaldeinocuidad.com\/web\/?page_id=1757"},"modified":"2022-06-15T15:58:59","modified_gmt":"2022-06-15T18:58:59","slug":"diseno-higienico-de-plantas-de-alimentos","status":"publish","type":"page","link":"https:\/\/www.portaldeinocuidad.com\/web\/diseno-higienico-de-plantas-de-alimentos\/","title":{"rendered":"Dise\u00f1o Higi\u00e9nico de Plantas de Alimentos"},"content":{"rendered":"\n<h2 class=\"has-text-align-center wp-block-heading\">Asesoramos y dise\u00f1amos plantas de alimentos<\/h2>\n\n\n\n<p>Asesoramos y <strong>dise\u00f1amos plantas de alimentos<\/strong> ajustadas a las necesidades del cliente, la normatividad sanitaria vigente y bajo est\u00e1ndares internacionales del <strong>Grupo Europeo de Higiene en Ingenier\u00eda y Dise\u00f1o<\/strong> (The European Hygienic Engineering &amp; Desing Group).<\/p>\n\n\n\n<p>Ofrecemos un servicio que inicia con el diagn\u00f3stico de su planta y la inmersi\u00f3n en su proceso de producci\u00f3n. Se realiza la adecuaci\u00f3n de planos o el levantamiento de los mismos si as\u00ed lo requiere el cliente.<\/p>\n\n\n\n<p>Analizamos sus factores de riesgo y de acuerdo a ello dise\u00f1amos en el espacio un proceso de producci\u00f3n l\u00f3gico, que cumpla con las especificaciones sanitarias y que sea eficiente para el cliente. Adem\u00e1s brindamos el servicio de ejecuci\u00f3n de obras, para el cual contamos con personal entrenado y calificado en la construcci\u00f3n y adecuaci\u00f3n de plantas de alimentos.<\/p>\n\n\n\n<p>Asesoramos sobre la elecci\u00f3n de materiales de construcci\u00f3n adecuados para la industria de alimentos.<\/p>\n\n\n\n<ul class=\"wp-block-list\"><li>Dise\u00f1o de redes hidrosanitaras.<\/li><li>Dise\u00f1os de redes el\u00e9ctricas.<\/li><li>Dise\u00f1o y montaje de redes de datos.<\/li><li>Dise\u00f1o y montaje de espacios de producci\u00f3n con procesos limpios.<\/li><li>Dise\u00f1os y montaje de espacios administrativos.<\/li><li>Dise\u00f1o y montaje de cavas y cuartos fr\u00edos.<\/li><li>Recubrimiento con ep\u00f3xicos.<\/li><li>Dise\u00f1o e instalaci\u00f3n de equipos en acero inoxidable.<\/li><li>Remodelaciones.<\/li><li>Intervenciones puntuales en adecuaciones.<\/li><li>Adecuaciones.<\/li><\/ul>\n\n\n\n<h6 class=\"wp-block-heading\">Realizaci\u00f3n de Obras<\/h6>\n\n\n\n<p>Asesoramos sobre la elecci\u00f3n de materiales de construcci\u00f3n adecuados para la industria de alimentos, como el tipo de recubrimientos a usar (ep\u00f3xicos, antibacteriales, iones de planta entre otros), las redes de servicios (el\u00e9ctrica, datos, vapor, agua potable), el sistema de pretratamiento y recolecci\u00f3n de aguas residuales (canaletas, canalinas, retenedores de s\u00f3lidos y trampas de grasa); divisiones de pared (panaler\u00eda prepintada tipo sandwich), instalaci\u00f3n de puertas, plataformas, escaleras, lavamanos, mediaca\u00f1as, entre otros.<\/p>\n\n\n\n<ul class=\"wp-block-list\"><li>Para la industria de carnes.<\/li><li>Para la industria de panificados.<\/li><li>Para la industria de los embutidos.<\/li><li>Para la industria de concentrados alimenticios tanto para humanos como para animales.<\/li><li>Para la industria de derivados de animales y de vegetales.<\/li><li>Para restaurantes, tanto de venta al detal como de venta industrial.<\/li><li>Para la industria de laboratorios.<\/li><\/ul>\n\n\n\n<p><strong><a href=\"https:\/\/www.portaldeinocuidad.com\/web\/clientes\/\" target=\"_blank\" rel=\"noreferrer noopener\">Conocer a nuestros clientes<\/a>.<\/strong><\/p>\n","protected":false},"excerpt":{"rendered":"<p>Asesoramos y dise\u00f1amos plantas de alimentos Asesoramos y dise\u00f1amos plantas de alimentos ajustadas a las necesidades del cliente, la normatividad sanitaria vigente y bajo est\u00e1ndares internacionales del Grupo Europeo de Higiene en Ingenier\u00eda y Dise\u00f1o (The European Hygienic Engineering &amp; Desing Group). Ofrecemos un servicio que inicia con el diagn\u00f3stico de su planta y la [&hellip;]<\/p>\n","protected":false},"author":1,"featured_media":19839,"parent":0,"menu_order":0,"comment_status":"closed","ping_status":"closed","template":"","meta":{"_genesis_hide_title":false,"_genesis_hide_breadcrumbs":false,"_genesis_hide_singular_image":false,"_genesis_hide_footer_widgets":false,"_genesis_custom_body_class":"","_genesis_custom_post_class":"","_genesis_layout":"full-width-content","footnotes":""},"class_list":{"0":"post-1757","1":"page","2":"type-page","3":"status-publish","4":"has-post-thumbnail","6":"entry"},"featured_image_src":"https:\/\/www.portaldeinocuidad.com\/web\/wp-content\/uploads\/2022\/06\/diseno-higienico-de-plantas-de-alimentos-600x400.jpg","featured_image_src_square":"https:\/\/www.portaldeinocuidad.com\/web\/wp-content\/uploads\/2022\/06\/diseno-higienico-de-plantas-de-alimentos-600x600.jpg","_links":{"self":[{"href":"https:\/\/www.portaldeinocuidad.com\/web\/wp-json\/wp\/v2\/pages\/1757","targetHints":{"allow":["GET"]}}],"collection":[{"href":"https:\/\/www.portaldeinocuidad.com\/web\/wp-json\/wp\/v2\/pages"}],"about":[{"href":"https:\/\/www.portaldeinocuidad.com\/web\/wp-json\/wp\/v2\/types\/page"}],"author":[{"embeddable":true,"href":"https:\/\/www.portaldeinocuidad.com\/web\/wp-json\/wp\/v2\/users\/1"}],"replies":[{"embeddable":true,"href":"https:\/\/www.portaldeinocuidad.com\/web\/wp-json\/wp\/v2\/comments?post=1757"}],"version-history":[{"count":15,"href":"https:\/\/www.portaldeinocuidad.com\/web\/wp-json\/wp\/v2\/pages\/1757\/revisions"}],"predecessor-version":[{"id":20127,"href":"https:\/\/www.portaldeinocuidad.com\/web\/wp-json\/wp\/v2\/pages\/1757\/revisions\/20127"}],"wp:featuredmedia":[{"embeddable":true,"href":"https:\/\/www.portaldeinocuidad.com\/web\/wp-json\/wp\/v2\/media\/19839"}],"wp:attachment":[{"href":"https:\/\/www.portaldeinocuidad.com\/web\/wp-json\/wp\/v2\/media?parent=1757"}],"curies":[{"name":"wp","href":"https:\/\/api.w.org\/{rel}","templated":true}]}}