{"id":16552,"date":"2021-11-11T17:26:05","date_gmt":"2021-11-11T20:26:05","guid":{"rendered":"https:\/\/www.portaldeinocuidad.com\/web\/?page_id=16552"},"modified":"2025-05-05T16:52:04","modified_gmt":"2025-05-05T19:52:04","slug":"cursos-sala-abierta","status":"publish","type":"page","link":"https:\/\/www.portaldeinocuidad.com\/web\/cursos-sala-abierta\/","title":{"rendered":"Cursos Sala Abierta"},"content":{"rendered":"\n<h2 class=\"wp-block-heading has-text-align-center\">\u00a1Capac\u00edtese a su propio ritmo!<\/h2>\n\n\n\n<div style=\"height:30px\" aria-hidden=\"true\" class=\"wp-block-spacer\"><\/div>\n\n\n\n<div class=\"wp-block-columns is-layout-flex wp-container-core-columns-is-layout-9d6595d7 wp-block-columns-is-layout-flex\">\n<div class=\"wp-block-column is-layout-flow wp-block-column-is-layout-flow\">\n<p class=\"has-medium-font-size\">Disfrute de la modalidad Sala Abierta, estudiando a su ritmo.<\/p>\n\n\n\n<p class=\"has-medium-font-size\">Significa que el alumno acceder\u00e1 a todos los contenidos del curso comprado, desde el primer momento (una vez realizado el pago y que la tutora lo haya habilitado). <\/p>\n\n\n\n<p class=\"has-medium-font-size\">Podr\u00e1 dejar todas sus dudas en un foro de consultas generales. <\/p>\n\n\n\n<p class=\"has-medium-font-size\">La&nbsp;sala quedar\u00e1&nbsp;abierta&nbsp;por 4 semanas y en ese per\u00edodo el docente ir\u00e1 respondiendo. Luego de las 4 semanas, la sala se cierra.<\/p>\n<\/div>\n\n\n\n<div class=\"wp-block-column is-layout-flow wp-block-column-is-layout-flow\"><div class=\"wp-block-image is-resized\">\n<figure class=\"aligncenter size-full\"><img loading=\"lazy\" decoding=\"async\" width=\"500\" height=\"500\" src=\"https:\/\/www.portaldeinocuidad.com\/web\/wp-content\/uploads\/2025\/05\/sala-abierta-cursos.jpg\" alt=\"Cursos Sala Abierta.\" class=\"wp-image-29300\" srcset=\"https:\/\/www.portaldeinocuidad.com\/web\/wp-content\/uploads\/2025\/05\/sala-abierta-cursos.jpg 500w, https:\/\/www.portaldeinocuidad.com\/web\/wp-content\/uploads\/2025\/05\/sala-abierta-cursos-300x300.jpg 300w, https:\/\/www.portaldeinocuidad.com\/web\/wp-content\/uploads\/2025\/05\/sala-abierta-cursos-150x150.jpg 150w\" sizes=\"auto, (max-width: 500px) 100vw, 500px\" \/><\/figure>\n<\/div><\/div>\n<\/div>\n\n\n\n<h2 class=\"wp-block-heading\"><strong>Preguntas Frecuentes<\/strong><\/h2>\n\n\n\n<div style=\"height:10px\" aria-hidden=\"true\" class=\"wp-block-spacer\"><\/div>\n\n\n\n<div class=\"wp-block-genesis-blocks-gb-accordion gb-block-accordion gb-font-size-20\"><details><summary class=\"gb-accordion-title\"><strong>\u00bfCu\u00e1l es la duraci\u00f3n de cada curso en esta modalidad?<\/strong><\/summary><div class=\"gb-accordion-text\">\n<p>La duraci\u00f3n es de 4 semanas, que es el tiempo durante el cual el alumno puede acceder a la sala de su curso.<\/p>\n<\/div><\/details><\/div>\n\n\n\n<div class=\"wp-block-genesis-blocks-gb-accordion gb-block-accordion gb-font-size-20\"><details><summary class=\"gb-accordion-title\"><strong>\u00bfCu\u00e1l es la metodolog\u00eda de Sala Abierta?<\/strong><\/summary><div class=\"gb-accordion-text\">\n<p><a href=\"https:\/\/drive.google.com\/file\/d\/1uMFvEuIG83c0MMFqgKEgwv6BzZiMwBDR\/view\" target=\"_blank\" rel=\"noreferrer noopener\">Descargar la metodolog\u00eda de Sala Abierta<\/a>.<\/p>\n<\/div><\/details><\/div>\n\n\n\n<div class=\"wp-block-genesis-blocks-gb-accordion gb-block-accordion gb-font-size-20\"><details><summary class=\"gb-accordion-title\"><strong>\u00bfSe entrega certificado?<\/strong><\/summary><div class=\"gb-accordion-text\">\n<p>No se emite certificado. Tampoco se resuelven trabajos pr\u00e1cticos.<\/p>\n<\/div><\/details><\/div>\n\n\n\n<div class=\"wp-block-genesis-blocks-gb-accordion gb-block-accordion gb-font-size-20\"><details><summary class=\"gb-accordion-title\"><strong>\u00bfY si quiero obtener un certificado?<\/strong><\/summary><div class=\"gb-accordion-text\">\n<p>Si el alumno desea obtener un&nbsp;certificado de aprobaci\u00f3n, puede rendir un examen integrador complementario. En este caso el valor total de curso + certificado es de U$S 150.-<\/p>\n<\/div><\/details><\/div>\n\n\n\n<div class=\"wp-block-genesis-blocks-gb-accordion gb-block-accordion gb-font-size-20\"><details><summary class=\"gb-accordion-title\"><strong>\u00bfCu\u00e1l es el valor total de cada curso?<\/strong><\/summary><div class=\"gb-accordion-text\">\n<p>Sala abierta U$D 100.-<br>Con certificaci\u00f3n U$D 150.-<br>Consultar valor para residentes argentinos.<\/p>\n<\/div><\/details><\/div>\n\n\n\n<div class=\"wp-block-genesis-blocks-gb-accordion gb-block-accordion gb-font-size-20\"><details><summary class=\"gb-accordion-title\"><strong>\u00bfCu\u00e1les son los medios de pago?<\/strong><\/summary><div class=\"gb-accordion-text\">\n<p>Desde Argentina: tarjeta de cr\u00e9dito, Rapipago, Pago F\u00e1cil via MercadoPago y transferencia\/dep\u00f3sito bancarios.<br>Desde el Exterior: tarjeta de cr\u00e9dito via PayPal.<\/p>\n<\/div><\/details><\/div>\n\n\n\n<div style=\"height:30px\" aria-hidden=\"true\" class=\"wp-block-spacer\"><\/div>\n\n\n\n<p class=\"has-text-align-center has-background\" style=\"background-color:#e4f2fa;font-size:22px\"><a href=\"https:\/\/www.portaldeinocuidad.com\/web\/capacitacion-blend\/\" target=\"_blank\" rel=\"noreferrer noopener\"><strong>Ver los temas de cursos<\/strong>.<\/a><\/p>\n\n\n\n<div style=\"height:30px\" aria-hidden=\"true\" class=\"wp-block-spacer\"><\/div>\n\n\n\n<p class=\"has-text-align-center\" style=\"font-size:22px\">\u00bfC\u00f3mo me inscribo?<\/p>\n\n\n\n<p class=\"has-text-align-center\" style=\"font-size:22px\"><strong><a href=\"contacto@portaldeinocuidad.com\" data-type=\"link\" data-id=\"contacto@portaldeinocuidad.com\">\u00a1Escr\u00edbanos y le enviaremos toda la informaci\u00f3n!<\/a><\/strong><\/p>\n","protected":false},"excerpt":{"rendered":"<p>\u00a1Capac\u00edtese a su propio ritmo! Disfrute de la modalidad Sala Abierta, estudiando a su ritmo. Significa que el alumno acceder\u00e1 a todos los contenidos del curso comprado, desde el primer momento (una vez realizado el pago y que la tutora lo haya habilitado). Podr\u00e1 dejar todas sus dudas en un foro de consultas generales. La&nbsp;sala [&hellip;]<\/p>\n","protected":false},"author":1,"featured_media":19264,"parent":0,"menu_order":0,"comment_status":"closed","ping_status":"closed","template":"","meta":{"_genesis_hide_title":false,"_genesis_hide_breadcrumbs":false,"_genesis_hide_singular_image":false,"_genesis_hide_footer_widgets":false,"_genesis_custom_body_class":"","_genesis_custom_post_class":"","_genesis_layout":"full-width-content","footnotes":""},"class_list":{"0":"post-16552","1":"page","2":"type-page","3":"status-publish","4":"has-post-thumbnail","6":"entry"},"featured_image_src":"https:\/\/www.portaldeinocuidad.com\/web\/wp-content\/uploads\/2022\/05\/cursos-sala-abierta-600x400.jpg","featured_image_src_square":"https:\/\/www.portaldeinocuidad.com\/web\/wp-content\/uploads\/2022\/05\/cursos-sala-abierta-600x600.jpg","_links":{"self":[{"href":"https:\/\/www.portaldeinocuidad.com\/web\/wp-json\/wp\/v2\/pages\/16552","targetHints":{"allow":["GET"]}}],"collection":[{"href":"https:\/\/www.portaldeinocuidad.com\/web\/wp-json\/wp\/v2\/pages"}],"about":[{"href":"https:\/\/www.portaldeinocuidad.com\/web\/wp-json\/wp\/v2\/types\/page"}],"author":[{"embeddable":true,"href":"https:\/\/www.portaldeinocuidad.com\/web\/wp-json\/wp\/v2\/users\/1"}],"replies":[{"embeddable":true,"href":"https:\/\/www.portaldeinocuidad.com\/web\/wp-json\/wp\/v2\/comments?post=16552"}],"version-history":[{"count":150,"href":"https:\/\/www.portaldeinocuidad.com\/web\/wp-json\/wp\/v2\/pages\/16552\/revisions"}],"predecessor-version":[{"id":29301,"href":"https:\/\/www.portaldeinocuidad.com\/web\/wp-json\/wp\/v2\/pages\/16552\/revisions\/29301"}],"wp:featuredmedia":[{"embeddable":true,"href":"https:\/\/www.portaldeinocuidad.com\/web\/wp-json\/wp\/v2\/media\/19264"}],"wp:attachment":[{"href":"https:\/\/www.portaldeinocuidad.com\/web\/wp-json\/wp\/v2\/media?parent=16552"}],"curies":[{"name":"wp","href":"https:\/\/api.w.org\/{rel}","templated":true}]}}