{"id":1641,"date":"2018-06-07T18:45:30","date_gmt":"2018-06-07T18:45:30","guid":{"rendered":"https:\/\/www.portaldeinocuidad.com\/web\/?page_id=1641"},"modified":"2025-05-27T19:29:08","modified_gmt":"2025-05-27T22:29:08","slug":"nosotros","status":"publish","type":"page","link":"https:\/\/www.portaldeinocuidad.com\/web\/nosotros\/","title":{"rendered":"Nosotros"},"content":{"rendered":"\n<h2 class=\"wp-block-heading has-text-align-center\">Qui\u00e9nes somos y qu\u00e9 hacemos<\/h2>\n\n\n\n<div style=\"height:30px\" aria-hidden=\"true\" class=\"wp-block-spacer\"><\/div>\n\n\n<div class=\"wp-block-image is-resized is-style-default\">\n<figure class=\"alignright size-full\"><img loading=\"lazy\" decoding=\"async\" width=\"500\" height=\"500\" src=\"https:\/\/www.portaldeinocuidad.com\/web\/wp-content\/uploads\/2022\/03\/nosotros-quienes-somos-2.jpg\" alt=\"\" class=\"wp-image-18305\" srcset=\"https:\/\/www.portaldeinocuidad.com\/web\/wp-content\/uploads\/2022\/03\/nosotros-quienes-somos-2.jpg 500w, https:\/\/www.portaldeinocuidad.com\/web\/wp-content\/uploads\/2022\/03\/nosotros-quienes-somos-2-300x300.jpg 300w, https:\/\/www.portaldeinocuidad.com\/web\/wp-content\/uploads\/2022\/03\/nosotros-quienes-somos-2-150x150.jpg 150w, https:\/\/www.portaldeinocuidad.com\/web\/wp-content\/uploads\/2022\/03\/nosotros-quienes-somos-2-100x100.jpg 100w\" sizes=\"auto, (max-width: 500px) 100vw, 500px\" \/><\/figure>\n<\/div>\n\n\n<p class=\"has-medium-font-size\">Somos un <a href=\"https:\/\/www.portaldeinocuidad.com\/web\/equipo\/\" data-type=\"page\" data-id=\"1643\">equipo multidisciplinario<\/a> que prestamos <strong>asesoramiento cient\u00edfico-t\u00e9cnico, capacitamos, y guiamos y acompa\u00f1amos paso a paso<\/strong> a empresas y profesionales del sector alimentario en:<\/p>\n\n\n\n<ul class=\"wp-block-list\">\n<li>Implementaci\u00f3n, optimizaci\u00f3n, mejora y\/o documentaci\u00f3n de sistemas de gesti\u00f3n y aseguramiento de la calidad (BPM, HACCP, POES, GIP, etc), y de todos los procesos, procedimientos y actividades que los componen (muestreos, validaciones, monitoreos, vigilancias, auditorias, chequeos, certificaciones, etc.), <\/li>\n<\/ul>\n\n\n\n<ul class=\"wp-block-list\">\n<li>Implementaci\u00f3n, para la certificaci\u00f3n o re-certificaci\u00f3n, de normas alimentarias locales, internacionales o de clientes,  <\/li>\n<\/ul>\n\n\n\n<ul class=\"wp-block-list\">\n<li>Planificaci\u00f3n de construcciones, ampliaciones y adecuaciones edilicias seg\u00fan requisitos sanitarios establecidos por los diferentes pa\u00edses.<\/li>\n<\/ul>\n\n\n\n<div class=\"wp-block-genesis-blocks-gb-columns gb-layout-columns-1 one-column\"><div class=\"gb-layout-column-wrap gb-block-layout-column-gap-2 gb-is-responsive-column\">\n<div class=\"wp-block-genesis-blocks-gb-column gb-block-layout-column\"><div class=\"gb-block-layout-column-inner gb-has-custom-background-color\" style=\"padding-top:20px;padding-bottom:20px;background-color:#f7f7f7\">\n<h2 class=\"wp-block-heading has-text-align-center\">Si sus objetivos son:<\/h2>\n\n\n\n<div class=\"wp-block-genesis-blocks-gb-columns gb-layout-columns-1 one-column\"><div class=\"gb-layout-column-wrap gb-block-layout-column-gap-2 gb-is-responsive-column\">\n<div class=\"wp-block-genesis-blocks-gb-column gb-block-layout-column\"><div class=\"gb-block-layout-column-inner gb-has-custom-background-color\" style=\"padding-top:20px;padding-right:40px;padding-bottom:20px;padding-left:40px;background-color:#f7f7f7\">\n<ul class=\"wp-block-list\">\n<li>Proteger la salud de sus consumidores: ofreciendo alimentos inocuos y seguros, cumpliendo con las legislaciones y normas del mercado.<\/li>\n\n\n\n<li>Ahorrar dinero: produciendo de forma m\u00e1s efectiva, a menores costes.<\/li>\n\n\n\n<li>Poner en marcha el emprendimiento alimentario que tiene en mente y que no sabe por d\u00f3nde empezar!<\/li>\n\n\n\n<li>Ganar competitividad:&nbsp; para posicionar a su empresa\/producto por sobre los competidores, y que su marca sea garant\u00eda de confianza, seguridad y calidad.<\/li>\n\n\n\n<li>Internacionalizar su empresa: y llegar a \u201ccada rinc\u00f3n del planeta\u201d, consiguiendo nuevas oportunidades de negocio, diversificando sus mercados o adapt\u00e1ndose a los ya existentes.<\/li>\n\n\n\n<li>Lograr crecimiento y alcanzar la sostenibilidad de forma efectiva.<\/li>\n\n\n\n<li>Evitar \u201cquedarse en el tiempo\u201d innovando en procesos y productos.<\/li>\n<\/ul>\n\n\n\n<p class=\"has-text-align-center\" style=\"font-size:22px\"><strong>Entonces, trabajemos juntos para lograr lo que sea que se propongan, y obtendr\u00e1n una soluci\u00f3n modelada espec\u00edficamente a su caso y necesidad.<\/strong><\/p>\n\n\n<div class=\"wp-block-image\">\n<figure class=\"aligncenter size-thumbnail is-resized\"><a href=\"https:\/\/wa.me\/13464098386\" target=\"_blank\" rel=\" noreferrer noopener\"><img loading=\"lazy\" decoding=\"async\" width=\"150\" height=\"150\" src=\"https:\/\/www.portaldeinocuidad.com\/web\/wp-content\/uploads\/2025\/05\/whatsapp-pi-150x150.png\" alt=\"Coordinar una entrevista gratuita.\" class=\"wp-image-29456\" style=\"object-fit:cover;width:80px;height:80px\" srcset=\"https:\/\/www.portaldeinocuidad.com\/web\/wp-content\/uploads\/2025\/05\/whatsapp-pi-150x150.png 150w, https:\/\/www.portaldeinocuidad.com\/web\/wp-content\/uploads\/2025\/05\/whatsapp-pi-300x300.png 300w, https:\/\/www.portaldeinocuidad.com\/web\/wp-content\/uploads\/2025\/05\/whatsapp-pi.png 512w\" sizes=\"auto, (max-width: 150px) 100vw, 150px\" \/><\/a><\/figure>\n<\/div>\n\n\n<div class=\"wp-block-buttons alignwide is-content-justification-center is-layout-flex wp-container-core-buttons-is-layout-16018d1d wp-block-buttons-is-layout-flex\">\n<div class=\"wp-block-button has-custom-width wp-block-button__width-50 is-style-outline is-style-outline--1\"><a class=\"wp-block-button__link has-white-color has-text-color has-background has-custom-font-size wp-element-button\" href=\"https:\/\/wa.me\/13464098386\" style=\"background-color:#54cc61;font-size:16px\" target=\"_blank\" rel=\"noreferrer noopener\"><strong>COORDINAR UNA ENTREVISTA GRATUITA<\/strong><\/a><\/div>\n<\/div>\n<\/div><\/div>\n<\/div><\/div>\n<\/div><\/div>\n<\/div><\/div>\n\n\n\n<div style=\"height:30px\" aria-hidden=\"true\" class=\"wp-block-spacer\"><\/div>\n\n\n\n<h2 class=\"wp-block-heading\">Por qu\u00e9 lo hacemos<\/h2>\n\n\n\n<p style=\"font-size:22px\"><strong>Por varias razones<\/strong>:<\/p>\n\n\n<div class=\"wp-block-image is-resized\">\n<figure class=\"alignright size-full\"><img loading=\"lazy\" decoding=\"async\" width=\"500\" height=\"500\" src=\"https:\/\/www.portaldeinocuidad.com\/web\/wp-content\/uploads\/2022\/03\/nosotros-objetivos.jpg\" alt=\"\" class=\"wp-image-18323\" srcset=\"https:\/\/www.portaldeinocuidad.com\/web\/wp-content\/uploads\/2022\/03\/nosotros-objetivos.jpg 500w, https:\/\/www.portaldeinocuidad.com\/web\/wp-content\/uploads\/2022\/03\/nosotros-objetivos-300x300.jpg 300w, https:\/\/www.portaldeinocuidad.com\/web\/wp-content\/uploads\/2022\/03\/nosotros-objetivos-150x150.jpg 150w, https:\/\/www.portaldeinocuidad.com\/web\/wp-content\/uploads\/2022\/03\/nosotros-objetivos-100x100.jpg 100w\" sizes=\"auto, (max-width: 500px) 100vw, 500px\" \/><\/figure>\n<\/div>\n\n\n<p><strong><em>Uno:<\/em><\/strong> Estuvimos en su lugar! sol\u00edamos pensar con frecuencia<em> \u201cno doy abasto, necesito una mano derecha\u201d, \u201cno me alcanza el tiempo!\u201d, \u201cnecesito clonarme para atender todos los asuntos\u201d, \u201cesto se puede mejorar, pero c\u00f3mo?\u201d, \u201cno s\u00e9 por d\u00f3nde empezar, necesito asesoramiento\u201d, \u201cnecesito saber espec\u00edficamente qu\u00e9 y c\u00f3mo hacer esto\u201d<\/em>\u2026<\/p>\n\n\n\n<p><strong><em>Dos:<\/em><\/strong> creemos en la pr\u00e1ctica por sobre la teor\u00eda. Ofrecemos informaci\u00f3n cient\u00edfico t\u00e9cnica de alta calidad, pero enfocamos el asesoramiento y capacitaci\u00f3n en el desarrollo del pensamiento cr\u00edtico, y la adquisici\u00f3n de metodolog\u00edas <em>\u201cready to use\u201d<\/em>. Es decir, que se pueden implementar inmediatamente sobre los casos espec\u00edficos de la empresa, lo que permite ir transformando los conocimientos en h\u00e1bitos, pr\u00e1cticas y acciones cotidianas, y as\u00ed enfrentar cualquier situaci\u00f3n a medida que se presenta con un claro ahorro de tiempo.<\/p>\n\n\n\n<p><strong><em>Tres:<\/em><\/strong> queremos que dejen de preguntarse <em>\u201c\u00bfestaremos haci\u00e9ndolo bien?\u201d<\/em> y ganen la convicci\u00f3n de <em>\u201cas\u00ed es como hay que hacerlo!\u201d<\/em>. Los llevamos de la mano con metodolog\u00edas y formas de trabajo probadas, que les permitir\u00e1n validar cada paso dado, ganar autonom\u00eda y seguridad, para que se desenvuelvan sin la necesidad de que estemos siempre presentes, y sobre todo, est\u00e9n completamente preparados para resolver situaciones similares a futuro.<\/p>\n\n\n\n<h2 class=\"wp-block-heading\">D\u00f3nde nos encuentran<\/h2>\n\n\n\n<p>Nuestra sede central se encuentra en Buenos Aires, Argentina. Tenemos representaciones en Colombia, Ecuador y Espa\u00f1a. <strong>Y trabajamos de forma remota con toda la comunidad hispanoparlante!<\/strong><\/p>\n\n\n\n<p><strong><a rel=\"noreferrer noopener\" href=\"https:\/\/www.portaldeinocuidad.com\/web\/equipo\/\" target=\"_blank\">Conocer <\/a><a href=\"https:\/\/www.portaldeinocuidad.com\/web\/equipo\/\" target=\"_blank\" rel=\"noreferrer noopener\">a<\/a><a rel=\"noreferrer noopener\" href=\"https:\/\/www.portaldeinocuidad.com\/web\/equipo\/\" target=\"_blank\">l Equipo.<\/a><\/strong><\/p>\n","protected":false},"excerpt":{"rendered":"<p>Qui\u00e9nes somos y qu\u00e9 hacemos Somos un equipo multidisciplinario que prestamos asesoramiento cient\u00edfico-t\u00e9cnico, capacitamos, y guiamos y acompa\u00f1amos paso a paso a empresas y profesionales del sector alimentario en: Por qu\u00e9 lo hacemos Por varias razones: Uno: Estuvimos en su lugar! sol\u00edamos pensar con frecuencia \u201cno doy abasto, necesito una mano derecha\u201d, \u201cno me alcanza [&hellip;]<\/p>\n","protected":false},"author":1,"featured_media":19665,"parent":0,"menu_order":0,"comment_status":"closed","ping_status":"closed","template":"","meta":{"_genesis_hide_title":false,"_genesis_hide_breadcrumbs":false,"_genesis_hide_singular_image":false,"_genesis_hide_footer_widgets":false,"_genesis_custom_body_class":"","_genesis_custom_post_class":"","_genesis_layout":"full-width-content","footnotes":""},"class_list":{"0":"post-1641","1":"page","2":"type-page","3":"status-publish","4":"has-post-thumbnail","6":"entry"},"featured_image_src":"https:\/\/www.portaldeinocuidad.com\/web\/wp-content\/uploads\/2022\/06\/nosotros-600x400.jpg","featured_image_src_square":"https:\/\/www.portaldeinocuidad.com\/web\/wp-content\/uploads\/2022\/06\/nosotros-600x600.jpg","_links":{"self":[{"href":"https:\/\/www.portaldeinocuidad.com\/web\/wp-json\/wp\/v2\/pages\/1641","targetHints":{"allow":["GET"]}}],"collection":[{"href":"https:\/\/www.portaldeinocuidad.com\/web\/wp-json\/wp\/v2\/pages"}],"about":[{"href":"https:\/\/www.portaldeinocuidad.com\/web\/wp-json\/wp\/v2\/types\/page"}],"author":[{"embeddable":true,"href":"https:\/\/www.portaldeinocuidad.com\/web\/wp-json\/wp\/v2\/users\/1"}],"replies":[{"embeddable":true,"href":"https:\/\/www.portaldeinocuidad.com\/web\/wp-json\/wp\/v2\/comments?post=1641"}],"version-history":[{"count":27,"href":"https:\/\/www.portaldeinocuidad.com\/web\/wp-json\/wp\/v2\/pages\/1641\/revisions"}],"predecessor-version":[{"id":29466,"href":"https:\/\/www.portaldeinocuidad.com\/web\/wp-json\/wp\/v2\/pages\/1641\/revisions\/29466"}],"wp:featuredmedia":[{"embeddable":true,"href":"https:\/\/www.portaldeinocuidad.com\/web\/wp-json\/wp\/v2\/media\/19665"}],"wp:attachment":[{"href":"https:\/\/www.portaldeinocuidad.com\/web\/wp-json\/wp\/v2\/media?parent=1641"}],"curies":[{"name":"wp","href":"https:\/\/api.w.org\/{rel}","templated":true}]}}