{"id":1639,"date":"2018-06-07T18:45:20","date_gmt":"2018-06-07T18:45:20","guid":{"rendered":"https:\/\/www.portaldeinocuidad.com\/web\/?page_id=1639"},"modified":"2025-05-05T15:53:40","modified_gmt":"2025-05-05T18:53:40","slug":"servicios","status":"publish","type":"page","link":"https:\/\/www.portaldeinocuidad.com\/web\/servicios\/","title":{"rendered":"Servicios"},"content":{"rendered":"\n<h2 class=\"wp-block-heading has-text-align-center\">L\u00edderes en la soluci\u00f3n de necesidades del sector alimentario<\/h2>\n\n\n\n<p class=\"has-text-align-center\" style=\"font-size:22px\">Asesoramiento cient\u00edfico-t\u00e9cnico, capacitaci\u00f3n y gu\u00eda paso a paso&nbsp;a empresas y profesionales.<\/p>\n\n\n\n<p class=\"has-text-align-center\" style=\"font-size:22px\">Lo invitamos a conocer nuestros servicios.<\/p>\n\n\n\n<div style=\"height:30px\" aria-hidden=\"true\" class=\"wp-block-spacer\"><\/div>\n\n\n\n<div class=\"wp-block-genesis-blocks-gb-columns gb-layout-columns-2 gb-2-col-equal\"><div class=\"gb-layout-column-wrap gb-block-layout-column-gap-2 gb-is-responsive-column\">\n<div class=\"wp-block-genesis-blocks-gb-column gb-block-layout-column\"><div class=\"gb-block-layout-column-inner\">\n<figure class=\"wp-block-image size-large\"><img loading=\"lazy\" decoding=\"async\" width=\"1024\" height=\"683\" src=\"https:\/\/www.portaldeinocuidad.com\/web\/wp-content\/uploads\/2022\/06\/servicios-consultoria-y-mentoring-1024x683.jpg\" alt=\"Consultor\u00eda.\" class=\"wp-image-19830\" srcset=\"https:\/\/www.portaldeinocuidad.com\/web\/wp-content\/uploads\/2022\/06\/servicios-consultoria-y-mentoring-1024x683.jpg 1024w, https:\/\/www.portaldeinocuidad.com\/web\/wp-content\/uploads\/2022\/06\/servicios-consultoria-y-mentoring-300x200.jpg 300w, https:\/\/www.portaldeinocuidad.com\/web\/wp-content\/uploads\/2022\/06\/servicios-consultoria-y-mentoring-768x512.jpg 768w, https:\/\/www.portaldeinocuidad.com\/web\/wp-content\/uploads\/2022\/06\/servicios-consultoria-y-mentoring-640x427.jpg 640w, https:\/\/www.portaldeinocuidad.com\/web\/wp-content\/uploads\/2022\/06\/servicios-consultoria-y-mentoring-600x400.jpg 600w, https:\/\/www.portaldeinocuidad.com\/web\/wp-content\/uploads\/2022\/06\/servicios-consultoria-y-mentoring.jpg 1200w\" sizes=\"auto, (max-width: 1024px) 100vw, 1024px\" \/><\/figure>\n<\/div><\/div>\n\n\n\n<div class=\"wp-block-genesis-blocks-gb-column gb-block-layout-column\"><div class=\"gb-block-layout-column-inner\">\n<h3 class=\"wp-block-heading\" style=\"font-size:28px\">Consultor\u00eda <\/h3>\n\n\n\n<p class=\"has-medium-font-size\">Consultor\u00eda, Asistencia T\u00e9cnica y Mentor\u00eda&nbsp;a medida de sus necesidades, confidencial y validados con respaldo t\u00e9cnico-cient\u00edfico.<\/p>\n\n\n\n<p><a href=\"https:\/\/www.portaldeinocuidad.com\/web\/consultoria\/\" target=\"_blank\" rel=\"noreferrer noopener\">Conocer m\u00e1s<\/a>.<\/p>\n<\/div><\/div>\n<\/div><\/div>\n\n\n\n<div style=\"height:40px\" aria-hidden=\"true\" class=\"wp-block-spacer\"><\/div>\n\n\n\n<div aria-hidden=\"true\" class=\"wp-block-spacer\"><\/div>\n\n\n\n<div class=\"wp-block-genesis-blocks-gb-columns gb-layout-columns-2 gb-2-col-equal\"><div class=\"gb-layout-column-wrap gb-block-layout-column-gap-2 gb-is-responsive-column\">\n<div class=\"wp-block-genesis-blocks-gb-column gb-block-layout-column\"><div class=\"gb-block-layout-column-inner\">\n<figure class=\"wp-block-image size-large\"><img loading=\"lazy\" decoding=\"async\" width=\"1024\" height=\"683\" src=\"https:\/\/www.portaldeinocuidad.com\/web\/wp-content\/uploads\/2022\/06\/servicios-capacitacion-1024x683.jpg\" alt=\"Capacitaci\u00f3n\" class=\"wp-image-19803\" srcset=\"https:\/\/www.portaldeinocuidad.com\/web\/wp-content\/uploads\/2022\/06\/servicios-capacitacion-1024x683.jpg 1024w, https:\/\/www.portaldeinocuidad.com\/web\/wp-content\/uploads\/2022\/06\/servicios-capacitacion-300x200.jpg 300w, https:\/\/www.portaldeinocuidad.com\/web\/wp-content\/uploads\/2022\/06\/servicios-capacitacion-768x512.jpg 768w, https:\/\/www.portaldeinocuidad.com\/web\/wp-content\/uploads\/2022\/06\/servicios-capacitacion-640x427.jpg 640w, https:\/\/www.portaldeinocuidad.com\/web\/wp-content\/uploads\/2022\/06\/servicios-capacitacion-600x400.jpg 600w, https:\/\/www.portaldeinocuidad.com\/web\/wp-content\/uploads\/2022\/06\/servicios-capacitacion.jpg 1200w\" sizes=\"auto, (max-width: 1024px) 100vw, 1024px\" \/><\/figure>\n<\/div><\/div>\n\n\n\n<div class=\"wp-block-genesis-blocks-gb-column gb-block-layout-column\"><div class=\"gb-block-layout-column-inner\">\n<h3 class=\"wp-block-heading\" style=\"font-size:28px\">Capacitaci\u00f3n<\/h3>\n\n\n\n<p class=\"has-medium-font-size\">Obtenga herramientas suficientes para poder interpretar los contenidos e implementarlos adecuadamente.<\/p>\n\n\n\n<p><a href=\"https:\/\/www.portaldeinocuidad.com\/web\/capacitacion\/\" target=\"_blank\" rel=\"noreferrer noopener\">Conocer m\u00e1s<\/a>.<\/p>\n<\/div><\/div>\n<\/div><\/div>\n\n\n\n<div style=\"height:40px\" aria-hidden=\"true\" class=\"wp-block-spacer\"><\/div>\n\n\n\n<div class=\"wp-block-genesis-blocks-gb-columns gb-layout-columns-2 gb-2-col-equal\"><div class=\"gb-layout-column-wrap gb-block-layout-column-gap-2 gb-is-responsive-column\">\n<div class=\"wp-block-genesis-blocks-gb-column gb-block-layout-column\"><div class=\"gb-block-layout-column-inner\">\n<figure class=\"wp-block-image size-large\"><img loading=\"lazy\" decoding=\"async\" width=\"1024\" height=\"683\" src=\"https:\/\/www.portaldeinocuidad.com\/web\/wp-content\/uploads\/2019\/11\/etapas-de-la-auditoria-animada-ifs-1024x683.jpg\" alt=\"\" class=\"wp-image-6638\" srcset=\"https:\/\/www.portaldeinocuidad.com\/web\/wp-content\/uploads\/2019\/11\/etapas-de-la-auditoria-animada-ifs-1024x683.jpg 1024w, https:\/\/www.portaldeinocuidad.com\/web\/wp-content\/uploads\/2019\/11\/etapas-de-la-auditoria-animada-ifs-300x200.jpg 300w, https:\/\/www.portaldeinocuidad.com\/web\/wp-content\/uploads\/2019\/11\/etapas-de-la-auditoria-animada-ifs-768x512.jpg 768w, https:\/\/www.portaldeinocuidad.com\/web\/wp-content\/uploads\/2019\/11\/etapas-de-la-auditoria-animada-ifs-640x427.jpg 640w, https:\/\/www.portaldeinocuidad.com\/web\/wp-content\/uploads\/2019\/11\/etapas-de-la-auditoria-animada-ifs.jpg 1200w\" sizes=\"auto, (max-width: 1024px) 100vw, 1024px\" \/><\/figure>\n<\/div><\/div>\n\n\n\n<div class=\"wp-block-genesis-blocks-gb-column gb-block-layout-column\"><div class=\"gb-block-layout-column-inner\">\n<h3 class=\"wp-block-heading\" style=\"font-size:28px\">Auditor\u00edas<\/h3>\n\n\n\n<p class=\"has-medium-font-size\">Auditor\u00edas de diagn\u00f3stico, internas, de proveedores y segunda parte. En sitio y en forma remota.<\/p>\n\n\n\n<p><a href=\"https:\/\/www.portaldeinocuidad.com\/web\/auditorias\/\" target=\"_blank\" rel=\"noreferrer noopener\">Conocer m\u00e1s<\/a>.<\/p>\n<\/div><\/div>\n<\/div><\/div>\n\n\n\n<div style=\"height:40px\" aria-hidden=\"true\" class=\"wp-block-spacer\"><\/div>\n\n\n\n<div class=\"wp-block-genesis-blocks-gb-columns gb-layout-columns-2 gb-2-col-equal\"><div class=\"gb-layout-column-wrap gb-block-layout-column-gap-2 gb-is-responsive-column\">\n<div class=\"wp-block-genesis-blocks-gb-column gb-block-layout-column\"><div class=\"gb-block-layout-column-inner\">\n<figure class=\"wp-block-image size-large\"><img loading=\"lazy\" decoding=\"async\" width=\"1024\" height=\"683\" src=\"https:\/\/www.portaldeinocuidad.com\/web\/wp-content\/uploads\/2022\/06\/servicios-diseno-higienico-1024x683.jpg\" alt=\"Dise\u00f1o Higi\u00e9nico de Plantas de Alimentos.\" class=\"wp-image-19832\" srcset=\"https:\/\/www.portaldeinocuidad.com\/web\/wp-content\/uploads\/2022\/06\/servicios-diseno-higienico-1024x683.jpg 1024w, https:\/\/www.portaldeinocuidad.com\/web\/wp-content\/uploads\/2022\/06\/servicios-diseno-higienico-300x200.jpg 300w, https:\/\/www.portaldeinocuidad.com\/web\/wp-content\/uploads\/2022\/06\/servicios-diseno-higienico-768x512.jpg 768w, https:\/\/www.portaldeinocuidad.com\/web\/wp-content\/uploads\/2022\/06\/servicios-diseno-higienico-640x427.jpg 640w, https:\/\/www.portaldeinocuidad.com\/web\/wp-content\/uploads\/2022\/06\/servicios-diseno-higienico-600x400.jpg 600w, https:\/\/www.portaldeinocuidad.com\/web\/wp-content\/uploads\/2022\/06\/servicios-diseno-higienico.jpg 1200w\" sizes=\"auto, (max-width: 1024px) 100vw, 1024px\" \/><\/figure>\n<\/div><\/div>\n\n\n\n<div class=\"wp-block-genesis-blocks-gb-column gb-block-layout-column\"><div class=\"gb-block-layout-column-inner\">\n<h3 class=\"wp-block-heading\" style=\"font-size:28px\">Dise\u00f1o Higi\u00e9nico de Plantas de Alimentos<\/h3>\n\n\n\n<p>Asesoramos y&nbsp;dise\u00f1amos plantas de alimentos&nbsp;ajustadas a las necesidades del cliente, la normatividad sanitaria vigente y bajo est\u00e1ndares internacionales. <\/p>\n\n\n\n<p><a href=\"https:\/\/www.portaldeinocuidad.com\/web\/diseno-higienico-de-plantas-de-alimentos\/\" target=\"_blank\" rel=\"noreferrer noopener\">Conocer m\u00e1s.<\/a><\/p>\n<\/div><\/div>\n<\/div><\/div>\n\n\n\n<div style=\"height:40px\" aria-hidden=\"true\" class=\"wp-block-spacer\"><\/div>\n\n\n\n<div class=\"wp-block-genesis-blocks-gb-columns gb-layout-columns-2 gb-2-col-equal\"><div class=\"gb-layout-column-wrap gb-block-layout-column-gap-2 gb-is-responsive-column\">\n<div class=\"wp-block-genesis-blocks-gb-column gb-block-layout-column\"><div class=\"gb-block-layout-column-inner\">\n<figure class=\"wp-block-image size-large\"><img loading=\"lazy\" decoding=\"async\" width=\"1024\" height=\"683\" src=\"https:\/\/www.portaldeinocuidad.com\/web\/wp-content\/uploads\/2019\/12\/mejora-continua-1024x683.jpg\" alt=\"Consultor\u00eda en Mejora Continua\" class=\"wp-image-7106\" srcset=\"https:\/\/www.portaldeinocuidad.com\/web\/wp-content\/uploads\/2019\/12\/mejora-continua-1024x683.jpg 1024w, https:\/\/www.portaldeinocuidad.com\/web\/wp-content\/uploads\/2019\/12\/mejora-continua-300x200.jpg 300w, https:\/\/www.portaldeinocuidad.com\/web\/wp-content\/uploads\/2019\/12\/mejora-continua-768x512.jpg 768w, https:\/\/www.portaldeinocuidad.com\/web\/wp-content\/uploads\/2019\/12\/mejora-continua-640x427.jpg 640w, https:\/\/www.portaldeinocuidad.com\/web\/wp-content\/uploads\/2019\/12\/mejora-continua.jpg 1200w\" sizes=\"auto, (max-width: 1024px) 100vw, 1024px\" \/><\/figure>\n<\/div><\/div>\n\n\n\n<div class=\"wp-block-genesis-blocks-gb-column gb-block-layout-column\"><div class=\"gb-block-layout-column-inner\">\n<h3 class=\"wp-block-heading\" style=\"font-size:28px\">Mejora de Procesos<\/h3>\n\n\n\n<p>Ayudamos a mejorar, y mejoramos, todos los procesos organizacionales, basados en Kaizen y Cambio Cultural.<\/p>\n\n\n\n<p><a href=\"https:\/\/www.portaldeinocuidad.com\/web\/mejora-de-procesos\/\" target=\"_blank\" rel=\"noreferrer noopener\">Conocer m\u00e1s.<\/a><\/p>\n<\/div><\/div>\n<\/div><\/div>\n\n\n\n<div style=\"height:40px\" aria-hidden=\"true\" class=\"wp-block-spacer\"><\/div>\n\n\n\n<p><strong><a href=\"https:\/\/www.portaldeinocuidad.com\/web\/clientes\/\" target=\"_blank\" rel=\"noreferrer noopener\">Conocer a nuestros clientes<\/a>.<\/strong><\/p>\n","protected":false},"excerpt":{"rendered":"<p>L\u00edderes en la soluci\u00f3n de necesidades del sector alimentario Asesoramiento cient\u00edfico-t\u00e9cnico, capacitaci\u00f3n y gu\u00eda paso a paso&nbsp;a empresas y profesionales. Lo invitamos a conocer nuestros servicios. Conocer a nuestros clientes.<\/p>\n","protected":false},"author":1,"featured_media":19783,"parent":0,"menu_order":0,"comment_status":"closed","ping_status":"closed","template":"","meta":{"_genesis_hide_title":false,"_genesis_hide_breadcrumbs":false,"_genesis_hide_singular_image":false,"_genesis_hide_footer_widgets":false,"_genesis_custom_body_class":"","_genesis_custom_post_class":"","_genesis_layout":"full-width-content","footnotes":""},"class_list":{"0":"post-1639","1":"page","2":"type-page","3":"status-publish","4":"has-post-thumbnail","6":"entry"},"featured_image_src":"https:\/\/www.portaldeinocuidad.com\/web\/wp-content\/uploads\/2022\/06\/servicios-600x400.jpg","featured_image_src_square":"https:\/\/www.portaldeinocuidad.com\/web\/wp-content\/uploads\/2022\/06\/servicios-600x600.jpg","_links":{"self":[{"href":"https:\/\/www.portaldeinocuidad.com\/web\/wp-json\/wp\/v2\/pages\/1639","targetHints":{"allow":["GET"]}}],"collection":[{"href":"https:\/\/www.portaldeinocuidad.com\/web\/wp-json\/wp\/v2\/pages"}],"about":[{"href":"https:\/\/www.portaldeinocuidad.com\/web\/wp-json\/wp\/v2\/types\/page"}],"author":[{"embeddable":true,"href":"https:\/\/www.portaldeinocuidad.com\/web\/wp-json\/wp\/v2\/users\/1"}],"replies":[{"embeddable":true,"href":"https:\/\/www.portaldeinocuidad.com\/web\/wp-json\/wp\/v2\/comments?post=1639"}],"version-history":[{"count":49,"href":"https:\/\/www.portaldeinocuidad.com\/web\/wp-json\/wp\/v2\/pages\/1639\/revisions"}],"predecessor-version":[{"id":29271,"href":"https:\/\/www.portaldeinocuidad.com\/web\/wp-json\/wp\/v2\/pages\/1639\/revisions\/29271"}],"wp:featuredmedia":[{"embeddable":true,"href":"https:\/\/www.portaldeinocuidad.com\/web\/wp-json\/wp\/v2\/media\/19783"}],"wp:attachment":[{"href":"https:\/\/www.portaldeinocuidad.com\/web\/wp-json\/wp\/v2\/media?parent=1639"}],"curies":[{"name":"wp","href":"https:\/\/api.w.org\/{rel}","templated":true}]}}